{"id":962,"date":"2022-03-08T18:02:25","date_gmt":"2022-03-08T17:02:25","guid":{"rendered":"https:\/\/jrose.it\/distilleria\/"},"modified":"2023-07-06T09:34:51","modified_gmt":"2023-07-06T07:34:51","slug":"destillerie","status":"publish","type":"page","link":"https:\/\/jrose.it\/de\/destillerie\/","title":{"rendered":"Destillerie"},"content":{"rendered":"<div class=\"wpb-content-wrapper\"><p>[vc_row][vc_column][vc_column_text]<\/p>\n<h4 style=\"text-align: center;\">Wenn man sich in den zarten Noten des J.Rose verliert, besteht das Sch\u00f6ne darin, in raffinierte D\u00fcfte einzutauchen, die kostbare Pflanzen-Aromen freigeben und sich von der Nase zum Gaumen verbreiten.<\/h4>\n<h3 style=\"text-align: center;\">Um die Eigenschaften jeder einzelnen Pflanze hervorzuheben, haben wir entschieden, den J.Rose mit dem M\u00fcller Destillierkolben herzustellen, eine einzigartige handwerkliche T\u00e4tigkeit, um einen Gin von au\u00dfergew\u00f6hnlicher Machart hervorzubringen.<\/h3>\n<p>&nbsp;<\/p>\n<p>&nbsp;[\/vc_column_text][\/vc_column][\/vc_row][vc_row][vc_column][vc_single_image image=&#8221;3384&#8243; img_size=&#8221;full&#8221; alignment=&#8221;center&#8221;][\/vc_column][\/vc_row]<\/p>\n<\/div>","protected":false},"excerpt":{"rendered":"<p>[vc_row][vc_column][vc_column_text] Wenn man sich in den zarten Noten des J.Rose verliert, besteht das Sch\u00f6ne darin, in raffinierte D\u00fcfte einzutauchen, die kostbare Pflanzen-Aromen freigeben und sich von<span class=\"excerpt-hellip\"> [\u2026]<\/span><\/p>\n","protected":false},"author":1,"featured_media":0,"parent":0,"menu_order":0,"comment_status":"closed","ping_status":"closed","template":"","meta":{"footnotes":""},"class_list":["post-962","page","type-page","status-publish","hentry"],"_links":{"self":[{"href":"https:\/\/jrose.it\/de\/wp-json\/wp\/v2\/pages\/962","targetHints":{"allow":["GET"]}}],"collection":[{"href":"https:\/\/jrose.it\/de\/wp-json\/wp\/v2\/pages"}],"about":[{"href":"https:\/\/jrose.it\/de\/wp-json\/wp\/v2\/types\/page"}],"author":[{"embeddable":true,"href":"https:\/\/jrose.it\/de\/wp-json\/wp\/v2\/users\/1"}],"replies":[{"embeddable":true,"href":"https:\/\/jrose.it\/de\/wp-json\/wp\/v2\/comments?post=962"}],"version-history":[{"count":3,"href":"https:\/\/jrose.it\/de\/wp-json\/wp\/v2\/pages\/962\/revisions"}],"predecessor-version":[{"id":3389,"href":"https:\/\/jrose.it\/de\/wp-json\/wp\/v2\/pages\/962\/revisions\/3389"}],"wp:attachment":[{"href":"https:\/\/jrose.it\/de\/wp-json\/wp\/v2\/media?parent=962"}],"curies":[{"name":"wp","href":"https:\/\/api.w.org\/{rel}","templated":true}]}}