{"id":9920,"date":"2025-07-22T08:47:08","date_gmt":"2025-07-22T06:47:08","guid":{"rendered":"https:\/\/jrose.it\/recycle\/"},"modified":"2025-07-22T09:27:41","modified_gmt":"2025-07-22T07:27:41","slug":"recycle","status":"publish","type":"page","link":"https:\/\/jrose.it\/de\/recycle\/","title":{"rendered":"Recycle"},"content":{"rendered":"<div class=\"wpb-content-wrapper\"><p>[vc_row][vc_column][vc_empty_space][vc_single_image image=&#8221;9971&#8243; img_size=&#8221;full&#8221; alignment=&#8221;center&#8221; css=&#8221;&#8221;][vc_video link=&#8221;https:\/\/vimeo.com\/1103031001?share=copy&#8221; align=&#8221;center&#8221; css=&#8221;&#8221;][vc_separator css=&#8221;&#8221;][\/vc_column][\/vc_row][vc_row][vc_column][vc_column_text css=&#8221;&#8221;]<\/p>\n<h4 style=\"text-align: center;\"><span style=\"color: #000080;\"><strong>J.Rose-Flaschen sind nicht nur Beh\u00e4lter: Sie sind Sammlerst\u00fccke, ein Symbol f\u00fcr Stil und Kreativit\u00e4t.<\/strong><\/span><\/h4>\n<p>[\/vc_column_text][vc_single_image image=&#8221;9976&#8243; img_size=&#8221;full&#8221; alignment=&#8221;center&#8221; css=&#8221;&#8221;][vc_single_image image=&#8221;9981&#8243; img_size=&#8221;FULL&#8221; css=&#8221;&#8221;][\/vc_column][\/vc_row][vc_row][vc_column][vc_separator css=&#8221;&#8221;][\/vc_column][\/vc_row][vc_row][vc_column][vc_single_image image=&#8221;9986&#8243; img_size=&#8221;full&#8221; alignment=&#8221;center&#8221; css=&#8221;&#8221;][vc_single_image image=&#8221;9991&#8243; img_size=&#8221;FULL&#8221; css=&#8221;&#8221;][vc_column_text css=&#8221;&#8221;]<\/p>\n<p class=\"p1\" style=\"text-align: left;\">Es ist wichtig, die Flasche vom Verschluss und vom Etikett zu trennen, um sicherzustellen, dass die Materialien korrekt recycelt werden. F\u00fcr weitere Informationen zur M\u00fclltrennung in deiner Gegend kannst du deine Gemeinde oder das n\u00e4chstgelegene Recyclingzentrum kontaktieren.<\/p>\n<p>[\/vc_column_text][vc_empty_space][\/vc_column][\/vc_row]<\/p>\n<\/div>","protected":false},"excerpt":{"rendered":"<p>[vc_row][vc_column][vc_empty_space][vc_single_image image=&#8221;9971&#8243; img_size=&#8221;full&#8221; alignment=&#8221;center&#8221; css=&#8221;&#8221;][vc_video link=&#8221;https:\/\/vimeo.com\/1103031001?share=copy&#8221; align=&#8221;center&#8221; css=&#8221;&#8221;][vc_separator css=&#8221;&#8221;][\/vc_column][\/vc_row][vc_row][vc_column][vc_column_text css=&#8221;&#8221;] J.Rose-Flaschen sind nicht nur Beh\u00e4lter: Sie sind Sammlerst\u00fccke, ein Symbol f\u00fcr Stil und Kreativit\u00e4t. [\/vc_column_text][vc_single_image image=&#8221;9976&#8243;<span class=\"excerpt-hellip\"> [\u2026]<\/span><\/p>\n","protected":false},"author":1,"featured_media":0,"parent":0,"menu_order":0,"comment_status":"closed","ping_status":"closed","template":"","meta":{"footnotes":""},"class_list":["post-9920","page","type-page","status-publish","hentry"],"_links":{"self":[{"href":"https:\/\/jrose.it\/de\/wp-json\/wp\/v2\/pages\/9920","targetHints":{"allow":["GET"]}}],"collection":[{"href":"https:\/\/jrose.it\/de\/wp-json\/wp\/v2\/pages"}],"about":[{"href":"https:\/\/jrose.it\/de\/wp-json\/wp\/v2\/types\/page"}],"author":[{"embeddable":true,"href":"https:\/\/jrose.it\/de\/wp-json\/wp\/v2\/users\/1"}],"replies":[{"embeddable":true,"href":"https:\/\/jrose.it\/de\/wp-json\/wp\/v2\/comments?post=9920"}],"version-history":[{"count":1,"href":"https:\/\/jrose.it\/de\/wp-json\/wp\/v2\/pages\/9920\/revisions"}],"predecessor-version":[{"id":9996,"href":"https:\/\/jrose.it\/de\/wp-json\/wp\/v2\/pages\/9920\/revisions\/9996"}],"wp:attachment":[{"href":"https:\/\/jrose.it\/de\/wp-json\/wp\/v2\/media?parent=9920"}],"curies":[{"name":"wp","href":"https:\/\/api.w.org\/{rel}","templated":true}]}}