{"id":10598,"date":"2025-10-02T14:40:22","date_gmt":"2025-10-02T12:40:22","guid":{"rendered":"https:\/\/jrose.it\/shop\/j-rose-small-gift-bag\/"},"modified":"2025-12-10T14:21:23","modified_gmt":"2025-12-10T13:21:23","slug":"j-rose-small-gift-bag","status":"publish","type":"product","link":"https:\/\/jrose.it\/de\/shop\/j-rose-small-gift-bag\/","title":{"rendered":"J.Rose Kleine Geschenkt\u00fcte"},"content":{"rendered":"<p>&nbsp;<\/p>\n<p><span style=\"color: #003366;\">Vervollst\u00e4ndigen Sie Ihren Einkauf mit einem letzten Hauch von Eleganz. Diese stabile Tragetasche mit ihrem eleganten Design in Wei\u00df, Schwarz und Silber wurde speziell f\u00fcr jede Flasche von J.Rose entworfen. Sie ist die beste Wahl f\u00fcr ein makelloses Geschenk und passt perfekt f\u00fcr eine einzelne Flasche oder eine Flasche in ihrer Verpackung.<\/span><\/p>\n<p><span style=\"color: #003366;\">Eigenschaften:<\/span><\/p>\n<ul>\n<li class=\"ds-markdown-paragraph\"><span style=\"color: #003366;\"><strong>Material:<\/strong> Hochwertiger fester Karton, wei\u00df mit schwarzen Seiten<\/span><\/li>\n<li class=\"ds-markdown-paragraph\"><span style=\"color: #003366;\"><strong>Exklusives Design:<\/strong> J.Rose-Logo in Silber auf gepr\u00e4gtem Untergrund hei\u00dfgepr\u00e4gt.<\/span><\/li>\n<li class=\"ds-markdown-paragraph\"><span style=\"color: #003366;\"><strong>Bequemer Griff<\/strong>: Stabile schwarze Bandgriffe<\/span><\/li>\n<li class=\"ds-markdown-paragraph\"><span style=\"color: #003366;\"><strong>Perfekt f\u00fcr<\/strong>: Einzelne Flaschen und Flaschen mit Etui<\/span><\/li>\n<li class=\"ds-markdown-paragraph\"><span style=\"color: #003366;\"><strong>Abmessungen<\/strong>: 12x12x40 cm<\/span><\/li>\n<\/ul>\n<p>&nbsp;<\/p>\n<p><span style=\"color: #003366;\"><em>\u00a0<\/em><\/span><\/p>\n","protected":false},"excerpt":{"rendered":"<p>J.Rose Kleine Geschenkt\u00fcte<\/p>\n","protected":false},"featured_media":10524,"template":"","meta":[],"product_brand":[],"product_cat":[192],"product_tag":[],"class_list":{"0":"post-10598","1":"product","2":"type-product","3":"status-publish","4":"has-post-thumbnail","6":"product_cat-merchandising-de","8":"first","9":"outofstock","10":"taxable","11":"shipping-taxable","12":"purchasable","13":"product-type-simple"},"_links":{"self":[{"href":"https:\/\/jrose.it\/de\/wp-json\/wp\/v2\/product\/10598","targetHints":{"allow":["GET"]}}],"collection":[{"href":"https:\/\/jrose.it\/de\/wp-json\/wp\/v2\/product"}],"about":[{"href":"https:\/\/jrose.it\/de\/wp-json\/wp\/v2\/types\/product"}],"wp:featuredmedia":[{"embeddable":true,"href":"https:\/\/jrose.it\/de\/wp-json\/wp\/v2\/media\/10524"}],"wp:attachment":[{"href":"https:\/\/jrose.it\/de\/wp-json\/wp\/v2\/media?parent=10598"}],"wp:term":[{"taxonomy":"product_brand","embeddable":true,"href":"https:\/\/jrose.it\/de\/wp-json\/wp\/v2\/product_brand?post=10598"},{"taxonomy":"product_cat","embeddable":true,"href":"https:\/\/jrose.it\/de\/wp-json\/wp\/v2\/product_cat?post=10598"},{"taxonomy":"product_tag","embeddable":true,"href":"https:\/\/jrose.it\/de\/wp-json\/wp\/v2\/product_tag?post=10598"}],"curies":[{"name":"wp","href":"https:\/\/api.w.org\/{rel}","templated":true}]}}