{"id":1121,"date":"2024-06-11T18:14:29","date_gmt":"2024-06-11T16:14:29","guid":{"rendered":"https:\/\/jrose.it\/shop\/box-j-rose-london-dry-gin\/"},"modified":"2024-06-12T20:20:31","modified_gmt":"2024-06-12T18:20:31","slug":"box-j-rose-london-dry-gin","status":"publish","type":"product","link":"https:\/\/jrose.it\/de\/shop\/box-j-rose-london-dry-gin\/","title":{"rendered":"Box J.Rose London Dry Gin"},"content":{"rendered":"<p>Noch aufregender wird die Erfahrung durch die Verpackung: ein elegantes Schmuckk\u00e4stchen, das den J.Rose und 2 Gl\u00e4ser birgt und dessen Deckel sich in ein von Milo Manara authentifiziertes Bild verwandelt. Eine perfekte Kombination f\u00fcr eine raffinierte Geschenkidee.<\/p>\n<p>Nat\u00fcrliche Materialien wie Carrara-Marmor, Kreide und r\u00f6mischer Travertin sind die Hauptakteure einer Materialmischung mit langer italienischer Tradition. Das Ergebnis ist eine nat\u00fcrliche Oberfl\u00e4che, die jene der antiken Fresken heraufbeschw\u00f6rt. Sowohl der Deckel der Box als auch das Etikett des J.Rose sind mit dem Fresko verziert. Die handgefertigte Materialverzierung vermag es, die Sch\u00f6nheit dieser Einrichtungsgegenst\u00e4nde hervorzuheben, die dem Raum eine wertvolle Identit\u00e4t verleiht.<\/p>\n","protected":false},"excerpt":{"rendered":"<div><span style=\"font-family: arial, sans-serif;\">1 J.Rose 70 CL<\/span><\/div>\n<div><span style=\"font-family: arial, sans-serif;\">2 Gl\u00e4ser<\/span><\/div>\n<div><span style=\"font-family: arial, sans-serif;\">1 Luxus-Box mit Cover-Gem\u00e4lde von Milo Manara<\/span><\/div>\n","protected":false},"featured_media":797,"template":"","meta":[],"product_brand":[],"product_cat":[57],"product_tag":[],"class_list":{"0":"post-1121","1":"product","2":"type-product","3":"status-publish","4":"has-post-thumbnail","6":"product_cat-box-de","8":"first","9":"instock","10":"taxable","11":"shipping-taxable","12":"purchasable","13":"product-type-simple"},"_links":{"self":[{"href":"https:\/\/jrose.it\/de\/wp-json\/wp\/v2\/product\/1121","targetHints":{"allow":["GET"]}}],"collection":[{"href":"https:\/\/jrose.it\/de\/wp-json\/wp\/v2\/product"}],"about":[{"href":"https:\/\/jrose.it\/de\/wp-json\/wp\/v2\/types\/product"}],"wp:featuredmedia":[{"embeddable":true,"href":"https:\/\/jrose.it\/de\/wp-json\/wp\/v2\/media\/797"}],"wp:attachment":[{"href":"https:\/\/jrose.it\/de\/wp-json\/wp\/v2\/media?parent=1121"}],"wp:term":[{"taxonomy":"product_brand","embeddable":true,"href":"https:\/\/jrose.it\/de\/wp-json\/wp\/v2\/product_brand?post=1121"},{"taxonomy":"product_cat","embeddable":true,"href":"https:\/\/jrose.it\/de\/wp-json\/wp\/v2\/product_cat?post=1121"},{"taxonomy":"product_tag","embeddable":true,"href":"https:\/\/jrose.it\/de\/wp-json\/wp\/v2\/product_tag?post=1121"}],"curies":[{"name":"wp","href":"https:\/\/api.w.org\/{rel}","templated":true}]}}