{"id":11454,"date":"2026-02-11T09:49:17","date_gmt":"2026-02-11T08:49:17","guid":{"rendered":"https:\/\/jrose.it\/shop\/vladimir-volegov\/"},"modified":"2026-02-11T12:03:52","modified_gmt":"2026-02-11T11:03:52","slug":"vladimir-volegov","status":"publish","type":"product","link":"https:\/\/jrose.it\/de\/shop\/vladimir-volegov\/","title":{"rendered":"Vladimir VOLEGOV"},"content":{"rendered":"","protected":false},"excerpt":{"rendered":"<p>Geboren 1957 in Khabarovsk, im russischen Fernen Osten, verbrachte er seine Kindheit mit st\u00e4ndigen Umz\u00fcgen, stets unterst\u00fctzt von der aufmerksamen und liebevollen Pr\u00e4senz seiner Mutter. Schon als Kind war Malen f\u00fcr ihn eine innere Notwendigkeit \u2013 der nat\u00fcrlichste Weg, die Welt zu beobachten, zu verstehen und ihr Gestalt zu geben. Die F\u00fcrsorge seiner Mutter pr\u00e4gte seine Sensibilit\u00e4t gegen\u00fcber dem weiblichen Universum, das zum Herzen seiner k\u00fcnstlerischen Vision werden sollte.<\/p>\n<p>Frauen \u2013 mit ihrer stillen St\u00e4rke, ihrer Z\u00e4rtlichkeit und Weisheit \u2013 sind eine unersch\u00f6pfliche Inspirationsquelle. Durch sie lernte er, dass Feinheit und Sensibilit\u00e4t tiefe Formen von St\u00e4rke sind.<\/p>\n<p>W\u00e4hrend seiner k\u00fcnstlerischen Ausbildung begegnete er den gro\u00dfen Meistern der klassischen Malerei: Repin und Serov pr\u00e4gten seine ersten Schritte, w\u00e4hrend Anders Zorn, John Singer Sargent, Giovanni Boldini und Joaqu\u00edn Sorolla dazu beitrugen, seine Sprache zu definieren, die auf der emotionalen Wahrheit des Portr\u00e4ts, der Anmut der Geste und Licht als Tr\u00e4ger von Gef\u00fchl basiert.<\/p>\n<p>Er arbeitete in verschiedenen Bereichen \u2013 von Illustration bis zu redaktionellen und digitalen Projekten \u2013 und hat die Malerei nie aufgegeben. Auf Reisen durch Europa und beim Malen von Portr\u00e4ts in den Stra\u00dfen von Barcelona, Berlin und Wien lernte er, die emotionale Essenz der Menschen schnell zu erfassen und seine Darstellung zu verfeinern.<\/p>\n<p>Die Hauptthemen seiner k\u00fcnstlerischen Forschung sind Frau und Kindheit: Indem er intime Momente einf\u00e4ngt, versucht er, F\u00fcrsorge, Z\u00e4rtlichkeit und Liebe zu vermitteln und Emotion sichtbar zu machen.<\/p>\n<p>Anfang der 2000er Jahre erreichte seine Arbeit internationale Aufmerksamkeit durch Kooperationen mit Galerien in Europa und den USA, wodurch er einen zeitgen\u00f6ssischen romantischen Realismus etablierte, der auf die menschliche Figur fokussiert ist.<\/p>\n<p>Seit 2006 lebt er in Spanien, dessen Licht und Atmosph\u00e4re seine Malerei auf nat\u00fcrliche Weise beeinflussen. Hier wurde seine Forschung pers\u00f6nlicher, nicht auf formale \u00c4hnlichkeit, sondern auf emotionale Resonanz ausgerichtet: das, was bleibt, wenn die Zeit stillzustehen scheint.<\/p>\n<p>&nbsp;<\/p>\n<p>Heute arbeitet er weiterhin an privaten Auftr\u00e4gen und pers\u00f6nlichen Projekten, stets der Idee treu, die ihn seit jeher leitet: Malerei muss Leben, Emotion und Menschlichkeit atmen. Jedes Werk entsteht als Geste der Bewunderung und Dankbarkeit f\u00fcr die innere Sch\u00f6nheit des Menschen.<\/p>\n","protected":false},"featured_media":11450,"template":"","meta":[],"product_brand":[],"product_cat":[262],"product_tag":[],"class_list":{"0":"post-11454","1":"product","2":"type-product","3":"status-publish","4":"has-post-thumbnail","6":"product_cat-vladimir-volegov-de","8":"first","9":"instock","10":"taxable","11":"shipping-taxable","12":"product-type-simple"},"_links":{"self":[{"href":"https:\/\/jrose.it\/de\/wp-json\/wp\/v2\/product\/11454","targetHints":{"allow":["GET"]}}],"collection":[{"href":"https:\/\/jrose.it\/de\/wp-json\/wp\/v2\/product"}],"about":[{"href":"https:\/\/jrose.it\/de\/wp-json\/wp\/v2\/types\/product"}],"wp:featuredmedia":[{"embeddable":true,"href":"https:\/\/jrose.it\/de\/wp-json\/wp\/v2\/media\/11450"}],"wp:attachment":[{"href":"https:\/\/jrose.it\/de\/wp-json\/wp\/v2\/media?parent=11454"}],"wp:term":[{"taxonomy":"product_brand","embeddable":true,"href":"https:\/\/jrose.it\/de\/wp-json\/wp\/v2\/product_brand?post=11454"},{"taxonomy":"product_cat","embeddable":true,"href":"https:\/\/jrose.it\/de\/wp-json\/wp\/v2\/product_cat?post=11454"},{"taxonomy":"product_tag","embeddable":true,"href":"https:\/\/jrose.it\/de\/wp-json\/wp\/v2\/product_tag?post=11454"}],"curies":[{"name":"wp","href":"https:\/\/api.w.org\/{rel}","templated":true}]}}