{"id":11470,"date":"2026-02-11T09:49:17","date_gmt":"2026-02-11T08:49:17","guid":{"rendered":"https:\/\/jrose.it\/shop\/francesco-palma\/"},"modified":"2026-02-11T10:36:21","modified_gmt":"2026-02-11T09:36:21","slug":"francesco-palma","status":"publish","type":"product","link":"https:\/\/jrose.it\/de\/shop\/francesco-palma\/","title":{"rendered":"Francesco PALMA"},"content":{"rendered":"","protected":false},"excerpt":{"rendered":"<p>Francesco Palma ist ein K\u00fcnstler, der seit \u00fcber vierzig Jahren die dekorative Malerei, Portr\u00e4tkunst und B\u00fchnenbildgestaltung mit Genauigkeit und Sensibilit\u00e4t erforscht und dabei Technik und emotionale Ausdruckskraft miteinander verbindet. Palma entwickelt eine visuelle Sprache, die zwischen Erinnerung und Gegenwart oszilliert und dabei die Authentizit\u00e4t der Geste und die Intensit\u00e4t der Linie in den Vordergrund stellt. 1998 gr\u00fcndete er zusammen mit Dario Roselli FRADA, ein Atelier f\u00fcr Kunst, das sich auf handgemalte Fresken f\u00fcr exklusive Residenzen weltweit spezialisiert hat. Heute leitet Francesco Palma die Abteilung f\u00fcr handgemalte Gem\u00e4lde bei Affreschi &amp; Affreschi, dem Unternehmen, das die Marke J.Rose besitzt. F\u00fcr die Kollektion Follow the Flow von J.Rose verwandelt Palma die Oberfl\u00e4che des Etiketts in eine malerische Erz\u00e4hlung in Bewegung, in der Formen und Symbole harmonisch tanzen und Rhythmen und Gesten verschiedener Kulturen hervorrufen. Jedes Etikett wird zu einer visuellen Choreografie, einem Geflecht von Emotionen, das der malerischen Geste eine narrative und sensorische Rolle zur\u00fcckgibt.<\/p>\n","protected":false},"featured_media":11483,"template":"","meta":[],"product_brand":[],"product_cat":[266],"product_tag":[],"class_list":{"0":"post-11470","1":"product","2":"type-product","3":"status-publish","4":"has-post-thumbnail","6":"product_cat-francesco-palma-de","8":"first","9":"instock","10":"taxable","11":"shipping-taxable","12":"product-type-simple"},"_links":{"self":[{"href":"https:\/\/jrose.it\/de\/wp-json\/wp\/v2\/product\/11470","targetHints":{"allow":["GET"]}}],"collection":[{"href":"https:\/\/jrose.it\/de\/wp-json\/wp\/v2\/product"}],"about":[{"href":"https:\/\/jrose.it\/de\/wp-json\/wp\/v2\/types\/product"}],"wp:featuredmedia":[{"embeddable":true,"href":"https:\/\/jrose.it\/de\/wp-json\/wp\/v2\/media\/11483"}],"wp:attachment":[{"href":"https:\/\/jrose.it\/de\/wp-json\/wp\/v2\/media?parent=11470"}],"wp:term":[{"taxonomy":"product_brand","embeddable":true,"href":"https:\/\/jrose.it\/de\/wp-json\/wp\/v2\/product_brand?post=11470"},{"taxonomy":"product_cat","embeddable":true,"href":"https:\/\/jrose.it\/de\/wp-json\/wp\/v2\/product_cat?post=11470"},{"taxonomy":"product_tag","embeddable":true,"href":"https:\/\/jrose.it\/de\/wp-json\/wp\/v2\/product_tag?post=11470"}],"curies":[{"name":"wp","href":"https:\/\/api.w.org\/{rel}","templated":true}]}}