{"id":11474,"date":"2026-02-11T09:40:49","date_gmt":"2026-02-11T08:40:49","guid":{"rendered":"https:\/\/jrose.it\/shop\/milo-manara\/"},"modified":"2026-02-11T10:45:09","modified_gmt":"2026-02-11T09:45:09","slug":"milo-manara","status":"publish","type":"product","link":"https:\/\/jrose.it\/de\/shop\/milo-manara\/","title":{"rendered":"Milo MANARA"},"content":{"rendered":"","protected":false},"excerpt":{"rendered":"<p><span class=\"il\">Milo Manara<\/span> wurde am 12. September 1945 in Luson in der Provinz Bozen geboren. Ende der 1960er Jahre deb\u00fctierte er als Autor von erotisch-detekivischen Geschichten. In den 1970er Jahren arbeitete er mit dem Corriere dei Ragazzi und vielen anderen Comiczeitschriften der Zeit zusammen. Nach Texten von Alfredo Castelli und Mario Gomboli schuf er \u201eUn fascio di bombe\u201c. Zusammen mit Silverio Pisu erweckte er \u201eLo Scimmiotto e Alessio, il borghese rivoluzionario\u201c zum Leben, was sein Deb\u00fct im Autorencomic markierte. 1978 folgte der Wendepunkt mit Giuseppe Bergman, der erste gro\u00dfe erfolgreiche Charakter, den <span class=\"il\">Manara<\/span>konzipierte, schrieb und zeichnete. Anfang der 1980er Jahre schuf er \u201eIl Gioco\u201c, eine Geschichte, die ihm weltweiten Erfolg brachte. Nach Texten von Hugo Pratt illustrierte er \u201eTutto ricominci\u00f2 con un\u2019estate indiana\u201c und \u201eEl Gaucho\u201c. In dieser Zeit entstand auch die ikonische Figur Miele, die Protagonistin von \u201eIl profumo dell\u2019invisibile\u201c und \u201eCandid Camera\u201c. Ab 1987 arbeitete er mit Federico Fellini zusammen und adaptierte zwei Drehb\u00fccher des Regisseurs zu Comics: \u201eViaggio a Tulum\u201c und \u201eIl viaggio di G. Mastorna\u201c, auch bekannt als Fernet. Es folgten Comic-Adaptionen von drei literarischen Klassikern: \u201eGulliveriana\u201c, \u201eKamasutra\u201c und \u201eL\u2019asino d\u2019oro\u201c. Anschlie\u00dfend illustrierte er drei sozialthematische Geschichten: \u201eBallata in Si bemolle\u201c, \u201eRivoluzione\u201c und \u201eTre ragazze nella rete\u201c. 2009 beauftragte Marvel Comics ihn zusammen mit Chris Claremont mit einer weiblich gepr\u00e4gten X-Men-Geschichte, \u201eX-Men: Ragazze in fuga\u201c. Er arbeitete auch mit Neil Gaiman f\u00fcr DC Comics zusammen. Seit 2000 arbeitet <span class=\"il\">Manara<\/span> am Projekt \u201eIl pittore e la modella\u201c. Nach Texten von Alejandro Jodorowsky illustrierte er einen Comic \u00fcber die Borgias. 2015 ver\u00f6ffentlichte er f\u00fcr Panini Comics \u201eLa Tavolozza e la spada\u201c, den ersten von zwei B\u00e4nden \u00fcber das Leben von Caravaggio, gefolgt von \u201eLa Grazia\u201c, ver\u00f6ffentlicht im Februar 2019, dem Jahr, in dem er sein f\u00fcnfzigj\u00e4hriges Berufsleben feierte. Anl\u00e4sslich dieses Jubil\u00e4ums ehrte ihn das Festival de la Bande Dessin\u00e9e in Angoul\u00eame erstmals mit einer gro\u00dfen Retrospektive w\u00e4hrend der 46. Ausgabe des bedeutendsten europ\u00e4ischen Comic-Events.<\/p>\n","protected":false},"featured_media":11460,"template":"","meta":[],"product_brand":[],"product_cat":[272,273],"product_tag":[],"class_list":{"0":"post-11474","1":"product","2":"type-product","3":"status-publish","4":"has-post-thumbnail","6":"product_cat-artisti-de","7":"product_cat-milo-manara-de","9":"first","10":"instock","11":"taxable","12":"shipping-taxable","13":"product-type-simple"},"_links":{"self":[{"href":"https:\/\/jrose.it\/de\/wp-json\/wp\/v2\/product\/11474","targetHints":{"allow":["GET"]}}],"collection":[{"href":"https:\/\/jrose.it\/de\/wp-json\/wp\/v2\/product"}],"about":[{"href":"https:\/\/jrose.it\/de\/wp-json\/wp\/v2\/types\/product"}],"wp:featuredmedia":[{"embeddable":true,"href":"https:\/\/jrose.it\/de\/wp-json\/wp\/v2\/media\/11460"}],"wp:attachment":[{"href":"https:\/\/jrose.it\/de\/wp-json\/wp\/v2\/media?parent=11474"}],"wp:term":[{"taxonomy":"product_brand","embeddable":true,"href":"https:\/\/jrose.it\/de\/wp-json\/wp\/v2\/product_brand?post=11474"},{"taxonomy":"product_cat","embeddable":true,"href":"https:\/\/jrose.it\/de\/wp-json\/wp\/v2\/product_cat?post=11474"},{"taxonomy":"product_tag","embeddable":true,"href":"https:\/\/jrose.it\/de\/wp-json\/wp\/v2\/product_tag?post=11474"}],"curies":[{"name":"wp","href":"https:\/\/api.w.org\/{rel}","templated":true}]}}