{"id":11674,"date":"2026-02-24T13:17:55","date_gmt":"2026-02-24T12:17:55","guid":{"rendered":"https:\/\/jrose.it\/shop\/il-segreto-liquore-amaro-alle-erbe\/"},"modified":"2026-04-02T12:59:06","modified_gmt":"2026-04-02T10:59:06","slug":"il-segreto-liquore-amaro-alle-erbe","status":"publish","type":"product","link":"https:\/\/jrose.it\/de\/shop\/il-segreto-liquore-amaro-alle-erbe\/","title":{"rendered":"Il Segreto &#8211; Kr\u00e4uterlik\u00f6r"},"content":{"rendered":"<p><strong>Sangue Amaro ist nicht f\u00fcr alle.<\/strong><br \/>\nEr ist f\u00fcr diejenigen, die Sch\u00f6nheit im Kontrast suchen, f\u00fcr jene, die die Umarmung zwischen dem Feuer der Gew\u00fcrze und der K\u00fchle der Minze lieben.<br \/>\nEin Amaro, der langsam flie\u00dft und den Geist nach einem intensiven Tag zu beleben vermag.<\/p>\n<p><strong>DIE ESSENZ DER ELEGANTEN UNRUHE<\/strong><br \/>\nDie Erscheinung zeigt sich dem Auge in einem undurchdringlichen, magnetischen Braunton, veredelt durch tiefe bernsteinfarbene Reflexe des Karamells, die bereits seine dichte und samtige Struktur erahnen lassen.<\/p>\n<p><strong>DAS BOUQUET<\/strong> | In der Nase eine Explosion kunstvoll orchestrierter Kontraste.<br \/>\nDer Auftakt ist balsamisch und zitrusfrisch, wo Bitterorange und Mandarine mit der wilden Frische der Myrte tanzen.<br \/>\nEs folgen warme, einh\u00fcllende Noten von Bittermandel und Pistazie, die sich mit der hypnotischen S\u00fc\u00dfe der Vanille und einem \u00e4therischen Hauch von s\u00fc\u00dfem Fenchel verweben.<br \/>\nEin Duft, der von Erde, mediterraner Macchia und fernen Gew\u00fcrzen erz\u00e4hlt.<\/p>\n<p><strong>DER GESCHMACK<\/strong> | Der Eintritt am Gaumen ist k\u00fchn, ein \u201eBlut\u201c, das vor Leben pulsiert.<br \/>\nDas R\u00fcckgrat wird von der Kraft des Enzians und der Angosturarinde getragen, die eine edle, urspr\u00fcngliche Bitterkeit verleihen.<br \/>\nDoch im Herzen des Schlucks geschieht die Magie: Die vibrierende, fast greifbare Sch\u00e4rfe des Sichuanpfeffers erzeugt einen sensorischen Kurzschluss, sofort erfrischt durch eine Spur nat\u00fcrlicher Minze und die klaren, tanninhaltigen Noten von gr\u00fcnem Tee.<\/p>\n<p><strong>DER ABGANG<\/strong> | Der Abgang ist lang, anhaltend und tief aromatisch.<br \/>\nDie ger\u00f6stete Note der Walnuss verbindet sich mit der W\u00e4rme des Piments und hinterl\u00e4sst eine w\u00fcrzige, leicht pikante Erinnerung, die zu einem neuen, unvermeidlichen Genuss einl\u00e4dt.<\/p>\n","protected":false},"excerpt":{"rendered":"<p>70 cl | Alkoholgehalt 28 %<\/p>\n","protected":false},"featured_media":11571,"template":"","meta":[],"product_brand":[],"product_cat":[298],"product_tag":[],"class_list":{"0":"post-11674","1":"product","2":"type-product","3":"status-publish","4":"has-post-thumbnail","6":"product_cat-amaro-de-2","8":"first","9":"instock","10":"taxable","11":"shipping-taxable","12":"purchasable","13":"product-type-simple"},"_links":{"self":[{"href":"https:\/\/jrose.it\/de\/wp-json\/wp\/v2\/product\/11674","targetHints":{"allow":["GET"]}}],"collection":[{"href":"https:\/\/jrose.it\/de\/wp-json\/wp\/v2\/product"}],"about":[{"href":"https:\/\/jrose.it\/de\/wp-json\/wp\/v2\/types\/product"}],"wp:featuredmedia":[{"embeddable":true,"href":"https:\/\/jrose.it\/de\/wp-json\/wp\/v2\/media\/11571"}],"wp:attachment":[{"href":"https:\/\/jrose.it\/de\/wp-json\/wp\/v2\/media?parent=11674"}],"wp:term":[{"taxonomy":"product_brand","embeddable":true,"href":"https:\/\/jrose.it\/de\/wp-json\/wp\/v2\/product_brand?post=11674"},{"taxonomy":"product_cat","embeddable":true,"href":"https:\/\/jrose.it\/de\/wp-json\/wp\/v2\/product_cat?post=11674"},{"taxonomy":"product_tag","embeddable":true,"href":"https:\/\/jrose.it\/de\/wp-json\/wp\/v2\/product_tag?post=11674"}],"curies":[{"name":"wp","href":"https:\/\/api.w.org\/{rel}","templated":true}]}}