{"id":11767,"date":"2026-03-31T15:48:19","date_gmt":"2026-03-31T13:48:19","guid":{"rendered":"https:\/\/jrose.it\/?post_type=product&#038;p=11767"},"modified":"2026-04-02T13:22:01","modified_gmt":"2026-04-02T11:22:01","slug":"il-segreto-kraeuterbitterlikoer","status":"publish","type":"product","link":"https:\/\/jrose.it\/de\/shop\/il-segreto-kraeuterbitterlikoer\/","title":{"rendered":"Il Segreto &#8211; Kr\u00e4uterbitterlik\u00f6r"},"content":{"rendered":"<p><strong>Sangue Amaro ist nicht f\u00fcr alle.<\/strong><br \/>\nEr ist f\u00fcr diejenigen, die Sch\u00f6nheit im Kontrast suchen, f\u00fcr diejenigen, die die Umarmung zwischen dem Feuer der Gew\u00fcrze und der K\u00fchle der Minze lieben.<br \/>\nEr ist ein Amaro, der langsam flie\u00dft und nach einem intensiven Tag den Geist zu beleben vermag.<\/p>\n<p><strong>DIE ESSENZ DER ELEGANTEN UNRUHE<\/strong><br \/>\nSchon beim Anblick zeigt er sich in einem undurchdringlichen und magnetischen Braunton, veredelt durch tiefe bernsteinfarbene Reflexe des Karamells, die seine dichte und samtige Struktur vorausahnen lassen.<\/p>\n<p><strong>DAS BOUQUET |<\/strong><br \/>\nIn der Nase ist es eine meisterhaft orchestrierte Explosion der Kontraste.<br \/>\nDer Auftakt ist balsamisch und zitrisch, wobei Bitterorange und Mandarine mit der wilden Frische der Myrte tanzen. Es folgen warme und einh\u00fcllende Noten von Bittermandel und Pistazie, die sich mit der hypnotischen S\u00fc\u00dfe der Vanille und einem \u00e4therischen Hauch von S\u00fc\u00dffenchel verweben.<br \/>\nEin Duft, der von Erde, mediterraner Macchia und fernen Gew\u00fcrzen erz\u00e4hlt.<\/p>\n<p><strong>DER GESCHMACK |<\/strong><br \/>\nDer Auftakt am Gaumen ist k\u00fchn, ein \u201eBlut\u201c, das vor Leben pulsiert.<br \/>\nDas R\u00fcckgrat wird von der Kraft des Enzians und der Angosturarinde getragen, die eine edle und urspr\u00fcngliche Bitterkeit verleihen. Doch im Herzen des Geschmacks geschieht die Magie: Die vibrierende, fast greifbare Sch\u00e4rfe des Szechuanpfeffers erzeugt einen sensorischen Kurzschluss, der sofort von einer Spur nat\u00fcrlicher Minze und den klaren, tanninhaltigen Noten des gr\u00fcnen Tees erfrischt wird.<\/p>\n<p><strong>DER NACHKLANG |<\/strong><br \/>\nDer Nachklang ist lang, anhaltend und tief aromatisch.<br \/>\nDie ger\u00f6stete Note der Walnuss verbindet sich mit der W\u00e4rme des Piments und hinterl\u00e4sst eine w\u00fcrzige, leicht pikante Erinnerung, die zu einem neuen, unvermeidlichen Schluck einl\u00e4dt.<\/p>\n","protected":false},"excerpt":{"rendered":"<p>70 CL | Alkoholgehalt 28 %<\/p>\n<p><strong>VERF\u00dcGBAR AB DEM 31. M\u00c4RZ<\/strong><\/p>\n","protected":false},"featured_media":11774,"template":"","meta":[],"product_brand":[],"product_cat":[298,307],"product_tag":[],"class_list":{"0":"post-11767","1":"product","2":"type-product","3":"status-publish","4":"has-post-thumbnail","6":"product_cat-amaro-de-2","7":"product_cat-box-2-de","9":"first","10":"instock","11":"taxable","12":"shipping-taxable","13":"purchasable","14":"product-type-simple"},"_links":{"self":[{"href":"https:\/\/jrose.it\/de\/wp-json\/wp\/v2\/product\/11767","targetHints":{"allow":["GET"]}}],"collection":[{"href":"https:\/\/jrose.it\/de\/wp-json\/wp\/v2\/product"}],"about":[{"href":"https:\/\/jrose.it\/de\/wp-json\/wp\/v2\/types\/product"}],"wp:featuredmedia":[{"embeddable":true,"href":"https:\/\/jrose.it\/de\/wp-json\/wp\/v2\/media\/11774"}],"wp:attachment":[{"href":"https:\/\/jrose.it\/de\/wp-json\/wp\/v2\/media?parent=11767"}],"wp:term":[{"taxonomy":"product_brand","embeddable":true,"href":"https:\/\/jrose.it\/de\/wp-json\/wp\/v2\/product_brand?post=11767"},{"taxonomy":"product_cat","embeddable":true,"href":"https:\/\/jrose.it\/de\/wp-json\/wp\/v2\/product_cat?post=11767"},{"taxonomy":"product_tag","embeddable":true,"href":"https:\/\/jrose.it\/de\/wp-json\/wp\/v2\/product_tag?post=11767"}],"curies":[{"name":"wp","href":"https:\/\/api.w.org\/{rel}","templated":true}]}}