{"id":1533,"date":"2022-07-13T17:25:51","date_gmt":"2022-07-13T15:25:51","guid":{"rendered":"https:\/\/jrose.it\/shop\/box-j-rose-london-dry-gin-8\/"},"modified":"2023-01-13T16:33:23","modified_gmt":"2023-01-13T15:33:23","slug":"box-j-rose-london-dry-gin-8","status":"publish","type":"product","link":"https:\/\/jrose.it\/de\/shop\/box-j-rose-london-dry-gin-8\/","title":{"rendered":"Box J.Rose London Dry Gin 70 cl"},"content":{"rendered":"<p><span style = \"color: # 000000; font-family: arial, sans-serif;\"> Um das Erlebnis spannender zu machen, dient die Verpackung: eine elegante Schatulle, die die J.Rose und zwei Gl\u00e4ser beherbergt, deren <strong> Deckel verwandelt sich in ein Gem\u00e4lde <\/strong> authentifiziert von Milo Manara <\/span><\/p>\n<p><span style = \"font-family: arial, sans-serif;\"> Eine perfekte Kombination f\u00fcr eine raffinierte Geschenkidee <span style = \"color: # 000000;\"><br \/>\n<\/span> <\/span><\/p>\n<p><span style = \"color: # 000000; font-family: arial, sans-serif;\"> Nat\u00fcrliche Elemente wie <strong> Carrara-Marmor <\/strong> , Gips und r\u00f6mischer Travertin sind die Protagonisten einer Themenmischung mit einem lange, rein italienische Geschichte. Das Ergebnis ist eine nat\u00fcrliche Oberfl\u00e4che, die an <strong> antike Fresken <\/strong> erinnert <\/span><\/p>\n<p><span style = \"color: # 000000; font-family: arial, sans-serif;\"> Sowohl der Deckel der Schachtel als auch das J.Rose-Etikett sind mit dem Fresko bedeckt. Die Materialausf\u00fchrung, <strong> handgefertigt <\/strong> , ist in der Lage, die Sch\u00f6nheit dieser Einrichtungsgegenst\u00e4nde zu unterstreichen, die den R\u00e4umen eine prestigetr\u00e4chtige Identit\u00e4t verleihen. <\/span><\/p>\n","protected":false},"excerpt":{"rendered":"<div> <span style = \"font-family: arial, sans-serif;\"> 1 J.Rose 70 CL <\/span> <\/div>\n<div> <span style = \"font-family: arial, sans-serif;\"> 2 Gl\u00e4ser <\/span> <\/div>\n<div> <span style = \"font-family: arial, sans-serif;\"> 1 Luxusbox mit quadratischem Einband <\/span> <\/div>\n","protected":false},"featured_media":1517,"template":"","meta":[],"product_brand":[],"product_cat":[57],"product_tag":[],"class_list":{"0":"post-1533","1":"product","2":"type-product","3":"status-publish","4":"has-post-thumbnail","6":"product_cat-box-de","8":"first","9":"outofstock","10":"taxable","11":"shipping-taxable","12":"product-type-simple"},"_links":{"self":[{"href":"https:\/\/jrose.it\/de\/wp-json\/wp\/v2\/product\/1533","targetHints":{"allow":["GET"]}}],"collection":[{"href":"https:\/\/jrose.it\/de\/wp-json\/wp\/v2\/product"}],"about":[{"href":"https:\/\/jrose.it\/de\/wp-json\/wp\/v2\/types\/product"}],"wp:featuredmedia":[{"embeddable":true,"href":"https:\/\/jrose.it\/de\/wp-json\/wp\/v2\/media\/1517"}],"wp:attachment":[{"href":"https:\/\/jrose.it\/de\/wp-json\/wp\/v2\/media?parent=1533"}],"wp:term":[{"taxonomy":"product_brand","embeddable":true,"href":"https:\/\/jrose.it\/de\/wp-json\/wp\/v2\/product_brand?post=1533"},{"taxonomy":"product_cat","embeddable":true,"href":"https:\/\/jrose.it\/de\/wp-json\/wp\/v2\/product_cat?post=1533"},{"taxonomy":"product_tag","embeddable":true,"href":"https:\/\/jrose.it\/de\/wp-json\/wp\/v2\/product_tag?post=1533"}],"curies":[{"name":"wp","href":"https:\/\/api.w.org\/{rel}","templated":true}]}}