{"id":2398,"date":"2022-12-06T17:57:10","date_gmt":"2022-12-06T16:57:10","guid":{"rendered":"https:\/\/jrose.it\/shop\/j-rose-maeppchen-6\/"},"modified":"2023-09-26T14:57:16","modified_gmt":"2023-09-26T12:57:16","slug":"j-rose-maeppchen-6","status":"publish","type":"product","link":"https:\/\/jrose.it\/de\/shop\/j-rose-maeppchen-6\/","title":{"rendered":"J.Rose + M\u00e4ppchen"},"content":{"rendered":"<p>Die vorherrschenden Noten von J.Rose sind die von Wacholder.<\/p>\n<p>Die Nase ist warm und scharf. Die zarten Zitrusd\u00fcfte von Bergamotte und Mandarinenschale erfrischen den Atem und verleihen ihm eine weiche und seidige Balance. Das Aroma von Kaktusfeigenbl\u00fcten springt von der Nase in den Gaumen und setzt einen fruchtigen Nachgeschmack frei. Die holzige Essenz wird durch die Eichenrinde gegeben, die sich durch R\u00f6stnoten auszeichnet, die an Haselnuss und Walnuss erinnern.<\/p>\n<p>J.Rose hat eine transparente, klare Farbe. Bei Kontakt mit Eis und Tonic dehnen sich die \u00e4therischen \u00d6le der Bergamotte aus und verleihen dem Cocktail eine silbrige, naturtr\u00fcbe Reflektion.<\/p>\n<p>Sein Alkoholgehalt von 43 % verst\u00e4rkt die neun Botanicals und macht ihn zu einem perfekten Gin f\u00fcr die exklusivsten Cocktails.<\/p>\n","protected":false},"excerpt":{"rendered":"<h5>70CL\u00a0 | Alkoholgehalt 43 %<\/h5>\n","protected":false},"featured_media":3605,"template":"","meta":[],"product_brand":[],"product_cat":[94],"product_tag":[],"class_list":{"0":"post-2398","1":"product","2":"type-product","3":"status-publish","4":"has-post-thumbnail","6":"product_cat-mappchen-de","8":"first","9":"outofstock","10":"taxable","11":"shipping-taxable","12":"product-type-simple"},"_links":{"self":[{"href":"https:\/\/jrose.it\/de\/wp-json\/wp\/v2\/product\/2398","targetHints":{"allow":["GET"]}}],"collection":[{"href":"https:\/\/jrose.it\/de\/wp-json\/wp\/v2\/product"}],"about":[{"href":"https:\/\/jrose.it\/de\/wp-json\/wp\/v2\/types\/product"}],"wp:featuredmedia":[{"embeddable":true,"href":"https:\/\/jrose.it\/de\/wp-json\/wp\/v2\/media\/3605"}],"wp:attachment":[{"href":"https:\/\/jrose.it\/de\/wp-json\/wp\/v2\/media?parent=2398"}],"wp:term":[{"taxonomy":"product_brand","embeddable":true,"href":"https:\/\/jrose.it\/de\/wp-json\/wp\/v2\/product_brand?post=2398"},{"taxonomy":"product_cat","embeddable":true,"href":"https:\/\/jrose.it\/de\/wp-json\/wp\/v2\/product_cat?post=2398"},{"taxonomy":"product_tag","embeddable":true,"href":"https:\/\/jrose.it\/de\/wp-json\/wp\/v2\/product_tag?post=2398"}],"curies":[{"name":"wp","href":"https:\/\/api.w.org\/{rel}","templated":true}]}}