{"id":8308,"date":"2025-05-16T10:16:18","date_gmt":"2025-05-16T08:16:18","guid":{"rendered":"https:\/\/jrose.it\/shop\/la7vidas-fumetto\/"},"modified":"2025-07-11T17:23:58","modified_gmt":"2025-07-11T15:23:58","slug":"la7vidas-fumetto","status":"publish","type":"product","link":"https:\/\/jrose.it\/de\/shop\/la7vidas-fumetto\/","title":{"rendered":"La7Vidas Comic"},"content":{"rendered":"<div>\n<h3><\/h3>\n<\/div>\n<div>\n<h3><strong>La7Vidas<\/strong><\/h3>\n<\/div>\n<div>\n<h3>\u201eWenn du aus der H\u00f6lle zur\u00fcckkommst\u2026 Du hast keine Angst mehr. Nicht einmal \u00fcber den Tod.\u201c<\/h3>\n<\/div>\n<div>\n<p>In jeder Ecke Mexikos, zwischen seinen farbenfrohen und traditionsreichen Landstrichen, verbirgt sich eine Geschichte von Hoffnung, Erl\u00f6sung und Wiedergeburt. Dieser Roman ist eine Hommage an ein au\u00dfergew\u00f6hnliches Land, in dem Vergangenheit und Gegenwart sich zu einem Mosaik aus Geschichte, Kultur und Orten verweben, die die Geheimnisse der menschlichen Seele bewahren.<\/p>\n<p>Die Geschichte von <strong>Alma Beltr\u00e1n<\/strong> ist nicht nur ihre eigene. Es ist die Geschichte von uns allen, die wir, um einen Traum zu verfolgen, scheinbar un\u00fcberwindbare Hindernisse bew\u00e4ltigen m\u00fcssen. Es ist die Geschichte derer, die manchmal innerlich sterben m\u00fcssen, um dann wiedergeboren zu werden, genauso, wie es uns ein gro\u00dfer Meister vor mehr als zweitausend Jahren lehrte.<\/p>\n<p>Alma ist nicht nur eine Protagonistin, sondern ein Archetyp, das Spiegelbild eines jeden, der seine tiefste Essenz entdecken und verwirklichen m\u00f6chte. Mit jedem Schritt ihres Kampfes wird Alma zum Symbol f\u00fcr diejenigen, die den Mut haben, sich neu zu erfinden, f\u00fcr diejenigen, die nach ihrer eigenen Wahrheit suchen, auch wenn der Weg schwierig und ungewiss ist. M\u00f6ge diese Geschichte in jedem von uns ein wenig mehr Mut erwecken: jene stille Kraft, die uns antreibt, uns zu ver\u00e4ndern, Schwierigkeiten in Chancen zu verwandeln und niemals auf das zu verzichten, was wir am meisten begehren.<\/p>\n<p>&nbsp;<\/p>\n<\/div>\n<div>\n<table style=\"height: 354px;\" border=\"0\" width=\"566\" cellspacing=\"0\" cellpadding=\"0\">\n<colgroup>\n<col width=\"87\" \/>\n<col width=\"87\" \/><\/colgroup>\n<tbody>\n<tr>\n<td class=\"xl66\" style=\"text-align: left;\" width=\"87\" height=\"27\">Autor<\/td>\n<td class=\"xl67\" style=\"text-align: left;\" width=\"87\">Dario Roselli<\/td>\n<\/tr>\n<tr>\n<td class=\"xl66\" style=\"text-align: left;\" height=\"27\">Buchumschlag<\/td>\n<td class=\"xl67\" style=\"text-align: left;\">Milo Manara<\/td>\n<\/tr>\n<tr>\n<td class=\"xl66\" style=\"text-align: left;\" height=\"27\">Gem\u00e4lde auf S. 45<\/td>\n<td class=\"xl67\" style=\"text-align: left;\">Francesco Palma<\/td>\n<\/tr>\n<tr>\n<td class=\"xl66\" style=\"text-align: left;\" height=\"27\">Drehbuch (von S. 46 bis S. 89)<\/td>\n<td class=\"xl67\" style=\"text-align: left;\">Simone Bocci<\/td>\n<\/tr>\n<tr>\n<td class=\"xl66\" style=\"text-align: left;\" height=\"27\">Illustrationen und Farben (von S. 46 bis S. 89)<\/td>\n<td class=\"xl67\" style=\"text-align: left;\">Michela Cacciatore<\/td>\n<\/tr>\n<tr>\n<td class=\"xl66\" style=\"text-align: left;\" height=\"27\">Anzahl der Seiten<\/td>\n<td class=\"xl67\" style=\"text-align: left;\">96<\/td>\n<\/tr>\n<tr>\n<td class=\"xl66\" style=\"text-align: left;\" height=\"27\">Gr\u00f6\u00dfe<\/td>\n<td class=\"xl67\" style=\"text-align: left;\">16&#215;23,5&#215;0,8 cm<\/td>\n<\/tr>\n<\/tbody>\n<\/table>\n<\/div>\n","protected":false},"excerpt":{"rendered":"<p>La7Vidas Comic<\/p>\n","protected":false},"featured_media":8087,"template":"","meta":[],"product_brand":[],"product_cat":[114],"product_tag":[],"class_list":{"0":"post-8308","1":"product","2":"type-product","3":"status-publish","4":"has-post-thumbnail","6":"product_cat-la7vidas-de","8":"first","9":"instock","10":"taxable","11":"shipping-taxable","12":"purchasable","13":"product-type-variable"},"_links":{"self":[{"href":"https:\/\/jrose.it\/de\/wp-json\/wp\/v2\/product\/8308","targetHints":{"allow":["GET"]}}],"collection":[{"href":"https:\/\/jrose.it\/de\/wp-json\/wp\/v2\/product"}],"about":[{"href":"https:\/\/jrose.it\/de\/wp-json\/wp\/v2\/types\/product"}],"wp:featuredmedia":[{"embeddable":true,"href":"https:\/\/jrose.it\/de\/wp-json\/wp\/v2\/media\/8087"}],"wp:attachment":[{"href":"https:\/\/jrose.it\/de\/wp-json\/wp\/v2\/media?parent=8308"}],"wp:term":[{"taxonomy":"product_brand","embeddable":true,"href":"https:\/\/jrose.it\/de\/wp-json\/wp\/v2\/product_brand?post=8308"},{"taxonomy":"product_cat","embeddable":true,"href":"https:\/\/jrose.it\/de\/wp-json\/wp\/v2\/product_cat?post=8308"},{"taxonomy":"product_tag","embeddable":true,"href":"https:\/\/jrose.it\/de\/wp-json\/wp\/v2\/product_tag?post=8308"}],"curies":[{"name":"wp","href":"https:\/\/api.w.org\/{rel}","templated":true}]}}