{"id":8325,"date":"2025-05-12T12:24:46","date_gmt":"2025-05-12T10:24:46","guid":{"rendered":"https:\/\/jrose.it\/shop\/la7vidas-tequila-reposado-box\/"},"modified":"2025-07-11T17:20:17","modified_gmt":"2025-07-11T15:20:17","slug":"la7vidas-tequila-reposado-box","status":"publish","type":"product","link":"https:\/\/jrose.it\/de\/shop\/la7vidas-tequila-reposado-box\/","title":{"rendered":"La7Vidas Tequila Reposado + Geschenkbox"},"content":{"rendered":"<div>\n<h3><\/h3>\n<h3>Die wahre Essenz Mexikos<\/h3>\n<\/div>\n<div>\n<p>Im pulsierenden Herzen von <strong>Los Altos de Jalisco<\/strong>, wo die Erde mit dem azurblauen Himmel verschmilzt und die Seele Mexikos in den mitrei\u00dfenden Kl\u00e4ngen der Mariachi erwacht, entsteht La 7 Vidas \u2013 ein Tequila, der mehr ist als ein Destillat: ein Erlebnis, das man leben, f\u00fchlen und erz\u00e4hlen muss.<\/p>\n<\/div>\n<div>\n<p>Mit Leidenschaft und handwerklichem K\u00f6nnen aus der blauen Agave destilliert, ist La 7 Vidas eine Hommage an die au\u00dfergew\u00f6hnliche Sch\u00f6nheit und Kultur eines Landes, das uralte Traditionen hervorgebracht hat \u2013 dort, wo Lebensfreude eine universelle Sprache ist und Tequila ihre Poesie.<\/p>\n<\/div>\n<div>\n<p>Die Geschichte von La 7 Vidas ist auch die Geschichte eines Traums: der Traum von <strong>Alma Beltr\u00e1n<\/strong>, einer jungen Frau, die davon tr\u00e4umte, ein Mariachi zu werden \u2013 ihrer Seele durch Musik Ausdruck zu verleihen. Ihre lebendige und unverg\u00e4ngliche Gestalt prangt auf jedem Etikett und ist Sinnbild f\u00fcr Entschlossenheit und Leidenschaft. Ein Traum, der \u2013 genau wie das Destillat, das ihren Namen tr\u00e4gt \u2013 tief in jener Erde verwurzelt ist, die Zeugin ihrer Geburt war.<\/p>\n<\/div>\n<div>\n<p>Was dieses Meisterwerk noch einzigartiger macht, ist die Hand von <strong>Meister Milo Manara<\/strong>, der \u2013 inspiriert von einem magischen Land \u2013 zwei exklusive Werke schuf, um das reiche Erbe eines au\u00dfergew\u00f6hnlichen Volkes zu feiern. Mit seinem unverkennbaren Strich nimmt er uns mit auf eine visuelle Reise durch Kultur, Sch\u00f6nheit und Emotionen, die sich in jeder Ecke dieses legend\u00e4ren Landes vereinen.<\/p>\n<\/div>\n<div>\n<p>La 7 Vidas ist mehr als nur ein Tequila: Sie ist eine Hommage an eine Geschichte von Leidenschaft, Tradition und Tr\u00e4umen, die niemals enden.<\/p>\n<p>&nbsp;<\/p>\n<\/div>\n<div>\n<h3>Organoleptisches Profil<\/h3>\n<p><strong>Der 7 Vidas Reposado<\/strong> ist ein Tequila mit einer leuchtend goldenen Farbe, die seinen Reichtum in jedem Schluck widerspiegelt. Er verstr\u00f6mt das Aroma von frisch im Steinofen gegarter Agave, das den Gaumen umh\u00fcllt, w\u00e4hrend sich nach und nach feine holzige Noten entfalten, die sich sanft ausbreiten und Raum f\u00fcr warme R\u00f6stnuancen schaffen.<\/p>\n<\/div>\n<div>\n<p data-start=\"401\" data-end=\"715\">Das Bouquet ist tief und erdig. Der Abgang ist weich und rund, mit Ankl\u00e4ngen an die nat\u00fcrliche S\u00fc\u00dfe einer reifen, vollmundigen Frucht. Der 7 Vidas Reposado ist wie ein uraltes Ritual, das sich langsam offenbart und dich einl\u00e4dt, das pulsierende Herz eines Landes voller Geschichte und Geheimnisse zu entdecken.<\/p>\n<p data-start=\"401\" data-end=\"715\">\n<\/div>\n<div>\n<h3>Technisches Datenblatt<\/h3>\n<\/div>\n<div>\n<table border=\"0\" cellspacing=\"0\" cellpadding=\"8\">\n<thead>\n<tr>\n<th>Eigenschaft<\/th>\n<th>Details<\/th>\n<\/tr>\n<\/thead>\n<tbody>\n<tr>\n<td>Agavensorte<\/td>\n<td>Tequilana Weber Azul. Mindestreifezeit 6 Jahre.<\/td>\n<\/tr>\n<tr>\n<td>Produktionsregion<\/td>\n<td>Altos de Jalisco, Mexiko<\/td>\n<\/tr>\n<tr>\n<td>Destillerie<\/td>\n<td>Destiladora Santa Virginia SA DE CV<\/td>\n<\/tr>\n<tr>\n<td>NOM<\/td>\n<td>1515 CRT Consejo Regulador del Tequila<\/td>\n<\/tr>\n<tr>\n<td>Garzeit<\/td>\n<td>96 Stunden im Steinofen<\/td>\n<\/tr>\n<tr>\n<td>Extraktion<\/td>\n<td>Mahlsteinpresse<\/td>\n<\/tr>\n<tr>\n<td>Fermentation<\/td>\n<td>Langsame G\u00e4rung in offenen G\u00e4rbeh\u00e4ltern<\/td>\n<\/tr>\n<tr>\n<td>Destilation<\/td>\n<td>Diskontinuierlich, zweifach. Brennblase aus Stahl mit Kupferwendelrektifikation<\/td>\n<\/tr>\n<tr>\n<td>Maestro Tequilero<\/td>\n<td>Enrique Franco<\/td>\n<\/tr>\n<tr>\n<td>Klasse<\/td>\n<td>Tequila Reposado<\/td>\n<\/tr>\n<tr>\n<td>Kategoria<\/td>\n<td>100% de Agave azul<\/td>\n<\/tr>\n<tr>\n<td>Reifung<\/td>\n<td>6 Monate in franz\u00f6sischen Eichenf\u00e4ssern (Barrique)<\/td>\n<\/tr>\n<tr>\n<td>Alkoholgehalt<\/td>\n<td>40% Alc. Vol<\/td>\n<\/tr>\n<tr>\n<td>Inhalt<\/td>\n<td>700 ML<\/td>\n<\/tr>\n<\/tbody>\n<\/table>\n<\/div>\n","protected":false},"excerpt":{"rendered":"<p>Eine Geschenkbox, deren Deckel ein Gem\u00e4lde ist, mit einer Tequila-Flasche und zwei Gl\u00e4sern<\/p>\n","protected":false},"featured_media":8097,"template":"","meta":[],"product_brand":[],"product_cat":[121],"product_tag":[],"class_list":{"0":"post-8325","1":"product","2":"type-product","3":"status-publish","4":"has-post-thumbnail","6":"product_cat-box-tequila-de","8":"first","9":"instock","10":"taxable","11":"shipping-taxable","12":"purchasable","13":"product-type-simple"},"_links":{"self":[{"href":"https:\/\/jrose.it\/de\/wp-json\/wp\/v2\/product\/8325","targetHints":{"allow":["GET"]}}],"collection":[{"href":"https:\/\/jrose.it\/de\/wp-json\/wp\/v2\/product"}],"about":[{"href":"https:\/\/jrose.it\/de\/wp-json\/wp\/v2\/types\/product"}],"wp:featuredmedia":[{"embeddable":true,"href":"https:\/\/jrose.it\/de\/wp-json\/wp\/v2\/media\/8097"}],"wp:attachment":[{"href":"https:\/\/jrose.it\/de\/wp-json\/wp\/v2\/media?parent=8325"}],"wp:term":[{"taxonomy":"product_brand","embeddable":true,"href":"https:\/\/jrose.it\/de\/wp-json\/wp\/v2\/product_brand?post=8325"},{"taxonomy":"product_cat","embeddable":true,"href":"https:\/\/jrose.it\/de\/wp-json\/wp\/v2\/product_cat?post=8325"},{"taxonomy":"product_tag","embeddable":true,"href":"https:\/\/jrose.it\/de\/wp-json\/wp\/v2\/product_tag?post=8325"}],"curies":[{"name":"wp","href":"https:\/\/api.w.org\/{rel}","templated":true}]}}