{"id":8333,"date":"2025-05-08T19:41:31","date_gmt":"2025-05-08T17:41:31","guid":{"rendered":"https:\/\/jrose.it\/shop\/la7vidas-tequila-blanco-cofanetto\/"},"modified":"2025-07-11T17:22:36","modified_gmt":"2025-07-11T15:22:36","slug":"la7vidas-tequila-blanco-cofanetto","status":"publish","type":"product","link":"https:\/\/jrose.it\/de\/shop\/la7vidas-tequila-blanco-cofanetto\/","title":{"rendered":"La7Vidas Tequila Blanco + Geschenkset"},"content":{"rendered":"<div><\/div>\n<div>\n<h2><\/h2>\n<h2>Die wahre Essenz Mexikos<\/h2>\n<\/div>\n<div>\n<p>Im pulsierenden Herzen von <strong>Los Altos de Jalisco<\/strong>, wo die Erde mit dem azurblauen Himmel verschmilzt und die Seele Mexikos in den mitrei\u00dfenden Kl\u00e4ngen der Mariachi erwacht, entsteht La 7 Vidas \u2013 ein Tequila, der mehr ist als ein Destillat: ein Erlebnis, das man leben, f\u00fchlen und erz\u00e4hlen muss.<\/p>\n<\/div>\n<div>\n<p>Mit Leidenschaft und handwerklichem K\u00f6nnen aus der blauen Agave destilliert, ist La 7 Vidas eine Hommage an die au\u00dfergew\u00f6hnliche Sch\u00f6nheit und Kultur eines Landes, das uralte Traditionen hervorgebracht hat \u2013 dort, wo Lebensfreude eine universelle Sprache ist und Tequila ihre Poesie.<\/p>\n<\/div>\n<div>\n<p>Die Geschichte von La 7 Vidas ist auch die Geschichte eines Traums: der Traum von Alma Beltr\u00e1n, einer jungen Frau, die davon tr\u00e4umte, ein Mariachi zu werden \u2013 ihrer Seele durch Musik Ausdruck zu verleihen. Ihre lebendige und unverg\u00e4ngliche Gestalt prangt auf jedem Etikett und ist Sinnbild f\u00fcr Entschlossenheit und Leidenschaft. Ein Traum, der \u2013 genau wie das Destillat, das ihren Namen tr\u00e4gt \u2013 tief in jener Erde verwurzelt ist, die Zeugin ihrer Geburt war.<\/p>\n<\/div>\n<div>\n<p>Was dieses Meisterwerk noch einzigartiger macht, ist die Hand von <strong>Meister Milo Manara<\/strong>, der \u2013 inspiriert von einem magischen Land \u2013 zwei exklusive Werke schuf, um das reiche Erbe eines au\u00dfergew\u00f6hnlichen Volkes zu feiern. Mit seinem unverkennbaren Strich nimmt er uns mit auf eine visuelle Reise durch Kultur, Sch\u00f6nheit und Emotionen, die sich in jeder Ecke dieses legend\u00e4ren Landes vereinen.<\/p>\n<\/div>\n<div>\n<p><em>La 7 Vidas ist mehr als nur ein Tequila: Sie ist eine Hommage an eine Geschichte von Leidenschaft, Tradition und Tr\u00e4umen, die niemals enden.<\/em><\/p>\n<p>&nbsp;<\/p>\n<\/div>\n<div>\n<h2>Organoleptisches Profil<\/h2>\n<p><strong>La 7 Vidas Blanco<\/strong> ist ein Tequila, der wie ein Centenary-Diamant strahlt \u2013 funkelnd und rein. Die Destillation in einem Edelstahldestillat hebt seine Klarheit und Brillanz hervor, w\u00e4hrend die Kupferspirale ihm eine einzigartige Leuchtkraft verleiht.<\/p>\n<\/div>\n<div>\n<p>Jeder Schluck ist eine Explosion von Frische, mit kr\u00e4uterigen Noten, die sich in perfekter Harmonie vereinen. Er duftet nach frisch geschnittener Agave, und sein Geschmack umh\u00fcllt den Gaumen wie eine zarte Liebkosung. Der erste Eindruck ist kr\u00e4ftig und eindringlich \u2013 wie ein Satz von Tony Montana. Doch dann\u2026 \u00fcberrascht er dich, wenn du pl\u00f6tzlich eine unerwartete Weichheit und seidige Textur entdeckst, die dich augenblicklich in ihren Bann ziehen. La 7 Vidas Blanco ist frisch, aber voller leidenschaftlicher Energie. Zart \u2013 und dennoch k\u00fchn.<\/p>\n<\/div>\n<div>\n<p><em><strong>La 7 Vidas<\/strong> ist wie eine komplizierte Beziehung: intensiv, widerspr\u00fcchlich, aber faszinierend \u2013 denn du wei\u00dft genau, was sie in dir ausl\u00f6sen kann\u2026 und genau deshalb liebst du sie und kannst nicht genug davon bekommen.<\/em><\/p>\n<p>&nbsp;<\/p>\n<\/div>\n<div>\n<h2>Technisches Datenblatt<\/h2>\n<\/div>\n<div>\n<table border=\"0\" cellspacing=\"0\" cellpadding=\"8\">\n<tbody>\n<tr>\n<th>Eigenschaft<\/th>\n<th>Details<\/th>\n<\/tr>\n<tr>\n<td style=\"text-align: left;\">Agavensorte<\/td>\n<td style=\"text-align: left;\">Tequilana Weber Azul, Mindestalter 6 Jahre<\/td>\n<\/tr>\n<tr>\n<td>Produktionsregion<\/td>\n<td>Altos de Jalisco, Mexiko<\/td>\n<\/tr>\n<tr>\n<td>Destillerie<\/td>\n<td>Destiladora Santa Virginia SA DE CV<\/td>\n<\/tr>\n<tr>\n<td>NOM<\/td>\n<td>1515 CRT Consejo Regulador del Tequila<\/td>\n<\/tr>\n<tr>\n<td>Garzeit<\/td>\n<td>96 Stunden im Steinofen<\/td>\n<\/tr>\n<tr>\n<td>Extraktion<\/td>\n<td>Walzenm\u00fchle<\/td>\n<\/tr>\n<tr>\n<td>Fermentation<\/td>\n<td>Langsame G\u00e4rung in offenen G\u00e4rbottichen<\/td>\n<\/tr>\n<tr>\n<td>Destillation<\/td>\n<td>Diskontinuierlich, zweifach. Brennblase aus Edelstahl mit Kupferk\u00fchlschlange<\/td>\n<\/tr>\n<tr>\n<td>Maestro Tequilero<\/td>\n<td>Enrique Franco<\/td>\n<\/tr>\n<tr>\n<td>Klasse<\/td>\n<td>Tequila Blanco<\/td>\n<\/tr>\n<tr>\n<td>Kategorie<\/td>\n<td>100% de Agave azul<\/td>\n<\/tr>\n<tr>\n<td>Alkoholgehalt<\/td>\n<td>40% Alc. Vol<\/td>\n<\/tr>\n<tr>\n<td style=\"text-align: left;\">Inhalt<\/td>\n<td style=\"text-align: left;\">700 ML<\/td>\n<\/tr>\n<\/tbody>\n<\/table>\n<\/div>\n","protected":false},"excerpt":{"rendered":"<p>Geschenkset mit Tequila Reposado (100\u202f% Agave, 70\u202fcl, 40\u202f% Vol.) und Comic-Heft<\/p>\n","protected":false},"featured_media":8138,"template":"","meta":[],"product_brand":[],"product_cat":[129],"product_tag":[],"class_list":{"0":"post-8333","1":"product","2":"type-product","3":"status-publish","4":"has-post-thumbnail","6":"product_cat-astucci-la7vidas-de","8":"first","9":"instock","10":"taxable","11":"shipping-taxable","12":"purchasable","13":"product-type-simple"},"_links":{"self":[{"href":"https:\/\/jrose.it\/de\/wp-json\/wp\/v2\/product\/8333","targetHints":{"allow":["GET"]}}],"collection":[{"href":"https:\/\/jrose.it\/de\/wp-json\/wp\/v2\/product"}],"about":[{"href":"https:\/\/jrose.it\/de\/wp-json\/wp\/v2\/types\/product"}],"wp:featuredmedia":[{"embeddable":true,"href":"https:\/\/jrose.it\/de\/wp-json\/wp\/v2\/media\/8138"}],"wp:attachment":[{"href":"https:\/\/jrose.it\/de\/wp-json\/wp\/v2\/media?parent=8333"}],"wp:term":[{"taxonomy":"product_brand","embeddable":true,"href":"https:\/\/jrose.it\/de\/wp-json\/wp\/v2\/product_brand?post=8333"},{"taxonomy":"product_cat","embeddable":true,"href":"https:\/\/jrose.it\/de\/wp-json\/wp\/v2\/product_cat?post=8333"},{"taxonomy":"product_tag","embeddable":true,"href":"https:\/\/jrose.it\/de\/wp-json\/wp\/v2\/product_tag?post=8333"}],"curies":[{"name":"wp","href":"https:\/\/api.w.org\/{rel}","templated":true}]}}