{"id":9534,"date":"2025-07-08T14:45:41","date_gmt":"2025-07-08T12:45:41","guid":{"rendered":"https:\/\/jrose.it\/shop\/bowl-tr\/"},"modified":"2025-07-14T17:15:29","modified_gmt":"2025-07-14T15:15:29","slug":"bowl-tr","status":"publish","type":"product","link":"https:\/\/jrose.it\/de\/shop\/bowl-tr\/","title":{"rendered":"Eiseimer J.Rose"},"content":{"rendered":"<p>&nbsp;<\/p>\n<p>Klare Linien, minimalistisches Design, eindrucksvolle Wirkung \u2013 der transparente Ice Bucket ist das ideale Accessoire, um J.Rose stilvoll zu servieren.<br \/>\nPerfekt f\u00fcr einen Toast auf der Terrasse, ein Abendessen mit Freunden oder eine private Feier \u2013 er pr\u00e4sentiert die Flasche in ihrer ganzen Pracht und unterstreicht die Raffinesse des Moments.<br \/>\nDank der zwei seitlichen Griffe l\u00e4sst er sich leicht transportieren und ist ein elegantes Detail f\u00fcr jeden besonderen Anlass.<\/p>\n<p>&nbsp;<\/p>\n<p><strong>Details:<\/strong><br \/>\n\u2013 Transparentes Design zur optimalen Pr\u00e4sentation des Inhalts<br \/>\n\u2013 Zwei stabile seitliche Griffe<br \/>\n\u2013 Ma\u00dfe: 35 \u00d7 26 \u00d7 26 cm<br \/>\n\u2013 Leicht zu reinigen, robust und leicht<\/p>\n<p><span style=\"color: #003366;\"><em>\u00a0<\/em><\/span><\/p>\n<p><span style=\"color: #003366;\"><em>\u00a0<\/em><\/span><\/p>\n","protected":false},"excerpt":{"rendered":"<p>Eiseimer<\/p>\n","protected":false},"featured_media":9218,"template":"","meta":[],"product_brand":[],"product_cat":[192],"product_tag":[],"class_list":{"0":"post-9534","1":"product","2":"type-product","3":"status-publish","4":"has-post-thumbnail","6":"product_cat-merchandising-de","8":"first","9":"instock","10":"taxable","11":"shipping-taxable","12":"purchasable","13":"product-type-simple"},"_links":{"self":[{"href":"https:\/\/jrose.it\/de\/wp-json\/wp\/v2\/product\/9534","targetHints":{"allow":["GET"]}}],"collection":[{"href":"https:\/\/jrose.it\/de\/wp-json\/wp\/v2\/product"}],"about":[{"href":"https:\/\/jrose.it\/de\/wp-json\/wp\/v2\/types\/product"}],"wp:featuredmedia":[{"embeddable":true,"href":"https:\/\/jrose.it\/de\/wp-json\/wp\/v2\/media\/9218"}],"wp:attachment":[{"href":"https:\/\/jrose.it\/de\/wp-json\/wp\/v2\/media?parent=9534"}],"wp:term":[{"taxonomy":"product_brand","embeddable":true,"href":"https:\/\/jrose.it\/de\/wp-json\/wp\/v2\/product_brand?post=9534"},{"taxonomy":"product_cat","embeddable":true,"href":"https:\/\/jrose.it\/de\/wp-json\/wp\/v2\/product_cat?post=9534"},{"taxonomy":"product_tag","embeddable":true,"href":"https:\/\/jrose.it\/de\/wp-json\/wp\/v2\/product_tag?post=9534"}],"curies":[{"name":"wp","href":"https:\/\/api.w.org\/{rel}","templated":true}]}}