{"id":9540,"date":"2025-07-08T15:46:10","date_gmt":"2025-07-08T13:46:10","guid":{"rendered":"https:\/\/jrose.it\/shop\/neon-jr\/"},"modified":"2026-01-07T10:36:22","modified_gmt":"2026-01-07T09:36:22","slug":"neon-jr","status":"publish","type":"product","link":"https:\/\/jrose.it\/de\/shop\/neon-jr\/","title":{"rendered":"Neonschild J.Rose"},"content":{"rendered":"<p>&nbsp;<\/p>\n<p>Ein leuchtender Hingucker, der die Nacht zum Strahlen bringt.<br \/>\nDas J.Rose LED-Neonschild ist perfekt, um deinen R\u00e4umen einen urbanen, poppigen und glamour\u00f6sen Touch zu verleihen.<br \/>\nOb im Wohnzimmer, Partykeller oder auf der Terrasse \u2013 es schafft eine Ecke mit einzigartigem Charakter und bringt Farbe und Energie in Partys, Abendessen oder gesellige Runden mit Freunden.<\/p>\n<p>&nbsp;<\/p>\n<p><strong>Details:<\/strong><br \/>\n\u2013 Modernes Design in Blau<br \/>\n\u2013 Dimmbare LED-Beleuchtung zur Anpassung der Helligkeit<br \/>\n\u2013 Stromkabel und Befestigungsl\u00f6cher im Lieferumfang enthalten<br \/>\n\u2013 Ma\u00dfe: 50\u00d725\u00d72 cm<\/p>\n<p><span style=\"color: #003366;\"><em>\u00a0<\/em><\/span><\/p>\n<p><span style=\"color: #003366;\"><em>\u00a0<\/em><\/span><\/p>\n","protected":false},"excerpt":{"rendered":"<p>Neonschild<\/p>\n","protected":false},"featured_media":11289,"template":"","meta":[],"product_brand":[],"product_cat":[192],"product_tag":[],"class_list":{"0":"post-9540","1":"product","2":"type-product","3":"status-publish","4":"has-post-thumbnail","6":"product_cat-merchandising-de","8":"first","9":"instock","10":"taxable","11":"shipping-taxable","12":"purchasable","13":"product-type-simple"},"_links":{"self":[{"href":"https:\/\/jrose.it\/de\/wp-json\/wp\/v2\/product\/9540","targetHints":{"allow":["GET"]}}],"collection":[{"href":"https:\/\/jrose.it\/de\/wp-json\/wp\/v2\/product"}],"about":[{"href":"https:\/\/jrose.it\/de\/wp-json\/wp\/v2\/types\/product"}],"wp:featuredmedia":[{"embeddable":true,"href":"https:\/\/jrose.it\/de\/wp-json\/wp\/v2\/media\/11289"}],"wp:attachment":[{"href":"https:\/\/jrose.it\/de\/wp-json\/wp\/v2\/media?parent=9540"}],"wp:term":[{"taxonomy":"product_brand","embeddable":true,"href":"https:\/\/jrose.it\/de\/wp-json\/wp\/v2\/product_brand?post=9540"},{"taxonomy":"product_cat","embeddable":true,"href":"https:\/\/jrose.it\/de\/wp-json\/wp\/v2\/product_cat?post=9540"},{"taxonomy":"product_tag","embeddable":true,"href":"https:\/\/jrose.it\/de\/wp-json\/wp\/v2\/product_tag?post=9540"}],"curies":[{"name":"wp","href":"https:\/\/api.w.org\/{rel}","templated":true}]}}