{"id":9542,"date":"2025-07-08T15:09:56","date_gmt":"2025-07-08T13:09:56","guid":{"rendered":"https:\/\/jrose.it\/shop\/led\/"},"modified":"2025-07-14T17:30:33","modified_gmt":"2025-07-14T15:30:33","slug":"led","status":"publish","type":"product","link":"https:\/\/jrose.it\/de\/shop\/led\/","title":{"rendered":"Flaschenhalter J.Rose"},"content":{"rendered":"<p>&nbsp;<\/p>\n<p>Ein echtes Highlight-Objekt, das alle Blicke auf sich zieht und jede Flasche perfekt in Szene setzt.<br \/>\nDer leuchtende Flaschenhalter von J.Rose ist f\u00fcr alle gemacht, die gerne beeindrucken \u2013 ideal f\u00fcr private Events, exklusive Partys oder um deiner Hausbar einen Hauch von Design zu verleihen.<br \/>\nDas sanfte Licht, der transparente Dolch und das beleuchtete Logo machen selbst den einfachsten Abend zu einem besonderen Erlebnis.<\/p>\n<p><strong>Details:<\/strong><br \/>\n\u2013 Blaue Basis mit hinterleuchtetem, transparentem Dolch<br \/>\n\u2013 Beleuchtetes Logo, Flaschenboden und Dolch<br \/>\n\u2013 Integrierte, wiederaufladbare LED-Beleuchtung (Ladeger\u00e4t inklusive)<br \/>\n\u2013 Ma\u00dfe: Durchmesser 30 cm \u00d7 H\u00f6he 50 cm<\/p>\n<p><em>(Flasche nicht enthalten)<\/em><\/p>\n<p><span style=\"color: #003366;\"><em>\u00a0<\/em><\/span><\/p>\n<p><span style=\"color: #003366;\"><em>\u00a0<\/em><\/span><\/p>\n","protected":false},"excerpt":{"rendered":"<p>Flaschenhalter<\/p>\n","protected":false},"featured_media":9251,"template":"","meta":[],"product_brand":[],"product_cat":[192],"product_tag":[],"class_list":{"0":"post-9542","1":"product","2":"type-product","3":"status-publish","4":"has-post-thumbnail","6":"product_cat-merchandising-de","8":"first","9":"instock","10":"taxable","11":"shipping-taxable","12":"purchasable","13":"product-type-simple"},"_links":{"self":[{"href":"https:\/\/jrose.it\/de\/wp-json\/wp\/v2\/product\/9542","targetHints":{"allow":["GET"]}}],"collection":[{"href":"https:\/\/jrose.it\/de\/wp-json\/wp\/v2\/product"}],"about":[{"href":"https:\/\/jrose.it\/de\/wp-json\/wp\/v2\/types\/product"}],"wp:featuredmedia":[{"embeddable":true,"href":"https:\/\/jrose.it\/de\/wp-json\/wp\/v2\/media\/9251"}],"wp:attachment":[{"href":"https:\/\/jrose.it\/de\/wp-json\/wp\/v2\/media?parent=9542"}],"wp:term":[{"taxonomy":"product_brand","embeddable":true,"href":"https:\/\/jrose.it\/de\/wp-json\/wp\/v2\/product_brand?post=9542"},{"taxonomy":"product_cat","embeddable":true,"href":"https:\/\/jrose.it\/de\/wp-json\/wp\/v2\/product_cat?post=9542"},{"taxonomy":"product_tag","embeddable":true,"href":"https:\/\/jrose.it\/de\/wp-json\/wp\/v2\/product_tag?post=9542"}],"curies":[{"name":"wp","href":"https:\/\/api.w.org\/{rel}","templated":true}]}}