{"id":9704,"date":"2025-07-17T09:52:01","date_gmt":"2025-07-17T07:52:01","guid":{"rendered":"https:\/\/jrose.it\/shop\/cards\/"},"modified":"2025-07-17T15:03:52","modified_gmt":"2025-07-17T13:03:52","slug":"cards","status":"publish","type":"product","link":"https:\/\/jrose.it\/de\/shop\/cards\/","title":{"rendered":"Set mit 12 J.Rose-Karten"},"content":{"rendered":"<p>&nbsp;<\/p>\n<p>12 selbstklebende Karten, die die Essenz der J.Rose- und La7Vidas-Flaschen einfangen. Sie sind aus demselben handgefertigten Gips wie die Originaletiketten hergestellt. Jede Karte ist ein kleines Kunstwerk zum Sammeln und ein taktiles Erlebnis, das die Geschichte einer Leidenschaft f\u00fcr Gin durch Design erz\u00e4hlt. Perfekt, um jedes Accessoire zu personalisieren oder als Geschenk f\u00fcr Genie\u00dfer \u2013 passend zu den Flaschen.<\/p>\n<p>&#8211; Format: 5 x 7 cm<br \/>\n&#8211; Material: handgefertigter Gips mit Klebstoff<br \/>\n&#8211; Vielfalt: Mix aus exklusiven Designs von J. Rose und La7Vidas.<\/p>\n","protected":false},"excerpt":{"rendered":"<p>Set mit 12 J.Rose-Karten<\/p>\n","protected":false},"featured_media":10722,"template":"","meta":[],"product_brand":[],"product_cat":[192],"product_tag":[],"class_list":{"0":"post-9704","1":"product","2":"type-product","3":"status-publish","4":"has-post-thumbnail","6":"product_cat-merchandising-de","8":"first","9":"instock","10":"taxable","11":"shipping-taxable","12":"purchasable","13":"product-type-simple"},"_links":{"self":[{"href":"https:\/\/jrose.it\/de\/wp-json\/wp\/v2\/product\/9704","targetHints":{"allow":["GET"]}}],"collection":[{"href":"https:\/\/jrose.it\/de\/wp-json\/wp\/v2\/product"}],"about":[{"href":"https:\/\/jrose.it\/de\/wp-json\/wp\/v2\/types\/product"}],"wp:featuredmedia":[{"embeddable":true,"href":"https:\/\/jrose.it\/de\/wp-json\/wp\/v2\/media\/10722"}],"wp:attachment":[{"href":"https:\/\/jrose.it\/de\/wp-json\/wp\/v2\/media?parent=9704"}],"wp:term":[{"taxonomy":"product_brand","embeddable":true,"href":"https:\/\/jrose.it\/de\/wp-json\/wp\/v2\/product_brand?post=9704"},{"taxonomy":"product_cat","embeddable":true,"href":"https:\/\/jrose.it\/de\/wp-json\/wp\/v2\/product_cat?post=9704"},{"taxonomy":"product_tag","embeddable":true,"href":"https:\/\/jrose.it\/de\/wp-json\/wp\/v2\/product_tag?post=9704"}],"curies":[{"name":"wp","href":"https:\/\/api.w.org\/{rel}","templated":true}]}}