{"id":9921,"date":"2025-07-22T08:47:08","date_gmt":"2025-07-22T06:47:08","guid":{"rendered":"https:\/\/jrose.it\/recycle\/"},"modified":"2025-07-22T09:28:38","modified_gmt":"2025-07-22T07:28:38","slug":"recycle","status":"publish","type":"page","link":"https:\/\/jrose.it\/es\/recycle\/","title":{"rendered":"Recycle"},"content":{"rendered":"<div class=\"wpb-content-wrapper\"><p>[vc_row][vc_column][vc_empty_space][vc_single_image image=&#8221;9950&#8243; img_size=&#8221;full&#8221; alignment=&#8221;center&#8221; css=&#8221;&#8221;][vc_video link=&#8221;https:\/\/vimeo.com\/1103031001?share=copy&#8221; align=&#8221;center&#8221; css=&#8221;&#8221;][vc_separator css=&#8221;&#8221;][\/vc_column][\/vc_row][vc_row][vc_column][vc_column_text css=&#8221;&#8221;]<\/p>\n<h4 style=\"text-align: center;\"><span style=\"color: #000080;\"><strong>Las botellas J.Rose no son solo un envase: son un objeto de colecci\u00f3n, un \u00edcono de estilo y creatividad.<\/strong><\/span><\/h4>\n<p>[\/vc_column_text][vc_single_image image=&#8221;9955&#8243; img_size=&#8221;full&#8221; alignment=&#8221;center&#8221; css=&#8221;&#8221;][vc_single_image image=&#8221;9960&#8243; img_size=&#8221;FULL&#8221; css=&#8221;&#8221;][\/vc_column][\/vc_row][vc_row][vc_column][vc_separator css=&#8221;&#8221;][\/vc_column][\/vc_row][vc_row][vc_column][vc_single_image image=&#8221;9965&#8243; img_size=&#8221;full&#8221; alignment=&#8221;center&#8221; css=&#8221;&#8221;][vc_single_image image=&#8221;9997&#8243; img_size=&#8221;FULL&#8221; css=&#8221;&#8221;][vc_column_text css=&#8221;&#8221;]<\/p>\n<p class=\"p1\" style=\"text-align: left;\"><span style=\"color: #000000;\">Es importante separar la botella del tap\u00f3n y de la etiqueta para garantizar un reciclaje adecuado. Si necesitas m\u00e1s informaci\u00f3n sobre la recogida selectiva en tu zona, puedes contactar a tu ayuntamiento o al centro de reciclaje m\u00e1s cercano.<\/span><\/p>\n<p>[\/vc_column_text][vc_empty_space][\/vc_column][\/vc_row]<\/p>\n<\/div>","protected":false},"excerpt":{"rendered":"<p>[vc_row][vc_column][vc_empty_space][vc_single_image image=&#8221;9950&#8243; img_size=&#8221;full&#8221; alignment=&#8221;center&#8221; css=&#8221;&#8221;][vc_video link=&#8221;https:\/\/vimeo.com\/1103031001?share=copy&#8221; align=&#8221;center&#8221; css=&#8221;&#8221;][vc_separator css=&#8221;&#8221;][\/vc_column][\/vc_row][vc_row][vc_column][vc_column_text css=&#8221;&#8221;] Las botellas J.Rose no son solo un envase: son un objeto de colecci\u00f3n, un \u00edcono de<span class=\"excerpt-hellip\"> [\u2026]<\/span><\/p>\n","protected":false},"author":1,"featured_media":0,"parent":0,"menu_order":0,"comment_status":"closed","ping_status":"closed","template":"","meta":{"footnotes":""},"class_list":["post-9921","page","type-page","status-publish","hentry"],"_links":{"self":[{"href":"https:\/\/jrose.it\/es\/wp-json\/wp\/v2\/pages\/9921","targetHints":{"allow":["GET"]}}],"collection":[{"href":"https:\/\/jrose.it\/es\/wp-json\/wp\/v2\/pages"}],"about":[{"href":"https:\/\/jrose.it\/es\/wp-json\/wp\/v2\/types\/page"}],"author":[{"embeddable":true,"href":"https:\/\/jrose.it\/es\/wp-json\/wp\/v2\/users\/1"}],"replies":[{"embeddable":true,"href":"https:\/\/jrose.it\/es\/wp-json\/wp\/v2\/comments?post=9921"}],"version-history":[{"count":2,"href":"https:\/\/jrose.it\/es\/wp-json\/wp\/v2\/pages\/9921\/revisions"}],"predecessor-version":[{"id":10002,"href":"https:\/\/jrose.it\/es\/wp-json\/wp\/v2\/pages\/9921\/revisions\/10002"}],"wp:attachment":[{"href":"https:\/\/jrose.it\/es\/wp-json\/wp\/v2\/media?parent=9921"}],"curies":[{"name":"wp","href":"https:\/\/api.w.org\/{rel}","templated":true}]}}