{"id":10366,"date":"2025-09-18T14:47:56","date_gmt":"2025-09-18T12:47:56","guid":{"rendered":"https:\/\/jrose.it\/?post_type=product&#038;p=10366"},"modified":"2025-09-18T14:54:59","modified_gmt":"2025-09-18T12:54:59","slug":"la7vidas-tequila-blanco-con-estuche-copia","status":"publish","type":"product","link":"https:\/\/jrose.it\/es\/shop\/la7vidas-tequila-blanco-con-estuche-copia\/","title":{"rendered":"La7Vidas Tequila Blanco con Estuche (Copia)"},"content":{"rendered":"<h2><\/h2>\n<h2>La esencia aut\u00e9ntica de M\u00e9xico<\/h2>\n<p>En pleno coraz\u00f3n de <strong>Los Altos de Jalisco<\/strong>, donde la tierra se funde con el cielo azul y el alma de <strong>M\u00e9xico<\/strong> despierta entre las apasionadas notas de los <strong>Mariachis<\/strong>, nace La 7 Vidas, un tequila que no es solo un destilado, sino una experiencia para vivir, sentir y contar.<br \/>\nProducida con pasi\u00f3n y maestr\u00eda por la destilaci\u00f3n de <strong>agave azul<\/strong>, La 7 Vidas es el tributo perfecto a la extraordinaria belleza y cultura de una tierra que ha dado origen a tradiciones centenarias, donde la alegr\u00eda es un idioma universal y el tequila es su poes\u00eda.<br \/>\nLa historia de La 7 Vidas es tambi\u00e9n la historia de un sue\u00f1o: el de <strong>Alma Beltr\u00e1n<\/strong>, una joven que so\u00f1aba con convertirse en mariachi, dar voz a su alma a trav\u00e9s de la m\u00fasica. Su figura, viva y eterna, aparece en la etiqueta de cada botella, s\u00edmbolo de determinaci\u00f3n y pasi\u00f3n. Un sue\u00f1o que, al igual que el destilado que lleva su nombre, tiene ra\u00edces profundas en la tierra que lo vio nacer.<br \/>\nLo que hace a\u00fan m\u00e1s especial esta creaci\u00f3n es la mano del Maestro <strong>Milo Manara<\/strong>, quien, inspirado por un pa\u00eds M\u00e1gico, ha realizado dos obras in\u00e9ditas para celebrar el vasto patrimonio de un pueblo extraordinario. Con su inconfundible trazo, el Maestro nos transporta en un viaje visual que narra la cultura, la belleza y las emociones que se entrelazan en cada rinc\u00f3n de esta legendaria tierra.<br \/>\nLa 7 Vidas es m\u00e1s que un tequila: es un homenaje a una historia de pasi\u00f3n, tradici\u00f3n y sue\u00f1os que nunca dejan de vivir.<\/p>\n<p>&nbsp;<\/p>\n<h2>Perfil organol\u00e9ptico<\/h2>\n<p>La 7 Vidas Blanco es un tequila que brilla como un diamante Centenary, resplandeciente y puro. La cocci\u00f3n en alambique de acero resalta su transparencia y brillo y su serpent\u00edn de cobre amplifica su luminosidad, d\u00e1ndole un brillo \u00fanico.<br \/>\nCada sorbo es una explosi\u00f3n de frescura, con notas herbales que se funden en perfecta armon\u00eda. Tiene el aroma del agave reci\u00e9n cortado y su sabor envuelve el paladar como una caricia. El primer contacto es intenso y decidido, como una broma de Tony Montana. Pero luego&#8230; te sorprende, cuando descubres una suavidad y una sedosidad inesperadas que te conquistan al instante. La 7 Vidas Blanco es fresca, pero con una pasi\u00f3n arrolladora. Es delicada, pero audaz.<br \/>\n<em><strong>La 7 Vidas<\/strong> <strong>Blanco<\/strong> es como una relaci\u00f3n complicada: intensa, conflictiva, pero intrigante, porque ya sabes lo que puede desencadenar&#8230; y es por eso que te gusta y no puedes evitarlo!<\/em><\/p>\n<p>&nbsp;<\/p>\n<h2>Ficha T\u00e9cnica<\/h2>\n<table border=\"0\" cellspacing=\"0\" cellpadding=\"8\">\n<tbody>\n<tr>\n<th>Caracter\u00edstica<\/th>\n<th>Detalle<\/th>\n<\/tr>\n<tr>\n<td>Tipo de Agave<\/td>\n<td>Tequilana Weber Azul, maduraci\u00f3n m\u00ednima 6 a\u00f1os<\/td>\n<\/tr>\n<tr>\n<td>Regi\u00f3n de producci\u00f3n<\/td>\n<td>Altos de Jalisco, M\u00e9xico<\/td>\n<\/tr>\n<tr>\n<td>Destiler\u00eda<\/td>\n<td>Destiladora Santa Virginia SA DE CV<\/td>\n<\/tr>\n<tr>\n<td>NOM<\/td>\n<td>1515 CRT Consejo Regulador del Tequila<\/td>\n<\/tr>\n<tr>\n<td>Tiempo de cocci\u00f3n<\/td>\n<td>96 horas en horno de piedra<\/td>\n<\/tr>\n<tr>\n<td>Extracci\u00f3n<\/td>\n<td>Tren de molino<\/td>\n<\/tr>\n<tr>\n<td>Fermentaci\u00f3n<\/td>\n<td>Lenta en tanques abiertos<\/td>\n<\/tr>\n<tr>\n<td>Destilaci\u00f3n<\/td>\n<td>Discontinua, doble. Alambique de acero con rectificaci\u00f3n en serpent\u00edn de cobre.<\/td>\n<\/tr>\n<tr>\n<td>Maestro Tequilero<\/td>\n<td>Enrique Franco<\/td>\n<\/tr>\n<tr>\n<td>Clase<\/td>\n<td>Tequila Blanco<\/td>\n<\/tr>\n<tr>\n<td>Categor\u00eda<\/td>\n<td>100% de Agave azul<\/td>\n<\/tr>\n<tr>\n<td>Graduaci\u00f3n alcoh\u00f3lica<\/td>\n<td>40% Alc. Vol<\/td>\n<\/tr>\n<tr>\n<td>Capacidad<\/td>\n<td>700 ML<\/td>\n<\/tr>\n<\/tbody>\n<\/table>\n","protected":false},"excerpt":{"rendered":"<p>Estuche con botella de Tequila Blanco 100% Agave 70 cl 40% vol + c\u00f3mic<\/p>\n","protected":false},"featured_media":10372,"template":"","meta":[],"product_brand":[],"product_cat":[130],"product_tag":[],"class_list":{"0":"post-10366","1":"product","2":"type-product","3":"status-publish","4":"has-post-thumbnail","6":"product_cat-astucci-la7vidas-es","8":"first","9":"instock","10":"taxable","11":"shipping-taxable","12":"purchasable","13":"product-type-simple"},"_links":{"self":[{"href":"https:\/\/jrose.it\/es\/wp-json\/wp\/v2\/product\/10366","targetHints":{"allow":["GET"]}}],"collection":[{"href":"https:\/\/jrose.it\/es\/wp-json\/wp\/v2\/product"}],"about":[{"href":"https:\/\/jrose.it\/es\/wp-json\/wp\/v2\/types\/product"}],"wp:featuredmedia":[{"embeddable":true,"href":"https:\/\/jrose.it\/es\/wp-json\/wp\/v2\/media\/10372"}],"wp:attachment":[{"href":"https:\/\/jrose.it\/es\/wp-json\/wp\/v2\/media?parent=10366"}],"wp:term":[{"taxonomy":"product_brand","embeddable":true,"href":"https:\/\/jrose.it\/es\/wp-json\/wp\/v2\/product_brand?post=10366"},{"taxonomy":"product_cat","embeddable":true,"href":"https:\/\/jrose.it\/es\/wp-json\/wp\/v2\/product_cat?post=10366"},{"taxonomy":"product_tag","embeddable":true,"href":"https:\/\/jrose.it\/es\/wp-json\/wp\/v2\/product_tag?post=10366"}],"curies":[{"name":"wp","href":"https:\/\/api.w.org\/{rel}","templated":true}]}}