{"id":10457,"date":"2025-09-30T14:40:51","date_gmt":"2025-09-30T12:40:51","guid":{"rendered":"https:\/\/jrose.it\/?post_type=product&#038;p=10457"},"modified":"2025-09-30T14:54:28","modified_gmt":"2025-09-30T12:54:28","slug":"j-rose-estuche-copia-copia-copia","status":"publish","type":"product","link":"https:\/\/jrose.it\/es\/shop\/j-rose-estuche-copia-copia-copia\/","title":{"rendered":"J.Rose + Estuche (Copia) (Copia) (Copia)"},"content":{"rendered":"<p>Las notas predominantes de J.Rose son las de enebro.<\/p>\n<p>La nariz es c\u00e1lida y picante. Los delicados aromas c\u00edtricos de la bergamota y la c\u00e1scara de mandarina refrescan el aliento y le dan un equilibrio suave y sedoso. El aroma de las flores de la tuna rebota desde la nariz hasta el paladar y libera un regusto afrutado. La esencia amaderada la da la corteza de roble, caracterizada por notas tostadas que recuerdan a las de avellana y nuez.<\/p>\n<p>J.Rose tiene un color transparente y claro. Al entrar en contacto con el hielo y la t\u00f3nica, los aceites esenciales de bergamota se expanden y dan al c\u00f3ctel un reflejo plateado y naturalmente turbio.<\/p>\n<p>Su 43% de graduaci\u00f3n alcoh\u00f3lica potencia los nueve bot\u00e1nicos, convirti\u00e9ndola en una ginebra perfecta para los c\u00f3cteles m\u00e1s exclusivos.<\/p>\n","protected":false},"excerpt":{"rendered":"<h5>70CL\u00a0 | Grado alcoh\u00f3lico 43%<\/h5>\n","protected":false},"featured_media":10468,"template":"","meta":[],"product_brand":[],"product_cat":[96],"product_tag":[],"class_list":{"0":"post-10457","1":"product","2":"type-product","3":"status-publish","4":"has-post-thumbnail","6":"product_cat-estuche-es","8":"first","9":"instock","10":"taxable","11":"shipping-taxable","12":"purchasable","13":"product-type-simple"},"_links":{"self":[{"href":"https:\/\/jrose.it\/es\/wp-json\/wp\/v2\/product\/10457","targetHints":{"allow":["GET"]}}],"collection":[{"href":"https:\/\/jrose.it\/es\/wp-json\/wp\/v2\/product"}],"about":[{"href":"https:\/\/jrose.it\/es\/wp-json\/wp\/v2\/types\/product"}],"wp:featuredmedia":[{"embeddable":true,"href":"https:\/\/jrose.it\/es\/wp-json\/wp\/v2\/media\/10468"}],"wp:attachment":[{"href":"https:\/\/jrose.it\/es\/wp-json\/wp\/v2\/media?parent=10457"}],"wp:term":[{"taxonomy":"product_brand","embeddable":true,"href":"https:\/\/jrose.it\/es\/wp-json\/wp\/v2\/product_brand?post=10457"},{"taxonomy":"product_cat","embeddable":true,"href":"https:\/\/jrose.it\/es\/wp-json\/wp\/v2\/product_cat?post=10457"},{"taxonomy":"product_tag","embeddable":true,"href":"https:\/\/jrose.it\/es\/wp-json\/wp\/v2\/product_tag?post=10457"}],"curies":[{"name":"wp","href":"https:\/\/api.w.org\/{rel}","templated":true}]}}