{"id":10593,"date":"2025-10-02T15:01:10","date_gmt":"2025-10-02T13:01:10","guid":{"rendered":"https:\/\/jrose.it\/shop\/la7vidas-small-gift-bag\/"},"modified":"2025-12-10T16:28:26","modified_gmt":"2025-12-10T15:28:26","slug":"la7vidas-small-gift-bag","status":"publish","type":"product","link":"https:\/\/jrose.it\/es\/shop\/la7vidas-small-gift-bag\/","title":{"rendered":"Bolsa de regalo peque\u00f1a La7Vidas"},"content":{"rendered":"<p>&nbsp;<\/p>\n<p><span style=\"color: #003366;\">Completa tu compra con un toque final de clase. Esta bolsa r\u00edgida, con su elegante dise\u00f1o en blanco, negro y plata, est\u00e1 pensada para realzar cada botella de La7Vidas. La elecci\u00f3n ideal para un regalo impecable, est\u00e1 dise\u00f1ada para albergar perfectamente tanto una botella suelta como una botella ya presentada en su estuche.<\/span><\/p>\n<p><span style=\"color: #003366;\">Caracter\u00edsticas:<\/span><\/p>\n<ul>\n<li class=\"ds-markdown-paragraph\"><span style=\"color: #003366;\"><strong>Material:<\/strong> Cart\u00f3n r\u00edgido de alta calidad, blanco con los laterales negros.<\/span><\/li>\n<li class=\"ds-markdown-paragraph\"><span style=\"color: #003366;\"><strong>Dise\u00f1o exclusivo:<\/strong> Logotipo La7Vidas estampado en bronce en caliente sobre relieve.<\/span><\/li>\n<li class=\"ds-markdown-paragraph\"><span style=\"color: #003366;\"><strong>C\u00f3modo agarre:<\/strong> Asas resistentes de cinta negra.<\/span><\/li>\n<li class=\"ds-markdown-paragraph\"><span style=\"color: #003366;\"><strong>Perfecto para:<\/strong> Botellas individuales y botellas con estuche.<\/span><\/li>\n<li class=\"ds-markdown-paragraph\"><span style=\"color: #003366;\"><strong>Medidas:<\/strong>\u00a012 x 12 x 40 cm.<em>\u00a0<\/em><\/span><\/li>\n<\/ul>\n","protected":false},"excerpt":{"rendered":"<p>Bolsa de regalo peque\u00f1a La7Vidas<\/p>\n","protected":false},"featured_media":10535,"template":"","meta":[],"product_brand":[],"product_cat":[193],"product_tag":[],"class_list":{"0":"post-10593","1":"product","2":"type-product","3":"status-publish","4":"has-post-thumbnail","6":"product_cat-merchandising-es","8":"first","9":"instock","10":"taxable","11":"shipping-taxable","12":"purchasable","13":"product-type-simple"},"_links":{"self":[{"href":"https:\/\/jrose.it\/es\/wp-json\/wp\/v2\/product\/10593","targetHints":{"allow":["GET"]}}],"collection":[{"href":"https:\/\/jrose.it\/es\/wp-json\/wp\/v2\/product"}],"about":[{"href":"https:\/\/jrose.it\/es\/wp-json\/wp\/v2\/types\/product"}],"wp:featuredmedia":[{"embeddable":true,"href":"https:\/\/jrose.it\/es\/wp-json\/wp\/v2\/media\/10535"}],"wp:attachment":[{"href":"https:\/\/jrose.it\/es\/wp-json\/wp\/v2\/media?parent=10593"}],"wp:term":[{"taxonomy":"product_brand","embeddable":true,"href":"https:\/\/jrose.it\/es\/wp-json\/wp\/v2\/product_brand?post=10593"},{"taxonomy":"product_cat","embeddable":true,"href":"https:\/\/jrose.it\/es\/wp-json\/wp\/v2\/product_cat?post=10593"},{"taxonomy":"product_tag","embeddable":true,"href":"https:\/\/jrose.it\/es\/wp-json\/wp\/v2\/product_tag?post=10593"}],"curies":[{"name":"wp","href":"https:\/\/api.w.org\/{rel}","templated":true}]}}