{"id":1106,"date":"2024-06-11T18:00:52","date_gmt":"2024-06-11T16:00:52","guid":{"rendered":"https:\/\/jrose.it\/shop\/j-rose-london-dry-ginebra-artesana-4\/"},"modified":"2024-06-12T20:25:44","modified_gmt":"2024-06-12T18:25:44","slug":"j-rose-london-dry-ginebra-artesana-4","status":"publish","type":"product","link":"https:\/\/jrose.it\/es\/shop\/j-rose-london-dry-ginebra-artesana-4\/","title":{"rendered":"J.Rose London Dry Ginebra Artesana 70 cl"},"content":{"rendered":"<p>Las notas predominantes de J.Rose son las de enebro.<br \/>\nEn la nariz se percibe c\u00e1lido e intenso. Los delicados aromas c\u00edtricos de la bergamota y la piel de mandarina son refrescantes y aportan un equilibrio suave y sedoso.<br \/>\nEl aroma de las flores de higo chumbo se propaga desde la nariz hasta el paladar y libera un regusto afrutado.<br \/>\nLa esencia amaderada la proporciona la corteza de roble, caracterizada por notas tostadas que recuerdan a las de avellana y nuez.<br \/>\nSu 43% de graduaci\u00f3n alcoh\u00f3lica potencia los nueve elementos, convirti\u00e9ndola en una ginebra perfecta para los c\u00f3cteles m\u00e1s exclusivos.<\/p>\n","protected":false},"excerpt":{"rendered":"<h5>70CL\u00a0 |\u00a0 Gradaci\u00f3n 43%<\/h5>\n","protected":false},"featured_media":6387,"template":"","meta":[],"product_brand":[],"product_cat":[54],"product_tag":[],"class_list":{"0":"post-1106","1":"product","2":"type-product","3":"status-publish","4":"has-post-thumbnail","6":"product_cat-gin-es","8":"first","9":"instock","10":"taxable","11":"shipping-taxable","12":"purchasable","13":"product-type-simple"},"_links":{"self":[{"href":"https:\/\/jrose.it\/es\/wp-json\/wp\/v2\/product\/1106","targetHints":{"allow":["GET"]}}],"collection":[{"href":"https:\/\/jrose.it\/es\/wp-json\/wp\/v2\/product"}],"about":[{"href":"https:\/\/jrose.it\/es\/wp-json\/wp\/v2\/types\/product"}],"wp:featuredmedia":[{"embeddable":true,"href":"https:\/\/jrose.it\/es\/wp-json\/wp\/v2\/media\/6387"}],"wp:attachment":[{"href":"https:\/\/jrose.it\/es\/wp-json\/wp\/v2\/media?parent=1106"}],"wp:term":[{"taxonomy":"product_brand","embeddable":true,"href":"https:\/\/jrose.it\/es\/wp-json\/wp\/v2\/product_brand?post=1106"},{"taxonomy":"product_cat","embeddable":true,"href":"https:\/\/jrose.it\/es\/wp-json\/wp\/v2\/product_cat?post=1106"},{"taxonomy":"product_tag","embeddable":true,"href":"https:\/\/jrose.it\/es\/wp-json\/wp\/v2\/product_tag?post=1106"}],"curies":[{"name":"wp","href":"https:\/\/api.w.org\/{rel}","templated":true}]}}