{"id":1131,"date":"2022-04-11T18:19:09","date_gmt":"2022-04-11T16:19:09","guid":{"rendered":"https:\/\/jrose.it\/shop\/box-j-rose-london-dry-gin-5\/"},"modified":"2024-06-11T21:55:33","modified_gmt":"2024-06-11T19:55:33","slug":"box-j-rose-london-dry-gin-5","status":"publish","type":"product","link":"https:\/\/jrose.it\/es\/shop\/box-j-rose-london-dry-gin-5\/","title":{"rendered":"Box J.Rose London Dry Gin 70 cl"},"content":{"rendered":"<p>La confecci\u00f3n hace que la experiencia sea a\u00fan m\u00e1s emocionante: envuelve J.Rose y 2 vasos un elegante estuche cuya tapa se vuelve un cuadro firmado de la mano del mismo Milo Manara. Una combinaci\u00f3n perfecta para una idea de regalo refinada.<\/p>\n<p>Elementos naturales como el m\u00e1rmol de Carrara, el yeso y el travertino romano son los protagonistas dentro de una mezcla de materiales con una larga tradici\u00f3n italiana. El resultado es una superficie natural que evoca la de los antiguos frescos. Tanto la tapa de la caja como la etiqueta del J.Rose est\u00e1n adornadas con el fresco. El acabado material, hecho a mano, permite exaltar la belleza de esos objetos de adorno que confieren a los espacios una identidad inconfundible.<\/p>\n","protected":false},"excerpt":{"rendered":"<div><span style=\"font-family: arial, sans-serif;\">1 J.Rose 70 CL<\/span><\/div>\n<div><span style=\"font-family: arial, sans-serif;\">2 Vasos<\/span><\/div>\n<div><span style=\"font-family: arial, sans-serif;\">1 Caja de lujo con tapa cuadro de Milo Manara<\/span><\/div>\n","protected":false},"featured_media":6623,"template":"","meta":[],"product_brand":[],"product_cat":[58],"product_tag":[],"class_list":{"0":"post-1131","1":"product","2":"type-product","3":"status-publish","4":"has-post-thumbnail","6":"product_cat-box-es","8":"first","9":"instock","10":"taxable","11":"shipping-taxable","12":"purchasable","13":"product-type-simple"},"_links":{"self":[{"href":"https:\/\/jrose.it\/es\/wp-json\/wp\/v2\/product\/1131","targetHints":{"allow":["GET"]}}],"collection":[{"href":"https:\/\/jrose.it\/es\/wp-json\/wp\/v2\/product"}],"about":[{"href":"https:\/\/jrose.it\/es\/wp-json\/wp\/v2\/types\/product"}],"wp:featuredmedia":[{"embeddable":true,"href":"https:\/\/jrose.it\/es\/wp-json\/wp\/v2\/media\/6623"}],"wp:attachment":[{"href":"https:\/\/jrose.it\/es\/wp-json\/wp\/v2\/media?parent=1131"}],"wp:term":[{"taxonomy":"product_brand","embeddable":true,"href":"https:\/\/jrose.it\/es\/wp-json\/wp\/v2\/product_brand?post=1131"},{"taxonomy":"product_cat","embeddable":true,"href":"https:\/\/jrose.it\/es\/wp-json\/wp\/v2\/product_cat?post=1131"},{"taxonomy":"product_tag","embeddable":true,"href":"https:\/\/jrose.it\/es\/wp-json\/wp\/v2\/product_tag?post=1131"}],"curies":[{"name":"wp","href":"https:\/\/api.w.org\/{rel}","templated":true}]}}