{"id":11455,"date":"2026-02-11T09:49:17","date_gmt":"2026-02-11T08:49:17","guid":{"rendered":"https:\/\/jrose.it\/shop\/vladimir-volegov\/"},"modified":"2026-02-11T12:04:09","modified_gmt":"2026-02-11T11:04:09","slug":"vladimir-volegov","status":"publish","type":"product","link":"https:\/\/jrose.it\/es\/shop\/vladimir-volegov\/","title":{"rendered":"Vladimir VOLEGOV"},"content":{"rendered":"","protected":false},"excerpt":{"rendered":"<p>Nacido en 1957 en Khabarovsk, en el Lejano Oriente ruso, pas\u00f3 su infancia en constantes desplazamientos, siempre acompa\u00f1ado por la presencia atenta y amorosa de su madre. Desde ni\u00f1o, la pintura fue para \u00e9l una necesidad profunda: la forma m\u00e1s natural de observar, comprender y dar forma al mundo. El cuidado de su madre molde\u00f3 en \u00e9l una sensibilidad hacia el universo femenino, que se convertir\u00eda en el coraz\u00f3n de su visi\u00f3n art\u00edstica.<\/p>\n<p>Las mujeres\u2014con su fuerza silenciosa, su ternura y su sabidur\u00eda\u2014son una fuente inagotable de inspiraci\u00f3n. A trav\u00e9s de ellas aprendi\u00f3 que la delicadeza y la sensibilidad son formas profundas de fuerza.<\/p>\n<p>Durante su formaci\u00f3n art\u00edstica, conoci\u00f3 a los grandes maestros de la pintura cl\u00e1sica: Repin y Serov marcaron sus primeros pasos, mientras que Anders Zorn, John Singer Sargent, Giovanni Boldini y Joaqu\u00edn Sorolla contribuyeron a definir su lenguaje, basado en la verdad emocional del retrato, la gracia del gesto y la luz como portadora de sentimiento.<\/p>\n<p>Ha trabajado en diversos campos\u2014desde la ilustraci\u00f3n hasta proyectos editoriales y digitales\u2014sin abandonar nunca la pintura. Viajando por Europa y realizando retratos en las calles de Barcelona, Berl\u00edn y Viena, aprendi\u00f3 a captar r\u00e1pidamente la esencia emocional de las personas, perfeccionando su forma de representarla.<\/p>\n<p>Los temas principales de su investigaci\u00f3n art\u00edstica son la mujer y la infancia: capturando momentos \u00edntimos, busca transmitir cuidado, ternura y amor, haciendo visible la emoci\u00f3n.<\/p>\n<p>A comienzos de los a\u00f1os 2000, su trabajo alcanz\u00f3 visibilidad internacional gracias a colaboraciones con galer\u00edas en Europa y Estados Unidos, consolidando un realismo rom\u00e1ntico contempor\u00e1neo centrado en la figura humana.<\/p>\n<p>Desde 2006 vive en Espa\u00f1a, cuya luz y atm\u00f3sfera influyen de manera natural en su pintura. Aqu\u00ed su investigaci\u00f3n se ha vuelto m\u00e1s personal, orientada no a la semejanza formal, sino a la resonancia emocional: lo que permanece cuando el tiempo parece detenerse.<\/p>\n<p>Hoy contin\u00faa trabajando entre encargos privados y proyectos personales, fiel a una idea que lo ha acompa\u00f1ado siempre: la pintura debe respirar vida, emoci\u00f3n y humanidad. Cada obra nace como un gesto de admiraci\u00f3n y gratitud hacia la belleza interior del ser humano.<\/p>\n","protected":false},"featured_media":11451,"template":"","meta":[],"product_brand":[],"product_cat":[263],"product_tag":[],"class_list":{"0":"post-11455","1":"product","2":"type-product","3":"status-publish","4":"has-post-thumbnail","6":"product_cat-vladimir-volegov-es","8":"first","9":"instock","10":"taxable","11":"shipping-taxable","12":"product-type-simple"},"_links":{"self":[{"href":"https:\/\/jrose.it\/es\/wp-json\/wp\/v2\/product\/11455","targetHints":{"allow":["GET"]}}],"collection":[{"href":"https:\/\/jrose.it\/es\/wp-json\/wp\/v2\/product"}],"about":[{"href":"https:\/\/jrose.it\/es\/wp-json\/wp\/v2\/types\/product"}],"wp:featuredmedia":[{"embeddable":true,"href":"https:\/\/jrose.it\/es\/wp-json\/wp\/v2\/media\/11451"}],"wp:attachment":[{"href":"https:\/\/jrose.it\/es\/wp-json\/wp\/v2\/media?parent=11455"}],"wp:term":[{"taxonomy":"product_brand","embeddable":true,"href":"https:\/\/jrose.it\/es\/wp-json\/wp\/v2\/product_brand?post=11455"},{"taxonomy":"product_cat","embeddable":true,"href":"https:\/\/jrose.it\/es\/wp-json\/wp\/v2\/product_cat?post=11455"},{"taxonomy":"product_tag","embeddable":true,"href":"https:\/\/jrose.it\/es\/wp-json\/wp\/v2\/product_tag?post=11455"}],"curies":[{"name":"wp","href":"https:\/\/api.w.org\/{rel}","templated":true}]}}