{"id":11471,"date":"2026-02-11T09:49:17","date_gmt":"2026-02-11T08:49:17","guid":{"rendered":"https:\/\/jrose.it\/shop\/francesco-palma\/"},"modified":"2026-02-11T10:35:48","modified_gmt":"2026-02-11T09:35:48","slug":"francesco-palma","status":"publish","type":"product","link":"https:\/\/jrose.it\/es\/shop\/francesco-palma\/","title":{"rendered":"Francesco PALMA"},"content":{"rendered":"","protected":false},"excerpt":{"rendered":"<p>Francesco Palma es un artista que ha dedicado m\u00e1s de cuarenta a\u00f1os a explorar la pintura decorativa, el retrato y el dise\u00f1o esc\u00e9nico con rigor y sensibilidad, combinando maestr\u00eda t\u00e9cnica con profundidad emocional. Palma ha desarrollado un lenguaje visual que se mueve entre la memoria y la contemporaneidad, privilegiando la autenticidad del gesto y la intensidad de la l\u00ednea. En 1998, junto con Dario Roselli, fund\u00f3 FRADA, un taller de arte especializado en frescos pintados a mano para residencias prestigiosas de todo el mundo. Hoy, Francesco Palma dirige la divisi\u00f3n de pintura a mano en Affreschi &amp; Affreschi, la empresa propietaria de la marca J.Rose. Para la colecci\u00f3n Follow the Flow de J.Rose, Palma transforma la superficie de la etiqueta en una narrativa pict\u00f3rica en movimiento, donde formas y s\u00edmbolos bailan en armon\u00eda, evocando los ritmos y gestos de diferentes culturas. Cada etiqueta se convierte en una coreograf\u00eda visual, un entramado de emociones que devuelve al gesto pict\u00f3rico su papel narrativo y sensorial.<\/p>\n","protected":false},"featured_media":11484,"template":"","meta":[],"product_brand":[],"product_cat":[267],"product_tag":[],"class_list":{"0":"post-11471","1":"product","2":"type-product","3":"status-publish","4":"has-post-thumbnail","6":"product_cat-francesco-palma-es","8":"first","9":"instock","10":"taxable","11":"shipping-taxable","12":"product-type-simple"},"_links":{"self":[{"href":"https:\/\/jrose.it\/es\/wp-json\/wp\/v2\/product\/11471","targetHints":{"allow":["GET"]}}],"collection":[{"href":"https:\/\/jrose.it\/es\/wp-json\/wp\/v2\/product"}],"about":[{"href":"https:\/\/jrose.it\/es\/wp-json\/wp\/v2\/types\/product"}],"wp:featuredmedia":[{"embeddable":true,"href":"https:\/\/jrose.it\/es\/wp-json\/wp\/v2\/media\/11484"}],"wp:attachment":[{"href":"https:\/\/jrose.it\/es\/wp-json\/wp\/v2\/media?parent=11471"}],"wp:term":[{"taxonomy":"product_brand","embeddable":true,"href":"https:\/\/jrose.it\/es\/wp-json\/wp\/v2\/product_brand?post=11471"},{"taxonomy":"product_cat","embeddable":true,"href":"https:\/\/jrose.it\/es\/wp-json\/wp\/v2\/product_cat?post=11471"},{"taxonomy":"product_tag","embeddable":true,"href":"https:\/\/jrose.it\/es\/wp-json\/wp\/v2\/product_tag?post=11471"}],"curies":[{"name":"wp","href":"https:\/\/api.w.org\/{rel}","templated":true}]}}