{"id":11475,"date":"2026-02-11T09:40:49","date_gmt":"2026-02-11T08:40:49","guid":{"rendered":"https:\/\/jrose.it\/shop\/milo-manara\/"},"modified":"2026-02-11T10:45:30","modified_gmt":"2026-02-11T09:45:30","slug":"milo-manara","status":"publish","type":"product","link":"https:\/\/jrose.it\/es\/shop\/milo-manara\/","title":{"rendered":"Milo MANARA"},"content":{"rendered":"","protected":false},"excerpt":{"rendered":"<p><span class=\"il\">Milo Manara<\/span> naci\u00f3 en Luson, en la provincia de Bolzano, el 12 de septiembre de 1945. Debut\u00f3 a finales de la d\u00e9cada de 1960 como autor de historias er\u00f3tico-detectivescas. En la d\u00e9cada de 1970 colabor\u00f3 con Corriere dei Ragazzi y muchas otras revistas de c\u00f3mics de la \u00e9poca. Bas\u00e1ndose en guiones de Alfredo Castelli y Mario Gomboli, cre\u00f3 Un fascio di bombe. Junto con Silverio Pisu, dio vida a Lo Scimmiotto y Alessio, il borghese rivoluzionario, marcando su debut en el c\u00f3mic de autor. En 1978 lleg\u00f3 un punto de inflexi\u00f3n con Giuseppe Bergman, el primer personaje de gran \u00e9xito concebido, guionizado y dibujado por <span class=\"il\">Manara<\/span>. A comienzos de la d\u00e9cada de 1980, cre\u00f3 Il Gioco, una historia que le brind\u00f3 \u00e9xito mundial. Bas\u00e1ndose en textos de Hugo Pratt, ilustr\u00f3 Tutto ricominci\u00f2 con un\u2019estate indiana y Il Gioco. Fue en este per\u00edodo cuando cre\u00f3 a la ic\u00f3nica Miele, protagonista de Il profumo dell\u2019invisibile y Candid Camera. A partir de 1987, colabor\u00f3 con Federico Fellini, adaptando uno de los guiones del director en dos historias de c\u00f3mic: Viaggio a Tulum y Il viaggio di G. Mastorna, tambi\u00e9n conocida como Fernet. A esto siguieron adaptaciones al c\u00f3mic de tres cl\u00e1sicos literarios: Gulliveriana, Kamasutra y L\u2019asino d\u2019oro. Luego ilustr\u00f3 tres historias con tem\u00e1tica social: Ballata in Si bemolle, Rivoluzione y Tre ragazze nella rete. En 2009, Marvel Comics le encarg\u00f3, junto con Chris Claremont, una historia de X-Men protagonizada por mujeres, X-Men: Ragazze in fuga. Tambi\u00e9n colabor\u00f3 con Neil Gaiman para DC Comics. Desde 2000, <span class=\"il\">Manara<\/span> ha trabajado en el proyecto Il pittore e la modella. Bas\u00e1ndose en textos de Alejandro Jodorowsky, ilustr\u00f3 un c\u00f3mic sobre los Borgia. En 2015, para Panini Comics, public\u00f3 La Tavolozza e la spada, el primero de dos vol\u00famenes dedicados a la vida de Caravaggio, seguido por La Grazia, publicado en febrero de 2019, a\u00f1o en que celebr\u00f3 cincuenta a\u00f1os de su carrera profesional. Con ocasi\u00f3n de este aniversario, el Festival de la Bande Dessin\u00e9e d&#8217;Angoul\u00eame lo honr\u00f3 por primera vez con una gran retrospectiva durante la 46.\u00aa edici\u00f3n del evento de c\u00f3mic m\u00e1s importante de Europa.<\/p>\n","protected":false},"featured_media":11461,"template":"","meta":[],"product_brand":[],"product_cat":[274,275],"product_tag":[],"class_list":{"0":"post-11475","1":"product","2":"type-product","3":"status-publish","4":"has-post-thumbnail","6":"product_cat-artisti-es","7":"product_cat-milo-manara-es","9":"first","10":"instock","11":"taxable","12":"shipping-taxable","13":"product-type-simple"},"_links":{"self":[{"href":"https:\/\/jrose.it\/es\/wp-json\/wp\/v2\/product\/11475","targetHints":{"allow":["GET"]}}],"collection":[{"href":"https:\/\/jrose.it\/es\/wp-json\/wp\/v2\/product"}],"about":[{"href":"https:\/\/jrose.it\/es\/wp-json\/wp\/v2\/types\/product"}],"wp:featuredmedia":[{"embeddable":true,"href":"https:\/\/jrose.it\/es\/wp-json\/wp\/v2\/media\/11461"}],"wp:attachment":[{"href":"https:\/\/jrose.it\/es\/wp-json\/wp\/v2\/media?parent=11475"}],"wp:term":[{"taxonomy":"product_brand","embeddable":true,"href":"https:\/\/jrose.it\/es\/wp-json\/wp\/v2\/product_brand?post=11475"},{"taxonomy":"product_cat","embeddable":true,"href":"https:\/\/jrose.it\/es\/wp-json\/wp\/v2\/product_cat?post=11475"},{"taxonomy":"product_tag","embeddable":true,"href":"https:\/\/jrose.it\/es\/wp-json\/wp\/v2\/product_tag?post=11475"}],"curies":[{"name":"wp","href":"https:\/\/api.w.org\/{rel}","templated":true}]}}