{"id":11676,"date":"2026-02-24T13:17:55","date_gmt":"2026-02-24T12:17:55","guid":{"rendered":"https:\/\/jrose.it\/shop\/il-segreto-liquore-amaro-alle-erbe\/"},"modified":"2026-04-02T13:04:12","modified_gmt":"2026-04-02T11:04:12","slug":"il-segreto-liquore-amaro-alle-erbe","status":"publish","type":"product","link":"https:\/\/jrose.it\/es\/shop\/il-segreto-liquore-amaro-alle-erbe\/","title":{"rendered":"Il Segreto &#8211; Licor amargo de hierbas"},"content":{"rendered":"<p><strong>Sangre Amarga no es para todos.<\/strong><br \/>Es para quienes buscan la belleza en el contraste, para quienes aman el abrazo entre el fuego de las especias y el hielo de la menta.<br \/>Es un amaro que fluye lento, capaz de reconfortar el esp\u00edritu tras un d\u00eda intenso.<\/p>\n<p><strong>LA ESENCIA DE LA INQUIETUD ELEGANTE<\/strong><br \/>El aspecto se presenta a la mirada con un tono marr\u00f3n impenetrable y magn\u00e9tico, enriquecido con profundos reflejos ambarinos aportados por el caramelo, que anticipan su estructura densa y aterciopelada.<\/p>\n<p><strong>EL BOUQUET |<\/strong> En nariz es una explosi\u00f3n de contrastes sabiamente orquestados.<br \/>El inicio es bals\u00e1mico y c\u00edtrico, donde la Naranja Amarga y la Mandarina danzan con la frescura silvestre del Mirto. Le siguen notas c\u00e1lidas y envolventes de Almendra Amarga y Pistacho, que se entrelazan con la dulzura hipn\u00f3tica de la Vainilla y un soplo et\u00e9reo de Hinojo Dulce.<br \/>Es un aroma que habla de tierra, de matorral mediterr\u00e1neo y de especias lejanas.<\/p>\n<p><strong>EL SORBO |<\/strong> La entrada en boca es audaz, una \u201csangre\u201d que late con vida.<br \/>La columna vertebral est\u00e1 sostenida por el vigor de la Genciana y la Corteza de Angostura, que aportan un amargor noble y ancestral. Pero es en el coraz\u00f3n del sorbo donde ocurre la magia: el picante vibrante y casi t\u00e1ctil de la Pimienta de Sichuan crea un cortocircuito sensorial, inmediatamente refrescado por una estela de Menta Natural y por las notas t\u00e1nicas y limpias del T\u00e9 Verde.<\/p>\n<p><strong>EL FINAL |<\/strong> El final es largo, persistente y profundamente arom\u00e1tico.<br \/>La nota tostada de la Nuez se une al calor del Pimiento, dejando un recuerdo especiado y ligeramente picante que invita a un nuevo e inevitable sorbo.<\/p>\n","protected":false},"excerpt":{"rendered":"<p data-start=\"0\" data-end=\"22\">70 CL | Graduaci\u00f3n 28%<\/p>\n<p data-start=\"24\" data-end=\"59\" data-is-last-node=\"\" data-is-only-node=\"\">DISPONIBLE A PARTIR DEL 31 DE MARZO<\/p>\n","protected":false},"featured_media":11572,"template":"","meta":[],"product_brand":[],"product_cat":[299],"product_tag":[],"class_list":{"0":"post-11676","1":"product","2":"type-product","3":"status-publish","4":"has-post-thumbnail","6":"product_cat-amaro-es-2","8":"first","9":"instock","10":"taxable","11":"shipping-taxable","12":"purchasable","13":"product-type-simple"},"_links":{"self":[{"href":"https:\/\/jrose.it\/es\/wp-json\/wp\/v2\/product\/11676","targetHints":{"allow":["GET"]}}],"collection":[{"href":"https:\/\/jrose.it\/es\/wp-json\/wp\/v2\/product"}],"about":[{"href":"https:\/\/jrose.it\/es\/wp-json\/wp\/v2\/types\/product"}],"wp:featuredmedia":[{"embeddable":true,"href":"https:\/\/jrose.it\/es\/wp-json\/wp\/v2\/media\/11572"}],"wp:attachment":[{"href":"https:\/\/jrose.it\/es\/wp-json\/wp\/v2\/media?parent=11676"}],"wp:term":[{"taxonomy":"product_brand","embeddable":true,"href":"https:\/\/jrose.it\/es\/wp-json\/wp\/v2\/product_brand?post=11676"},{"taxonomy":"product_cat","embeddable":true,"href":"https:\/\/jrose.it\/es\/wp-json\/wp\/v2\/product_cat?post=11676"},{"taxonomy":"product_tag","embeddable":true,"href":"https:\/\/jrose.it\/es\/wp-json\/wp\/v2\/product_tag?post=11676"}],"curies":[{"name":"wp","href":"https:\/\/api.w.org\/{rel}","templated":true}]}}