{"id":11769,"date":"2026-03-31T15:48:19","date_gmt":"2026-03-31T13:48:19","guid":{"rendered":"https:\/\/jrose.it\/?post_type=product&#038;p=11769"},"modified":"2026-04-02T13:19:36","modified_gmt":"2026-04-02T11:19:36","slug":"il-segreto-licor-amargo-de-hierbas","status":"publish","type":"product","link":"https:\/\/jrose.it\/es\/shop\/il-segreto-licor-amargo-de-hierbas\/","title":{"rendered":"Il Segreto &#8211; Licor amargo de hierbas"},"content":{"rendered":"<p><strong>Sangre Amarga no es para todos.<\/strong><br \/>\nEs para quienes buscan la belleza en el contraste, para quienes aman el abrazo entre el fuego de las especias y el hielo de la menta.<br \/>\nEs un amaro que fluye lentamente, capaz de reconfortar el esp\u00edritu despu\u00e9s de un d\u00eda intenso.<\/p>\n<p><strong>LA ESENCIA DE LA INQUIETUD ELEGANTE<\/strong><br \/>\nA la vista se presenta con una tonalidad marr\u00f3n impenetrable y magn\u00e9tica, embellecida por profundos reflejos ambarinos aportados por el caramelo, que anticipan su estructura densa y aterciopelada.<\/p>\n<p><strong>EL BOUQUET |<\/strong><br \/>\nEn nariz es una explosi\u00f3n de contrastes sabiamente orquestados.<br \/>\nLa apertura es bals\u00e1mica y c\u00edtrica, donde la Naranja Amarga y la Mandarina danzan con la frescura silvestre del Mirto. Le siguen notas c\u00e1lidas y envolventes de Almendra Amarga y Pistacho, que se entrelazan con la dulzura hipn\u00f3tica de la Vainilla y un soplo et\u00e9reo de Hinojo Dulce.<br \/>\nEs un aroma que habla de tierra, de matorral mediterr\u00e1neo y de especias lejanas.<\/p>\n<p><strong>EL SORBO |<\/strong><br \/>\nLa entrada en boca es audaz, una \u201csangre\u201d que late de vida.<br \/>\nLa columna vertebral est\u00e1 sostenida por el vigor de la Genciana y de la Corteza de Angostura, que ofrecen un amargor noble y ancestral. Pero es en el coraz\u00f3n del sorbo donde ocurre la magia: el picante vibrante y casi t\u00e1ctil de la Pimienta de Sichuan crea un cortocircuito sensorial, refrescado de inmediato por una estela de Menta Natural y por las notas t\u00e1nicas y limpias del T\u00e9 Verde.<\/p>\n<p><strong>EL FINAL |<\/strong><br \/>\nEl final es largo, persistente y profundamente arom\u00e1tico.<br \/>\nLa nota tostada de la Nuez se une al calor de la Pimienta de Jamaica, dejando un recuerdo especiado y ligeramente picante que invita a un nuevo e inevitable sorbo.<\/p>\n","protected":false},"excerpt":{"rendered":"<p>70 CL | Graduaci\u00f3n 28%<\/p>\n<p>DISPONIBLE A PARTIR DEL 31 DE MARZO<\/p>\n","protected":false},"featured_media":11775,"template":"","meta":[],"product_brand":[],"product_cat":[299,308],"product_tag":[],"class_list":{"0":"post-11769","1":"product","2":"type-product","3":"status-publish","4":"has-post-thumbnail","6":"product_cat-amaro-es-2","7":"product_cat-box-2-es","9":"first","10":"instock","11":"taxable","12":"shipping-taxable","13":"purchasable","14":"product-type-simple"},"_links":{"self":[{"href":"https:\/\/jrose.it\/es\/wp-json\/wp\/v2\/product\/11769","targetHints":{"allow":["GET"]}}],"collection":[{"href":"https:\/\/jrose.it\/es\/wp-json\/wp\/v2\/product"}],"about":[{"href":"https:\/\/jrose.it\/es\/wp-json\/wp\/v2\/types\/product"}],"wp:featuredmedia":[{"embeddable":true,"href":"https:\/\/jrose.it\/es\/wp-json\/wp\/v2\/media\/11775"}],"wp:attachment":[{"href":"https:\/\/jrose.it\/es\/wp-json\/wp\/v2\/media?parent=11769"}],"wp:term":[{"taxonomy":"product_brand","embeddable":true,"href":"https:\/\/jrose.it\/es\/wp-json\/wp\/v2\/product_brand?post=11769"},{"taxonomy":"product_cat","embeddable":true,"href":"https:\/\/jrose.it\/es\/wp-json\/wp\/v2\/product_cat?post=11769"},{"taxonomy":"product_tag","embeddable":true,"href":"https:\/\/jrose.it\/es\/wp-json\/wp\/v2\/product_tag?post=11769"}],"curies":[{"name":"wp","href":"https:\/\/api.w.org\/{rel}","templated":true}]}}