{"id":12002,"date":"2026-04-03T08:58:29","date_gmt":"2026-04-03T06:58:29","guid":{"rendered":"https:\/\/jrose.it\/shop\/guido-crepax\/"},"modified":"2026-04-17T12:57:59","modified_gmt":"2026-04-17T10:57:59","slug":"guido-crepax","status":"publish","type":"product","link":"https:\/\/jrose.it\/es\/shop\/guido-crepax\/","title":{"rendered":"Guido CREPAX"},"content":{"rendered":"","protected":false},"excerpt":{"rendered":"<p>Nacido en Mil\u00e1n en 1933 en un entorno donde el arte formaba parte de la vida cotidiana, Guido Crepax crece rodeado de m\u00fasica y sensibilidad est\u00e9tica: su padre era primer violonchelo de La Scala, y el ritmo del sonido se convierte para \u00e9l en el ritmo de la p\u00e1gina. Esta inclinaci\u00f3n por la composici\u00f3n se fusiona con el rigor de su licenciatura en Arquitectura en 1958, que le ense\u00f1a a proyectar no solo espacios, sino tambi\u00e9n vi\u00f1etas gr\u00e1ficas.<\/p>\n<p>Antes de dedicarse al c\u00f3mic, Crepax perfecciona su trazo elegante en el dise\u00f1o publicitario, creando portadas de discos de jazz y campa\u00f1as para marcas como Shell y Campari. Estas experiencias lo preparan para trasladar una est\u00e9tica moderna a sus obras m\u00e1s conocidas. En 1965 hace debutar a Valentina Rosselli en las p\u00e1ginas de <em>Linus<\/em>, inicialmente como personaje secundario. Sin embargo, pronto Valentina se convierte en la protagonista absoluta: una mujer \u00abviva\u00bb, con documento de identidad, profesi\u00f3n de fot\u00f3grafa y una psique compleja. No un arquetipo, sino un personaje que envejece junto a su autor, recorriendo la sociedad italiana de los a\u00f1os sesenta y setenta con independencia e intensidad. Crear a Valentina significaba romper tab\u00faes, explorar la emancipaci\u00f3n femenina y transformar el erotismo en una investigaci\u00f3n intelectual.<\/p>\n<p>Crepax tambi\u00e9n revolucion\u00f3 el lenguaje del c\u00f3mic, superando la cuadr\u00edcula tradicional. Su narrativa adopta ritmos cinematogr\u00e1ficos, fragmentando la acci\u00f3n en detalles m\u00ednimos \u2014un reflejo en las gafas, un gesto, una respiraci\u00f3n\u2014 y expandiendo la percepci\u00f3n del tiempo. As\u00ed, la vida cotidiana de Valentina se funde con una dimensi\u00f3n on\u00edrica, haciendo part\u00edcipe al lector de sus fragilidades y visiones. A trav\u00e9s de ella, Crepax fusiona moda, literatura y psicoan\u00e1lisis en un arte total, capaz de captar las inquietudes de una sociedad en transformaci\u00f3n.<\/p>\n<p>Crepax sigue siendo un arquitecto del deseo, capaz de traducir la est\u00e9tica del siglo XX en una l\u00ednea eterna, dejando un icono de estilo que contin\u00faa dialogando con la modernidad.<\/p>\n","protected":false},"featured_media":11839,"template":"","meta":[],"product_brand":[],"product_cat":[312],"product_tag":[],"class_list":{"0":"post-12002","1":"product","2":"type-product","3":"status-publish","4":"has-post-thumbnail","6":"product_cat-guido-crepax-es","8":"first","9":"instock","10":"taxable","11":"shipping-taxable","12":"product-type-simple"},"_links":{"self":[{"href":"https:\/\/jrose.it\/es\/wp-json\/wp\/v2\/product\/12002","targetHints":{"allow":["GET"]}}],"collection":[{"href":"https:\/\/jrose.it\/es\/wp-json\/wp\/v2\/product"}],"about":[{"href":"https:\/\/jrose.it\/es\/wp-json\/wp\/v2\/types\/product"}],"wp:featuredmedia":[{"embeddable":true,"href":"https:\/\/jrose.it\/es\/wp-json\/wp\/v2\/media\/11839"}],"wp:attachment":[{"href":"https:\/\/jrose.it\/es\/wp-json\/wp\/v2\/media?parent=12002"}],"wp:term":[{"taxonomy":"product_brand","embeddable":true,"href":"https:\/\/jrose.it\/es\/wp-json\/wp\/v2\/product_brand?post=12002"},{"taxonomy":"product_cat","embeddable":true,"href":"https:\/\/jrose.it\/es\/wp-json\/wp\/v2\/product_cat?post=12002"},{"taxonomy":"product_tag","embeddable":true,"href":"https:\/\/jrose.it\/es\/wp-json\/wp\/v2\/product_tag?post=12002"}],"curies":[{"name":"wp","href":"https:\/\/api.w.org\/{rel}","templated":true}]}}