{"id":8310,"date":"2025-05-16T10:16:18","date_gmt":"2025-05-16T08:16:18","guid":{"rendered":"https:\/\/jrose.it\/shop\/la7vidas-fumetto\/"},"modified":"2025-07-11T17:49:56","modified_gmt":"2025-07-11T15:49:56","slug":"la7vidas-fumetto","status":"publish","type":"product","link":"https:\/\/jrose.it\/es\/shop\/la7vidas-fumetto\/","title":{"rendered":"La7Vidas Novela con un ep\u00edlogo en c\u00f3mic"},"content":{"rendered":"<h3><\/h3>\n<h3><strong>La7Vidas<\/strong><\/h3>\n<h3>\u201cCuando regreses del infierno&#8230; Ya no tienes miedo. Ni siquiera de la muerte.\u201d<\/h3>\n<p>En cada rinc\u00f3n de M\u00e9xico, entre sus tierras llenas de colores y tradiciones, se esconde una historia de esperanza, redenci\u00f3n y renacimiento. Esta novela es un tributo a un pa\u00eds extraordinario, donde el pasado y el presente se entrelazan en un mosaico de historia, cultura y lugares que resguardan los secretos del alma humana.<br \/>\nLa historia de Alma Beltr\u00e1n no es solo suya. Es la historia de todos nosotros que, al perseguir un sue\u00f1o, debemos enfrentar obst\u00e1culos que parecen insuperables.<br \/>\nEs la historia de aquellos que, a veces, deben estar dispuestos a morir por dentro para luego renacer, tal como nos ense\u00f1\u00f3 un gran maestro hace m\u00e1s de dos mil a\u00f1os.<br \/>\nAlma no es solo una protagonista, sino un arquetipo, el reflejo de cualquiera que anhele descubrir y realizar su esencia m\u00e1s profunda. Con cada paso de su lucha, Alma se convierte en el s\u00edmbolo de quienes tienen el valor de reinventarse, de quienes buscan su verdad incluso cuando el camino es dif\u00edcil e incierto.<br \/>\nQue esta historia logre infundir en cada uno de nosotros un poco m\u00e1s de valent\u00eda: esa fuerza silenciosa que nos impulsa a cambiar, a transformar las dificultades en oportunidades y a nunca renunciar a lo que m\u00e1s deseamos.<\/p>\n<p>&nbsp;<\/p>\n<table style=\"height: 354px;\" border=\"0\" width=\"566\" cellspacing=\"0\" cellpadding=\"0\">\n<colgroup>\n<col width=\"87\" \/>\n<col width=\"87\" \/><\/colgroup>\n<tbody>\n<tr>\n<td class=\"xl66\" style=\"text-align: left;\" height=\"27\">Portada<\/td>\n<td class=\"xl67\" style=\"text-align: left;\">Milo Manara<\/td>\n<\/tr>\n<tr>\n<td class=\"xl66\" style=\"text-align: left;\" height=\"27\">Pintura en la p\u00e1g. 45<\/td>\n<td class=\"xl67\" style=\"text-align: left;\">Francesco Palma<\/td>\n<\/tr>\n<tr>\n<td class=\"xl66\" style=\"text-align: left;\" height=\"27\">Guion (de la p\u00e1g. 46 a la p\u00e1g. 89)<\/td>\n<td class=\"xl67\" style=\"text-align: left;\">Simone Bocci<\/td>\n<\/tr>\n<tr>\n<td class=\"xl66\" style=\"text-align: left;\" height=\"27\">Ilustraciones y colores (de la p\u00e1g. 46 a la p\u00e1g. 89)<\/td>\n<td class=\"xl67\" style=\"text-align: left;\">Michela Cacciatore<\/td>\n<\/tr>\n<tr>\n<td class=\"xl66\" style=\"text-align: left;\" height=\"27\">Numero de paginas<\/td>\n<td class=\"xl67\" style=\"text-align: left;\">96<\/td>\n<\/tr>\n<tr>\n<td class=\"xl66\" style=\"text-align: left;\" height=\"27\">Tama\u00f1o<\/td>\n<td class=\"xl67\" style=\"text-align: left;\">16&#215;23,5&#215;0,8 cm<\/td>\n<\/tr>\n<\/tbody>\n<\/table>\n","protected":false},"excerpt":{"rendered":"<p>La7Vidas c\u00f3mic<\/p>\n","protected":false},"featured_media":8088,"template":"","meta":[],"product_brand":[],"product_cat":[115],"product_tag":[],"class_list":{"0":"post-8310","1":"product","2":"type-product","3":"status-publish","4":"has-post-thumbnail","6":"product_cat-la7vidas-es","8":"first","9":"instock","10":"taxable","11":"shipping-taxable","12":"purchasable","13":"product-type-variable"},"_links":{"self":[{"href":"https:\/\/jrose.it\/es\/wp-json\/wp\/v2\/product\/8310","targetHints":{"allow":["GET"]}}],"collection":[{"href":"https:\/\/jrose.it\/es\/wp-json\/wp\/v2\/product"}],"about":[{"href":"https:\/\/jrose.it\/es\/wp-json\/wp\/v2\/types\/product"}],"wp:featuredmedia":[{"embeddable":true,"href":"https:\/\/jrose.it\/es\/wp-json\/wp\/v2\/media\/8088"}],"wp:attachment":[{"href":"https:\/\/jrose.it\/es\/wp-json\/wp\/v2\/media?parent=8310"}],"wp:term":[{"taxonomy":"product_brand","embeddable":true,"href":"https:\/\/jrose.it\/es\/wp-json\/wp\/v2\/product_brand?post=8310"},{"taxonomy":"product_cat","embeddable":true,"href":"https:\/\/jrose.it\/es\/wp-json\/wp\/v2\/product_cat?post=8310"},{"taxonomy":"product_tag","embeddable":true,"href":"https:\/\/jrose.it\/es\/wp-json\/wp\/v2\/product_tag?post=8310"}],"curies":[{"name":"wp","href":"https:\/\/api.w.org\/{rel}","templated":true}]}}