{"id":8359,"date":"2025-05-06T20:33:01","date_gmt":"2025-05-06T18:33:01","guid":{"rendered":"https:\/\/jrose.it\/shop\/la7vidas-tequila-reposado\/"},"modified":"2025-07-11T18:51:13","modified_gmt":"2025-07-11T16:51:13","slug":"la7vidas-tequila-reposado","status":"publish","type":"product","link":"https:\/\/jrose.it\/es\/shop\/la7vidas-tequila-reposado\/","title":{"rendered":"La7Vidas Tequila Reposado"},"content":{"rendered":"<h3><\/h3>\n<h3>La esencia aut\u00e9ntica de M\u00e9xico<\/h3>\n<p>En pleno coraz\u00f3n de <strong>Los Altos de Jalisco<\/strong>, donde la tierra se funde con el cielo azul y el alma de <strong>M\u00e9xico<\/strong> despierta entre las apasionadas notas de los <strong>Mariachis<\/strong>, nace La 7 Vidas, un tequila que no es solo un destilado, sino una experiencia para vivir, sentir y contar.<br \/>\nProducida con pasi\u00f3n y maestr\u00eda por la destilaci\u00f3n de agave azul, La 7 Vidas es el tributo perfecto a la extraordinaria belleza y cultura de una tierra que ha dado origen a tradiciones centenarias, donde la alegr\u00eda es un idioma universal y el tequila es su poes\u00eda.<br \/>\nLa historia de La 7 Vidas es tambi\u00e9n la historia de un sue\u00f1o: el de <strong>Alma Beltr\u00e1n<\/strong>, una joven que so\u00f1aba con convertirse en mariachi, dar voz a su alma a trav\u00e9s de la m\u00fasica. Su figura, viva y eterna, aparece en la etiqueta de cada botella, s\u00edmbolo de determinaci\u00f3n y pasi\u00f3n. Un sue\u00f1o que, al igual que el destilado que lleva su nombre, tiene ra\u00edces profundas en la tierra que lo vio nacer.<br \/>\nLo que hace a\u00fan m\u00e1s especial esta creaci\u00f3n es la mano del Maestro Milo Manara, quien, inspirado por un pa\u00eds M\u00e1gico, ha realizado dos obras in\u00e9ditas para celebrar el vasto patrimonio de un pueblo extraordinario. Con su inconfundible trazo, el Maestro nos transporta en un viaje visual que narra la cultura, la belleza y las emociones que se entrelazan en cada rinc\u00f3n de esta legendaria tierra.<br \/>\nLa 7 Vidas es m\u00e1s que un tequila: es un homenaje a una historia de pasi\u00f3n, tradici\u00f3n y sue\u00f1os que nunca dejan de vivir.<\/p>\n<p>&nbsp;<\/p>\n<h3>Perfil organol\u00e9ptico<\/h3>\n<p>La 7 Vidas Reposado es un tequila de <strong>color dorado brillante<\/strong>, que refleja su riqueza en cada sorbo. Tiene el aroma del <strong>agave reci\u00e9n cocido<\/strong> en horno de piedra, que envuelve el paladar, mientras se desvelan lentamente notas le\u00f1osas que se expanden suavemente, dejando espacio a los <strong>aromas de tostado a\u00fan caliente<\/strong>. Su aroma es profundo y terroso. La persistencia es suave y redonda, con referencias a la dulzura natural de una fruta madura y carnosa.<br \/>\n<strong>L<\/strong><em><strong>a 7 Vidas Reposado<\/strong> es como un antiguo ritual que se revela lentamente, invit\u00e1ndote a descubrir el coraz\u00f3n palpitante de una tierra llena de historia y misterio.<\/em><\/p>\n<p>&nbsp;<\/p>\n<h3>Scheda tecnica<\/h3>\n<table border=\"0\" cellspacing=\"0\" cellpadding=\"8\">\n<thead>\n<tr>\n<th>Caracter\u00edstica<\/th>\n<th>Detalle<\/th>\n<\/tr>\n<\/thead>\n<tbody>\n<tr>\n<td>Tipo de Agave<\/td>\n<td>Tequilana Weber Azul, maduraci\u00f3n m\u00ednima 6 a\u00f1os<\/td>\n<\/tr>\n<tr>\n<td>Regi\u00f3n de producci\u00f3n<\/td>\n<td>Altos de Jalisco, M\u00e9xico<\/td>\n<\/tr>\n<tr>\n<td>Destiler\u00eda<\/td>\n<td>Destiladora Santa Virginia SA DE CV<\/td>\n<\/tr>\n<tr>\n<td>NOM<\/td>\n<td>1515 CRT Consejo Regulador del Tequila<\/td>\n<\/tr>\n<tr>\n<td>Tiempo de cocci\u00f3n<\/td>\n<td>96 horas en horno de piedra<\/td>\n<\/tr>\n<tr>\n<td>Extracci\u00f3n<\/td>\n<td>Tren de molino<\/td>\n<\/tr>\n<tr>\n<td>Fermentaci\u00f3n<\/td>\n<td>Lenta en tanques abiertos<\/td>\n<\/tr>\n<tr>\n<td>Destilaci\u00f3n<\/td>\n<td>Discontinua, doble. Alambique de acero con rectificaci\u00f3n en serpent\u00edn de cobre.<\/td>\n<\/tr>\n<tr>\n<td>Maestro Tequilero<\/td>\n<td>Enrique Franco<\/td>\n<\/tr>\n<tr>\n<td>Clase<\/td>\n<td>Tequila Reposado<\/td>\n<\/tr>\n<tr>\n<td>Categor\u00eda<\/td>\n<td>100% de Agave azul<\/td>\n<\/tr>\n<tr>\n<td>Maduraci\u00f3n<\/td>\n<td>6 meses en barricas de roble franc\u00e9s<\/td>\n<\/tr>\n<tr>\n<td>Graduaci\u00f3n alcoh\u00f3lica<\/td>\n<td>40% Alc. Vol<\/td>\n<\/tr>\n<tr>\n<td>Capacidad<\/td>\n<td>700 ML<\/td>\n<\/tr>\n<\/tbody>\n<\/table>\n","protected":false},"excerpt":{"rendered":"<p>Tequila Reposado 100% Agave 70 CL 40% vol<\/p>\n","protected":false},"featured_media":7821,"template":"","meta":[],"product_brand":[],"product_cat":[125],"product_tag":[],"class_list":{"0":"post-8359","1":"product","2":"type-product","3":"status-publish","4":"has-post-thumbnail","6":"product_cat-tequila-es","8":"first","9":"instock","10":"taxable","11":"shipping-taxable","12":"purchasable","13":"product-type-simple"},"_links":{"self":[{"href":"https:\/\/jrose.it\/es\/wp-json\/wp\/v2\/product\/8359","targetHints":{"allow":["GET"]}}],"collection":[{"href":"https:\/\/jrose.it\/es\/wp-json\/wp\/v2\/product"}],"about":[{"href":"https:\/\/jrose.it\/es\/wp-json\/wp\/v2\/types\/product"}],"wp:featuredmedia":[{"embeddable":true,"href":"https:\/\/jrose.it\/es\/wp-json\/wp\/v2\/media\/7821"}],"wp:attachment":[{"href":"https:\/\/jrose.it\/es\/wp-json\/wp\/v2\/media?parent=8359"}],"wp:term":[{"taxonomy":"product_brand","embeddable":true,"href":"https:\/\/jrose.it\/es\/wp-json\/wp\/v2\/product_brand?post=8359"},{"taxonomy":"product_cat","embeddable":true,"href":"https:\/\/jrose.it\/es\/wp-json\/wp\/v2\/product_cat?post=8359"},{"taxonomy":"product_tag","embeddable":true,"href":"https:\/\/jrose.it\/es\/wp-json\/wp\/v2\/product_tag?post=8359"}],"curies":[{"name":"wp","href":"https:\/\/api.w.org\/{rel}","templated":true}]}}