{"id":9103,"date":"2025-07-08T12:51:49","date_gmt":"2025-07-08T10:51:49","guid":{"rendered":"https:\/\/jrose.it\/?post_type=product&#038;p=9103"},"modified":"2025-10-10T10:33:21","modified_gmt":"2025-10-10T08:33:21","slug":"j-rose-london-dry-gin-artigianale-70-cl-jr80","status":"publish","type":"product","link":"https:\/\/jrose.it\/es\/shop\/j-rose-london-dry-gin-artigianale-70-cl-jr80\/","title":{"rendered":"J.Rose Limited Edition"},"content":{"rendered":"<div>\n<p>&nbsp;<\/p>\n<p>\u2728 <strong>JR80 \u2013 La prima Limited Edition di J.Rose<\/strong> \u2728<\/p>\n<p>\u00c8 nelle notti stellate che nascono i sogni, perch\u00e9 ci\u00f2 che immagini gi\u00e0 esiste e vive in qualche angolo dell\u2019universo.<br \/>\nCos\u00ec prende vita <strong>JR80<\/strong>, la prima <strong>edizione limitata<\/strong> di J.Rose, creata in occasione dell\u2019<strong>80\u00b0 compleanno<\/strong> del Maestro <strong>Milo Manara<\/strong>.<br \/>\nLa JR80 \u00e8 dedicata a lui, ma anche a tutti voi che ci avete scelto e che, con la vostra fiducia, avete contribuito a far crescere questo sogno.<\/p>\n<p><strong>Dove trovarla<\/strong><br \/>\nJR80 non sar\u00e0 disponibile online.<br \/>\nPotete trovarla presso <strong>le migliori enoteche<\/strong> della vostra citt\u00e0.<\/p>\n<h4><strong>ATTENZIONE: la vostra JR80 verr\u00e0 spedita a partire dal 10 ottobre.<\/strong><\/h4>\n<p>&nbsp;<\/p>\n<p>Consulta la mappa e trova l&#8217;enoteca a te pi\u00f9 vicina.<\/p>\n<p><iframe loading=\"lazy\" src=\"https:\/\/www.google.com\/maps\/d\/u\/3\/embed?mid=1ydtPDacR47xLSQ08sVDjSXJ1vXhDung&amp;ehbc=2E312F&amp;noprof=1\" width=\"1400\" height=\"900\"><\/iframe><\/p>\n<\/div>\n<div>\n<div class=\"gmail_signature\" dir=\"ltr\" data-smartmail=\"gmail_signature\">\n<div dir=\"ltr\"><\/div>\n<\/div>\n<\/div>\n","protected":false},"excerpt":{"rendered":"<h5>70CL\u00a0 |\u00a0 Gradazione 43%<\/h5>\n","protected":false},"featured_media":10240,"template":"","meta":[],"product_brand":[],"product_cat":[15],"product_tag":[],"class_list":{"0":"post-9103","1":"product","2":"type-product","3":"status-publish","4":"has-post-thumbnail","6":"product_cat-gin","8":"first","9":"outofstock","10":"taxable","11":"shipping-taxable","12":"product-type-simple"},"_links":{"self":[{"href":"https:\/\/jrose.it\/es\/wp-json\/wp\/v2\/product\/9103","targetHints":{"allow":["GET"]}}],"collection":[{"href":"https:\/\/jrose.it\/es\/wp-json\/wp\/v2\/product"}],"about":[{"href":"https:\/\/jrose.it\/es\/wp-json\/wp\/v2\/types\/product"}],"wp:featuredmedia":[{"embeddable":true,"href":"https:\/\/jrose.it\/es\/wp-json\/wp\/v2\/media\/10240"}],"wp:attachment":[{"href":"https:\/\/jrose.it\/es\/wp-json\/wp\/v2\/media?parent=9103"}],"wp:term":[{"taxonomy":"product_brand","embeddable":true,"href":"https:\/\/jrose.it\/es\/wp-json\/wp\/v2\/product_brand?post=9103"},{"taxonomy":"product_cat","embeddable":true,"href":"https:\/\/jrose.it\/es\/wp-json\/wp\/v2\/product_cat?post=9103"},{"taxonomy":"product_tag","embeddable":true,"href":"https:\/\/jrose.it\/es\/wp-json\/wp\/v2\/product_tag?post=9103"}],"curies":[{"name":"wp","href":"https:\/\/api.w.org\/{rel}","templated":true}]}}