{"id":9467,"date":"2025-07-08T15:33:43","date_gmt":"2025-07-08T13:33:43","guid":{"rendered":"https:\/\/jrose.it\/shop\/bowl-bl\/"},"modified":"2025-07-14T17:49:32","modified_gmt":"2025-07-14T15:49:32","slug":"bowl-bl","status":"publish","type":"product","link":"https:\/\/jrose.it\/es\/shop\/bowl-bl\/","title":{"rendered":"Cubitera Led J.Rose"},"content":{"rendered":"<p>&nbsp;<\/p>\n<p>Haz que tus veladas sean inolvidables con una cubitera luminosa que aporta un toque exclusivo a cada brindis.<br \/>\nLa luz LED integrada crea un efecto envolvente, perfecto para fiestas en el jard\u00edn, cenas elegantes o momentos especiales para compartir.<br \/>\nRobusta y pr\u00e1ctica, a\u00f1ade un aire sofisticado a cualquier ocasi\u00f3n.<\/p>\n<p><strong>Caracter\u00edsticas:<\/strong><br \/>\n\u2013 Color azul, dise\u00f1o elegante y moderno<br \/>\n\u2013 Iluminaci\u00f3n LED integrada, recargable (cargador incluido)<br \/>\n\u2013 Dos asas para un transporte c\u00f3modo<br \/>\n\u2013 Dimensiones: 45 \u00d7 30 \u00d7 25 cm<\/p>\n<p>&nbsp;<\/p>\n<p><em>(botella no incluida)<\/em><\/p>\n<p><span style=\"color: #003366;\"><em>\u00a0<\/em><\/span><\/p>\n<p><span style=\"color: #003366;\"><em>\u00a0<\/em><\/span><\/p>\n","protected":false},"excerpt":{"rendered":"<p>Cubitera Led<\/p>\n","protected":false},"featured_media":9247,"template":"","meta":[],"product_brand":[],"product_cat":[193],"product_tag":[],"class_list":{"0":"post-9467","1":"product","2":"type-product","3":"status-publish","4":"has-post-thumbnail","6":"product_cat-merchandising-es","8":"first","9":"instock","10":"taxable","11":"shipping-taxable","12":"purchasable","13":"product-type-simple"},"_links":{"self":[{"href":"https:\/\/jrose.it\/es\/wp-json\/wp\/v2\/product\/9467","targetHints":{"allow":["GET"]}}],"collection":[{"href":"https:\/\/jrose.it\/es\/wp-json\/wp\/v2\/product"}],"about":[{"href":"https:\/\/jrose.it\/es\/wp-json\/wp\/v2\/types\/product"}],"wp:featuredmedia":[{"embeddable":true,"href":"https:\/\/jrose.it\/es\/wp-json\/wp\/v2\/media\/9247"}],"wp:attachment":[{"href":"https:\/\/jrose.it\/es\/wp-json\/wp\/v2\/media?parent=9467"}],"wp:term":[{"taxonomy":"product_brand","embeddable":true,"href":"https:\/\/jrose.it\/es\/wp-json\/wp\/v2\/product_brand?post=9467"},{"taxonomy":"product_cat","embeddable":true,"href":"https:\/\/jrose.it\/es\/wp-json\/wp\/v2\/product_cat?post=9467"},{"taxonomy":"product_tag","embeddable":true,"href":"https:\/\/jrose.it\/es\/wp-json\/wp\/v2\/product_tag?post=9467"}],"curies":[{"name":"wp","href":"https:\/\/api.w.org\/{rel}","templated":true}]}}