{"id":9545,"date":"2025-07-08T13:26:07","date_gmt":"2025-07-08T11:26:07","guid":{"rendered":"https:\/\/jrose.it\/shop\/cuscino\/"},"modified":"2025-07-14T17:37:11","modified_gmt":"2025-07-14T15:37:11","slug":"cuscino","status":"publish","type":"product","link":"https:\/\/jrose.it\/es\/shop\/cuscino\/","title":{"rendered":"Coj\u00edn J.Rose"},"content":{"rendered":"<p>&nbsp;<\/p>\n<p>Lleva a casa la pureza del estilo italiano reinterpretado con el inconfundible toque de J.Rose.<br \/>\nEste coj\u00edn est\u00e1 pensado para quienes disfrutan rodearse de detalles elegantes y refinados: perfecto para el sof\u00e1, la cama o un rinc\u00f3n de lectura, aporta de inmediato una sensaci\u00f3n de calidez y acogida.<br \/>\nEl relleno suave garantiza el m\u00e1ximo confort, mientras que sus l\u00edneas esenciales lo hacen vers\u00e1til y adecuado para cualquier espacio, desde el m\u00e1s minimalista hasta el m\u00e1s cl\u00e1sico.<\/p>\n<p>&nbsp;<\/p>\n<p><strong>Caracter\u00edsticas:<\/strong><br \/>\n\u2013 Dise\u00f1o sobrio, color blanco con logotipo bordado en azul y gris<br \/>\n\u2013 Relleno de calidad incluido<br \/>\n\u2013 Dimensiones: 40\u00d740\u00d715 cm<br \/>\n\u2013 Desenfundable y f\u00e1cil de limpiar<\/p>\n","protected":false},"excerpt":{"rendered":"<p>Coj\u00edn<\/p>\n","protected":false},"featured_media":9125,"template":"","meta":[],"product_brand":[],"product_cat":[193],"product_tag":[],"class_list":{"0":"post-9545","1":"product","2":"type-product","3":"status-publish","4":"has-post-thumbnail","6":"product_cat-merchandising-es","8":"first","9":"instock","10":"taxable","11":"shipping-taxable","12":"purchasable","13":"product-type-simple"},"_links":{"self":[{"href":"https:\/\/jrose.it\/es\/wp-json\/wp\/v2\/product\/9545","targetHints":{"allow":["GET"]}}],"collection":[{"href":"https:\/\/jrose.it\/es\/wp-json\/wp\/v2\/product"}],"about":[{"href":"https:\/\/jrose.it\/es\/wp-json\/wp\/v2\/types\/product"}],"wp:featuredmedia":[{"embeddable":true,"href":"https:\/\/jrose.it\/es\/wp-json\/wp\/v2\/media\/9125"}],"wp:attachment":[{"href":"https:\/\/jrose.it\/es\/wp-json\/wp\/v2\/media?parent=9545"}],"wp:term":[{"taxonomy":"product_brand","embeddable":true,"href":"https:\/\/jrose.it\/es\/wp-json\/wp\/v2\/product_brand?post=9545"},{"taxonomy":"product_cat","embeddable":true,"href":"https:\/\/jrose.it\/es\/wp-json\/wp\/v2\/product_cat?post=9545"},{"taxonomy":"product_tag","embeddable":true,"href":"https:\/\/jrose.it\/es\/wp-json\/wp\/v2\/product_tag?post=9545"}],"curies":[{"name":"wp","href":"https:\/\/api.w.org\/{rel}","templated":true}]}}