{"id":9551,"date":"2025-07-08T13:33:52","date_gmt":"2025-07-08T11:33:52","guid":{"rendered":"https:\/\/jrose.it\/shop\/bag-jr\/"},"modified":"2025-07-14T17:42:08","modified_gmt":"2025-07-14T15:42:08","slug":"bag-jr","status":"publish","type":"product","link":"https:\/\/jrose.it\/es\/shop\/bag-jr\/","title":{"rendered":"Bolso de playa J.Rose"},"content":{"rendered":"<p>&nbsp;<\/p>\n<p><strong>Amplio, luminoso y resistente<\/strong>: el bolso de playa J.Rose es el compa\u00f1ero ideal para tus aventuras de verano.<br \/>\nGracias a su combinaci\u00f3n de lona y yute, es resistente pero ligero, perfecto para llevar todo lo que necesitas en un d\u00eda soleado: toallas, ba\u00f1adores, protectores solares, revistas y peque\u00f1os objetos personales.<br \/>\nSu estilo limpio y elegante, realzado por el logo bordado, lo convierte tambi\u00e9n en una opci\u00f3n ideal para un aperitivo despu\u00e9s de la playa o un paseo por la ciudad.<\/p>\n<p>&nbsp;<\/p>\n<p><strong>Caracter\u00edsticas:<\/strong><br \/>\n\u2013 Dise\u00f1o blanco con logo azul y gris<br \/>\n\u2013 Parte frontal en lona resistente, borde y parte trasera en yute natural<br \/>\n\u2013 Interior espacioso y asas c\u00f3modas<br \/>\n\u2013 Dimensiones: 45\u00d738\u00d715 cm<\/p>\n","protected":false},"excerpt":{"rendered":"<p>Bolso de playa<\/p>\n","protected":false},"featured_media":9161,"template":"","meta":[],"product_brand":[],"product_cat":[193],"product_tag":[],"class_list":{"0":"post-9551","1":"product","2":"type-product","3":"status-publish","4":"has-post-thumbnail","6":"product_cat-merchandising-es","8":"first","9":"instock","10":"taxable","11":"shipping-taxable","12":"purchasable","13":"product-type-simple"},"_links":{"self":[{"href":"https:\/\/jrose.it\/es\/wp-json\/wp\/v2\/product\/9551","targetHints":{"allow":["GET"]}}],"collection":[{"href":"https:\/\/jrose.it\/es\/wp-json\/wp\/v2\/product"}],"about":[{"href":"https:\/\/jrose.it\/es\/wp-json\/wp\/v2\/types\/product"}],"wp:featuredmedia":[{"embeddable":true,"href":"https:\/\/jrose.it\/es\/wp-json\/wp\/v2\/media\/9161"}],"wp:attachment":[{"href":"https:\/\/jrose.it\/es\/wp-json\/wp\/v2\/media?parent=9551"}],"wp:term":[{"taxonomy":"product_brand","embeddable":true,"href":"https:\/\/jrose.it\/es\/wp-json\/wp\/v2\/product_brand?post=9551"},{"taxonomy":"product_cat","embeddable":true,"href":"https:\/\/jrose.it\/es\/wp-json\/wp\/v2\/product_cat?post=9551"},{"taxonomy":"product_tag","embeddable":true,"href":"https:\/\/jrose.it\/es\/wp-json\/wp\/v2\/product_tag?post=9551"}],"curies":[{"name":"wp","href":"https:\/\/api.w.org\/{rel}","templated":true}]}}