{"id":9557,"date":"2025-07-08T14:12:39","date_gmt":"2025-07-08T12:12:39","guid":{"rendered":"https:\/\/jrose.it\/shop\/c-lamp\/"},"modified":"2025-07-14T17:48:04","modified_gmt":"2025-07-14T15:48:04","slug":"c-lamp","status":"publish","type":"product","link":"https:\/\/jrose.it\/es\/shop\/c-lamp\/","title":{"rendered":"L\u00e1mpara Led J.Rose"},"content":{"rendered":"<p>&nbsp;<\/p>\n<p>Un detalle sorprendente para convertir cada botella J.Rose en un punto de luz con encanto.<br \/>\nEsta l\u00e1mpara LED es perfecta para crear rincones iluminados sobre la mesa, en el jard\u00edn o en el balc\u00f3n, a\u00f1adiendo un toque de estilo a tus veladas.<br \/>\nF\u00e1cil de recargar e insertar, es el accesorio ideal para realzar cenas rom\u00e1nticas, fiestas al aire libre o simplemente dar personalidad a tu hogar.<\/p>\n<p><strong>Caracter\u00edsticas:<\/strong><br \/>\n\u2013 Color corten con logotipo calado retroiluminado<br \/>\n\u2013 Iluminaci\u00f3n LED integrada, regulable y recargable (cable USB incluido)<br \/>\n\u2013 Bater\u00eda de alto rendimiento<br \/>\n\u2013 Autonom\u00eda: hasta 9 horas de funcionamiento continuo<br \/>\n\u2013 Dimensiones: di\u00e1metro 14 cm, altura 4,5 cm<br \/>\n\u2013 F\u00e1cil de colocar y mover<\/p>\n<p><em>(botella no incluida)<\/em><\/p>\n<p><span style=\"color: #003366;\"><em>\u00a0<\/em><\/span><\/p>\n","protected":false},"excerpt":{"rendered":"<p>L\u00e1mpara Led<\/p>\n","protected":false},"featured_media":9187,"template":"","meta":[],"product_brand":[],"product_cat":[193],"product_tag":[],"class_list":{"0":"post-9557","1":"product","2":"type-product","3":"status-publish","4":"has-post-thumbnail","6":"product_cat-merchandising-es","8":"first","9":"instock","10":"taxable","11":"shipping-taxable","12":"purchasable","13":"product-type-simple"},"_links":{"self":[{"href":"https:\/\/jrose.it\/es\/wp-json\/wp\/v2\/product\/9557","targetHints":{"allow":["GET"]}}],"collection":[{"href":"https:\/\/jrose.it\/es\/wp-json\/wp\/v2\/product"}],"about":[{"href":"https:\/\/jrose.it\/es\/wp-json\/wp\/v2\/types\/product"}],"wp:featuredmedia":[{"embeddable":true,"href":"https:\/\/jrose.it\/es\/wp-json\/wp\/v2\/media\/9187"}],"wp:attachment":[{"href":"https:\/\/jrose.it\/es\/wp-json\/wp\/v2\/media?parent=9557"}],"wp:term":[{"taxonomy":"product_brand","embeddable":true,"href":"https:\/\/jrose.it\/es\/wp-json\/wp\/v2\/product_brand?post=9557"},{"taxonomy":"product_cat","embeddable":true,"href":"https:\/\/jrose.it\/es\/wp-json\/wp\/v2\/product_cat?post=9557"},{"taxonomy":"product_tag","embeddable":true,"href":"https:\/\/jrose.it\/es\/wp-json\/wp\/v2\/product_tag?post=9557"}],"curies":[{"name":"wp","href":"https:\/\/api.w.org\/{rel}","templated":true}]}}