{"id":9559,"date":"2025-07-08T15:46:10","date_gmt":"2025-07-08T13:46:10","guid":{"rendered":"https:\/\/jrose.it\/shop\/neon-jr\/"},"modified":"2026-01-07T10:36:41","modified_gmt":"2026-01-07T09:36:41","slug":"neon-jr","status":"publish","type":"product","link":"https:\/\/jrose.it\/es\/shop\/neon-jr\/","title":{"rendered":"Letrero J.Rose"},"content":{"rendered":"<p>&nbsp;<\/p>\n<p>Un destello luminoso que enciende la noche.<br \/>\nEl r\u00f3tulo J.Rose es perfecto para a\u00f1adir un toque urbano, pop y glamuroso a tus espacios.<br \/>\nIdeal para colgar en casa, en la bodega o en la terraza, crea un rinc\u00f3n con personalidad \u00fanica: ilumina fiestas, cenas y veladas con amigos, aportando energ\u00eda y color justo donde se necesita.<\/p>\n<p>&nbsp;<\/p>\n<p><strong>Caracter\u00edsticas:<\/strong><br \/>\n\u2013 Dise\u00f1o moderno en colores azul<br \/>\n\u2013 Iluminaci\u00f3n LED regulable para ajustar la intensidad<br \/>\n\u2013 Cable de alimentaci\u00f3n y orificios de montaje incluidos<br \/>\n\u2013 Dimensiones: 50 \u00d7 25 \u00d7 2 cm<\/p>\n<p><span style=\"color: #003366;\"><em>\u00a0<\/em><\/span><\/p>\n<p><span style=\"color: #003366;\"><em>\u00a0<\/em><\/span><\/p>\n","protected":false},"excerpt":{"rendered":"<p>R\u00f3tulo luminoso<\/p>\n","protected":false},"featured_media":11290,"template":"","meta":[],"product_brand":[],"product_cat":[193],"product_tag":[],"class_list":{"0":"post-9559","1":"product","2":"type-product","3":"status-publish","4":"has-post-thumbnail","6":"product_cat-merchandising-es","8":"first","9":"instock","10":"taxable","11":"shipping-taxable","12":"purchasable","13":"product-type-simple"},"_links":{"self":[{"href":"https:\/\/jrose.it\/es\/wp-json\/wp\/v2\/product\/9559","targetHints":{"allow":["GET"]}}],"collection":[{"href":"https:\/\/jrose.it\/es\/wp-json\/wp\/v2\/product"}],"about":[{"href":"https:\/\/jrose.it\/es\/wp-json\/wp\/v2\/types\/product"}],"wp:featuredmedia":[{"embeddable":true,"href":"https:\/\/jrose.it\/es\/wp-json\/wp\/v2\/media\/11290"}],"wp:attachment":[{"href":"https:\/\/jrose.it\/es\/wp-json\/wp\/v2\/media?parent=9559"}],"wp:term":[{"taxonomy":"product_brand","embeddable":true,"href":"https:\/\/jrose.it\/es\/wp-json\/wp\/v2\/product_brand?post=9559"},{"taxonomy":"product_cat","embeddable":true,"href":"https:\/\/jrose.it\/es\/wp-json\/wp\/v2\/product_cat?post=9559"},{"taxonomy":"product_tag","embeddable":true,"href":"https:\/\/jrose.it\/es\/wp-json\/wp\/v2\/product_tag?post=9559"}],"curies":[{"name":"wp","href":"https:\/\/api.w.org\/{rel}","templated":true}]}}