{"id":9697,"date":"2025-07-17T12:14:17","date_gmt":"2025-07-17T10:14:17","guid":{"rendered":"https:\/\/jrose.it\/shop\/affresco\/"},"modified":"2025-07-17T14:52:36","modified_gmt":"2025-07-17T12:52:36","slug":"affresco","status":"publish","type":"product","link":"https:\/\/jrose.it\/es\/shop\/affresco\/","title":{"rendered":"Affresco J.Rose cm 50\u00d770"},"content":{"rendered":"<p>&nbsp;<\/p>\n<p>Lleva la elegancia de tus botellas de ginebra favoritas a tus paredes con este fresco artesanal, realizado con la misma maestr\u00eda art\u00edstica que las etiquetas de J.Rose. Esta pieza \u00fanica transforma tu pasi\u00f3n por la ginebra en una verdadera obra de arte para exhibir.<\/p>\n<p>Caracter\u00edsticas<br \/>\n&#8211; Dimensiones: 50\u00d770 cm, grosor 1 mm.<br \/>\n&#8211; Material: elaborado artesanalmente con polvos de m\u00e1rmol de Carrara y travertino romano.<br \/>\n&#8211; F\u00e1cil de instalar: parte trasera adhesiva de doble cara para una aplicaci\u00f3n inmediata sobre cualquier superficie lisa.<br \/>\n&#8211; Pr\u00e1ctico y vers\u00e1til: enrollable y listo para exhibir.<br \/>\n&#8211; Selecci\u00f3n personalizada: elige el dise\u00f1o entre los gr\u00e1ficos ic\u00f3nicos de las etiquetas J.Rose.<\/p>\n","protected":false},"excerpt":{"rendered":"<p>Panel de yeso 50&#215;70 cm<\/p>\n","protected":false},"featured_media":9652,"template":"","meta":[],"product_brand":[],"product_cat":[193],"product_tag":[],"class_list":{"0":"post-9697","1":"product","2":"type-product","3":"status-publish","4":"has-post-thumbnail","6":"product_cat-merchandising-es","8":"first","9":"instock","10":"taxable","11":"shipping-taxable","12":"purchasable","13":"product-type-variable"},"_links":{"self":[{"href":"https:\/\/jrose.it\/es\/wp-json\/wp\/v2\/product\/9697","targetHints":{"allow":["GET"]}}],"collection":[{"href":"https:\/\/jrose.it\/es\/wp-json\/wp\/v2\/product"}],"about":[{"href":"https:\/\/jrose.it\/es\/wp-json\/wp\/v2\/types\/product"}],"wp:featuredmedia":[{"embeddable":true,"href":"https:\/\/jrose.it\/es\/wp-json\/wp\/v2\/media\/9652"}],"wp:attachment":[{"href":"https:\/\/jrose.it\/es\/wp-json\/wp\/v2\/media?parent=9697"}],"wp:term":[{"taxonomy":"product_brand","embeddable":true,"href":"https:\/\/jrose.it\/es\/wp-json\/wp\/v2\/product_brand?post=9697"},{"taxonomy":"product_cat","embeddable":true,"href":"https:\/\/jrose.it\/es\/wp-json\/wp\/v2\/product_cat?post=9697"},{"taxonomy":"product_tag","embeddable":true,"href":"https:\/\/jrose.it\/es\/wp-json\/wp\/v2\/product_tag?post=9697"}],"curies":[{"name":"wp","href":"https:\/\/api.w.org\/{rel}","templated":true}]}}