{"id":9705,"date":"2025-07-17T09:52:01","date_gmt":"2025-07-17T07:52:01","guid":{"rendered":"https:\/\/jrose.it\/shop\/cards\/"},"modified":"2025-07-17T15:29:28","modified_gmt":"2025-07-17T13:29:28","slug":"cards","status":"publish","type":"product","link":"https:\/\/jrose.it\/es\/shop\/cards\/","title":{"rendered":"Set de 12 Tarjetas J. Rose"},"content":{"rendered":"<p>&nbsp;<\/p>\n<p>Doce tarjetas adhesivas y texturizadas que capturan la esencia de las botellas J. Rose y La7Vidas, realizadas con el mismo yeso artesanal que las etiquetas originales. Cada tarjeta es una peque\u00f1a obra de arte para coleccionar, una experiencia t\u00e1ctil que expresa la pasi\u00f3n por el gin a trav\u00e9s del dise\u00f1o. Perfectas para personalizar cualquier accesorio o como regalo para conocedores, ideales para acompa\u00f1ar las botellas.<\/p>\n<p>Formato: 5 \u00d7 7 cm<br \/>\nMaterial: yeso artesanal con adhesivo<br \/>\nVariedad: mix de dise\u00f1os exclusivos de J. Rose y La7Vidas<\/p>\n","protected":false},"excerpt":{"rendered":"<p>Set de 12 Tarjetas J. Rose<\/p>\n","protected":false},"featured_media":10723,"template":"","meta":[],"product_brand":[],"product_cat":[193],"product_tag":[],"class_list":{"0":"post-9705","1":"product","2":"type-product","3":"status-publish","4":"has-post-thumbnail","6":"product_cat-merchandising-es","8":"first","9":"instock","10":"taxable","11":"shipping-taxable","12":"purchasable","13":"product-type-simple"},"_links":{"self":[{"href":"https:\/\/jrose.it\/es\/wp-json\/wp\/v2\/product\/9705","targetHints":{"allow":["GET"]}}],"collection":[{"href":"https:\/\/jrose.it\/es\/wp-json\/wp\/v2\/product"}],"about":[{"href":"https:\/\/jrose.it\/es\/wp-json\/wp\/v2\/types\/product"}],"wp:featuredmedia":[{"embeddable":true,"href":"https:\/\/jrose.it\/es\/wp-json\/wp\/v2\/media\/10723"}],"wp:attachment":[{"href":"https:\/\/jrose.it\/es\/wp-json\/wp\/v2\/media?parent=9705"}],"wp:term":[{"taxonomy":"product_brand","embeddable":true,"href":"https:\/\/jrose.it\/es\/wp-json\/wp\/v2\/product_brand?post=9705"},{"taxonomy":"product_cat","embeddable":true,"href":"https:\/\/jrose.it\/es\/wp-json\/wp\/v2\/product_cat?post=9705"},{"taxonomy":"product_tag","embeddable":true,"href":"https:\/\/jrose.it\/es\/wp-json\/wp\/v2\/product_tag?post=9705"}],"curies":[{"name":"wp","href":"https:\/\/api.w.org\/{rel}","templated":true}]}}