{"id":884,"date":"2022-04-08T18:32:03","date_gmt":"2022-04-08T16:32:03","guid":{"rendered":"https:\/\/jrose.it\/distilleria\/"},"modified":"2023-07-06T09:32:20","modified_gmt":"2023-07-06T07:32:20","slug":"distillerie","status":"publish","type":"page","link":"https:\/\/jrose.it\/fr\/distillerie\/","title":{"rendered":"Distillerie"},"content":{"rendered":"<div class=\"wpb-content-wrapper\"><p>[vc_row][vc_column][vc_column_text]Se perdre parmi les notes d\u00e9licates du J.Rose, c\u2019est faire l&#8217;exp\u00e9rience de la beaut\u00e9 consistant \u00e0 s\u2019immerger dans des senteurs raffin\u00e9es qui s\u00e9cr\u00e8tent des ar\u00f4mes d\u2019herbes botaniques de grande qualit\u00e9, lesquelles sautillent en un bond du nez au palais.<\/p>\n<p>Pour exalter les propri\u00e9t\u00e9s de chaque herbe, nous avons choisi de produire le J.Rose avec le distillateur M\u00fcller, une pi\u00e8ce artisanale unique, et ce afin de cr\u00e9er un gin d\u2019une facture exceptionnelle.<\/p>\n<p>&nbsp;[\/vc_column_text][\/vc_column][\/vc_row][vc_row][vc_column][vc_single_image image=&#8221;3383&#8243; img_size=&#8221;full&#8221; alignment=&#8221;center&#8221;][\/vc_column][\/vc_row]<\/p>\n<\/div>","protected":false},"excerpt":{"rendered":"<p>[vc_row][vc_column][vc_column_text]Se perdre parmi les notes d\u00e9licates du J.Rose, c\u2019est faire l&#8217;exp\u00e9rience de la beaut\u00e9 consistant \u00e0 s\u2019immerger dans des senteurs raffin\u00e9es qui s\u00e9cr\u00e8tent des ar\u00f4mes d\u2019herbes<span class=\"excerpt-hellip\"> [\u2026]<\/span><\/p>\n","protected":false},"author":1,"featured_media":0,"parent":0,"menu_order":0,"comment_status":"closed","ping_status":"closed","template":"","meta":{"footnotes":""},"class_list":["post-884","page","type-page","status-publish","hentry"],"_links":{"self":[{"href":"https:\/\/jrose.it\/fr\/wp-json\/wp\/v2\/pages\/884","targetHints":{"allow":["GET"]}}],"collection":[{"href":"https:\/\/jrose.it\/fr\/wp-json\/wp\/v2\/pages"}],"about":[{"href":"https:\/\/jrose.it\/fr\/wp-json\/wp\/v2\/types\/page"}],"author":[{"embeddable":true,"href":"https:\/\/jrose.it\/fr\/wp-json\/wp\/v2\/users\/1"}],"replies":[{"embeddable":true,"href":"https:\/\/jrose.it\/fr\/wp-json\/wp\/v2\/comments?post=884"}],"version-history":[{"count":3,"href":"https:\/\/jrose.it\/fr\/wp-json\/wp\/v2\/pages\/884\/revisions"}],"predecessor-version":[{"id":3388,"href":"https:\/\/jrose.it\/fr\/wp-json\/wp\/v2\/pages\/884\/revisions\/3388"}],"wp:attachment":[{"href":"https:\/\/jrose.it\/fr\/wp-json\/wp\/v2\/media?parent=884"}],"curies":[{"name":"wp","href":"https:\/\/api.w.org\/{rel}","templated":true}]}}