{"id":9919,"date":"2025-07-22T08:47:08","date_gmt":"2025-07-22T06:47:08","guid":{"rendered":"https:\/\/jrose.it\/recycle\/"},"modified":"2025-07-22T09:01:52","modified_gmt":"2025-07-22T07:01:52","slug":"recycle","status":"publish","type":"page","link":"https:\/\/jrose.it\/fr\/recycle\/","title":{"rendered":"Recycle"},"content":{"rendered":"<div class=\"wpb-content-wrapper\"><p>[vc_row][vc_column][vc_empty_space][vc_single_image image=&#8221;9923&#8243; img_size=&#8221;full&#8221; alignment=&#8221;center&#8221; css=&#8221;&#8221;][vc_video link=&#8221;https:\/\/vimeo.com\/1103031001?share=copy&#8221; align=&#8221;center&#8221; css=&#8221;&#8221;][vc_separator css=&#8221;&#8221;][\/vc_column][\/vc_row][vc_row][vc_column][vc_column_text css=&#8221;&#8221;]<\/p>\n<h4 style=\"text-align: center;\"><span style=\"color: #000080;\"><strong>Les bouteilles J.Rose ne sont pas de simples contenants: ce sont des objets de collection, des ic\u00f4nes de style et de cr\u00e9ativit\u00e9.<\/strong><\/span><\/h4>\n<p>[\/vc_column_text][vc_single_image image=&#8221;9928&#8243; img_size=&#8221;full&#8221; alignment=&#8221;center&#8221; css=&#8221;&#8221;][vc_single_image image=&#8221;9933&#8243; img_size=&#8221;FULL&#8221; css=&#8221;&#8221;][\/vc_column][\/vc_row][vc_row][vc_column][vc_separator css=&#8221;&#8221;][\/vc_column][\/vc_row][vc_row][vc_column][vc_single_image image=&#8221;9938&#8243; img_size=&#8221;full&#8221; alignment=&#8221;center&#8221; css=&#8221;&#8221;][vc_single_image image=&#8221;9943&#8243; img_size=&#8221;FULL&#8221; css=&#8221;&#8221;][vc_column_text css=&#8221;&#8221;]<\/p>\n<p class=\"p1\" style=\"text-align: left;\"><span style=\"color: #000000;\">Il est important de s\u00e9parer la bouteille du bouchon et des \u00e9tiquettes afin de garantir un recyclage correct des mat\u00e9riaux. Si vous avez besoin de plus d\u2019informations sur le tri s\u00e9lectif dans votre r\u00e9gion, vous pouvez contacter votre mairie ou le centre de collecte le plus proche.<\/span><\/p>\n<p>[\/vc_column_text][vc_empty_space][\/vc_column][\/vc_row]<\/p>\n<\/div>","protected":false},"excerpt":{"rendered":"<p>[vc_row][vc_column][vc_empty_space][vc_single_image image=&#8221;9923&#8243; img_size=&#8221;full&#8221; alignment=&#8221;center&#8221; css=&#8221;&#8221;][vc_video link=&#8221;https:\/\/vimeo.com\/1103031001?share=copy&#8221; align=&#8221;center&#8221; css=&#8221;&#8221;][vc_separator css=&#8221;&#8221;][\/vc_column][\/vc_row][vc_row][vc_column][vc_column_text css=&#8221;&#8221;] Les bouteilles J.Rose ne sont pas de simples contenants: ce sont des objets de collection, des<span class=\"excerpt-hellip\"> [\u2026]<\/span><\/p>\n","protected":false},"author":1,"featured_media":0,"parent":0,"menu_order":0,"comment_status":"closed","ping_status":"closed","template":"","meta":{"footnotes":""},"class_list":["post-9919","page","type-page","status-publish","hentry"],"_links":{"self":[{"href":"https:\/\/jrose.it\/fr\/wp-json\/wp\/v2\/pages\/9919","targetHints":{"allow":["GET"]}}],"collection":[{"href":"https:\/\/jrose.it\/fr\/wp-json\/wp\/v2\/pages"}],"about":[{"href":"https:\/\/jrose.it\/fr\/wp-json\/wp\/v2\/types\/page"}],"author":[{"embeddable":true,"href":"https:\/\/jrose.it\/fr\/wp-json\/wp\/v2\/users\/1"}],"replies":[{"embeddable":true,"href":"https:\/\/jrose.it\/fr\/wp-json\/wp\/v2\/comments?post=9919"}],"version-history":[{"count":1,"href":"https:\/\/jrose.it\/fr\/wp-json\/wp\/v2\/pages\/9919\/revisions"}],"predecessor-version":[{"id":9948,"href":"https:\/\/jrose.it\/fr\/wp-json\/wp\/v2\/pages\/9919\/revisions\/9948"}],"wp:attachment":[{"href":"https:\/\/jrose.it\/fr\/wp-json\/wp\/v2\/media?parent=9919"}],"curies":[{"name":"wp","href":"https:\/\/api.w.org\/{rel}","templated":true}]}}