{"id":10387,"date":"2025-09-18T14:55:57","date_gmt":"2025-09-18T12:55:57","guid":{"rendered":"https:\/\/jrose.it\/?post_type=product&#038;p=10387"},"modified":"2025-09-18T14:57:41","modified_gmt":"2025-09-18T12:57:41","slug":"la7vidas-tequila-reposado-avec-coffret-bande-dessinee-copia","status":"publish","type":"product","link":"https:\/\/jrose.it\/fr\/shop\/la7vidas-tequila-reposado-avec-coffret-bande-dessinee-copia\/","title":{"rendered":"La7Vidas Tequila Reposado avec Coffret + Bande Dessin\u00e9e (Copia)"},"content":{"rendered":"<h3><\/h3>\n<h3>L\u2019essence authentique du Mexique<\/h3>\n<p>Au c\u0153ur vibrant des <strong>Altos de Jalisco<\/strong>, l\u00e0 o\u00f9 la terre se m\u00eale au ciel azur et o\u00f9 l\u2019\u00e2me du <strong>Mexique<\/strong> s\u2019\u00e9veille au rythme envo\u00fbtant des <strong>Mariachis<\/strong>, na\u00eet La 7 Vidas, une tequila qui n\u2019est pas qu\u2019un simple spiritueux, mais une exp\u00e9rience \u00e0 vivre, \u00e0 ressentir et \u00e0 raconter.<\/p>\n<p>\u00c9labor\u00e9e avec passion et savoir-faire \u00e0 partir de l\u2019agave bleu, La 7 Vidas est un hommage parfait \u00e0 la beaut\u00e9 extraordinaire et \u00e0 la culture d\u2019une terre o\u00f9 sont n\u00e9es des traditions s\u00e9culaires, o\u00f9 la joie est un langage universel, et la tequila, sa plus belle po\u00e9sie.<\/p>\n<p>L\u2019histoire de La 7 Vidas, c\u2019est aussi celle d\u2019un r\u00eave : celui d\u2019<strong>Alma Beltr\u00e1n<\/strong>, une jeune femme qui r\u00eavait de devenir mariachi, de donner voix \u00e0 son \u00e2me \u00e0 travers la musique. Son image, vivante et \u00e9ternelle, tr\u00f4ne sur chaque \u00e9tiquette de bouteille, symbole de d\u00e9termination et de passion. Un r\u00eave qui, tout comme le spiritueux qui porte son nom, puise ses racines profondes dans la terre qui l\u2019a vue na\u00eetre.<\/p>\n<p>\u00c0 rendre cette cr\u00e9ation encore plus unique, c\u2019est la main du Maestro <strong>Milo Manara<\/strong>. Inspir\u00e9 par un pueblo m\u00e1gico, il a r\u00e9alis\u00e9 deux \u0153uvres in\u00e9dites pour c\u00e9l\u00e9brer l\u2019h\u00e9ritage riche d\u2019un peuple extraordinaire. \u00c0 travers son trait inimitable, le Maestro nous embarque dans un voyage visuel qui raconte la culture, la beaut\u00e9 et les \u00e9motions qui habitent chaque recoin de cette terre l\u00e9gendaire.<\/p>\n<p><em><strong>La 7 Vidas,<\/strong> c\u2019est bien plus qu\u2019une tequila : c\u2019est un hommage \u00e0 une histoire de passion, de tradition et de r\u00eaves qui ne cessent jamais de vivre.<\/em><\/p>\n<p>&nbsp;<\/p>\n<h3>Profil organoleptique<\/h3>\n<p>La 7 Vidas Reposado est une tequila <strong>\u00e0 la robe dor\u00e9e \u00e9clatante<\/strong>, qui refl\u00e8te toute sa richesse \u00e0 chaque gorg\u00e9e. Elle exhale le parfum de l\u2019agave tout juste cuit dans le four en pierre, qui enveloppe le palais, tandis que de subtiles notes bois\u00e9es se r\u00e9v\u00e8lent lentement et se diffusent avec d\u00e9licatesse, laissant place \u00e0 des ar\u00f4mes de torr\u00e9faction encore chaude.<\/p>\n<p>Son bouquet est <strong>profond et terreux<\/strong>. La persistance en bouche est douce et ronde, \u00e9voquant la douceur naturelle d\u2019un fruit m\u00fbr et g\u00e9n\u00e9reux. La 7 Vidas Reposado est comme un ancien rituel qui se d\u00e9voile peu \u00e0 peu, t\u2019invitant \u00e0 d\u00e9couvrir le c\u0153ur vibrant d\u2019une terre riche en histoire et en myst\u00e8res.<\/p>\n<p>&nbsp;<\/p>\n<h3>Fiche Technique<\/h3>\n<table border=\"0\" cellspacing=\"0\" cellpadding=\"8\">\n<thead>\n<tr>\n<th>Caract\u00e9ristique<\/th>\n<th>D\u00e9tail<\/th>\n<\/tr>\n<\/thead>\n<tbody>\n<tr>\n<td>Type d\u2019agave<\/td>\n<td>Tequilana Weber Azul. Maturation minimale de 6 ans<\/td>\n<\/tr>\n<tr>\n<td>R\u00e9gion de production<\/td>\n<td>Altos de Jalisco, Mexique<\/td>\n<\/tr>\n<tr>\n<td>Distillerie<\/td>\n<td>Destiladora Santa Virginia SA DE CV<\/td>\n<\/tr>\n<tr>\n<td>NOM<\/td>\n<td>1515 CRT Consejo Regulador del Tequila<\/td>\n<\/tr>\n<tr>\n<td>Temps de cuisson<\/td>\n<td>96 heures dans un four en pierre<\/td>\n<\/tr>\n<tr>\n<td>Extraction<\/td>\n<td>Meule traditionnelle<\/td>\n<\/tr>\n<tr>\n<td>Fermentation<\/td>\n<td>Lente, en cuves ouvertes<\/td>\n<\/tr>\n<tr>\n<td>Distillation<\/td>\n<td>Discontinue, double. Alambic en acier avec rectification via serpentin en cuivre<\/td>\n<\/tr>\n<tr>\n<td>Maestro Tequilero<\/td>\n<td>Enrique Franco<\/td>\n<\/tr>\n<tr>\n<td>Classe<\/td>\n<td>Tequila Reposado<\/td>\n<\/tr>\n<tr>\n<td>Cat\u00e9gorie<\/td>\n<td>100% de Agave azul<\/td>\n<\/tr>\n<tr>\n<td>Affinage<\/td>\n<td>6 mois en barriques de ch\u00eane fran\u00e7ais<\/td>\n<\/tr>\n<tr>\n<td>Teneur en alcool<\/td>\n<td>40% Alc. Vol<\/td>\n<\/tr>\n<tr>\n<td>Contenance<\/td>\n<td>700 ML<\/td>\n<\/tr>\n<\/tbody>\n<\/table>\n","protected":false},"excerpt":{"rendered":"<p>Coffret avec bouteille de Tequila Reposado 100\u202f% Agave 70\u202fcl 40\u202f% vol + bande dessin\u00e9e<\/p>\n","protected":false},"featured_media":10390,"template":"","meta":[],"product_brand":[],"product_cat":[131],"product_tag":[],"class_list":{"0":"post-10387","1":"product","2":"type-product","3":"status-publish","4":"has-post-thumbnail","6":"product_cat-astucci-la7vidas-fr","8":"first","9":"instock","10":"taxable","11":"shipping-taxable","12":"purchasable","13":"product-type-simple"},"_links":{"self":[{"href":"https:\/\/jrose.it\/fr\/wp-json\/wp\/v2\/product\/10387","targetHints":{"allow":["GET"]}}],"collection":[{"href":"https:\/\/jrose.it\/fr\/wp-json\/wp\/v2\/product"}],"about":[{"href":"https:\/\/jrose.it\/fr\/wp-json\/wp\/v2\/types\/product"}],"wp:featuredmedia":[{"embeddable":true,"href":"https:\/\/jrose.it\/fr\/wp-json\/wp\/v2\/media\/10390"}],"wp:attachment":[{"href":"https:\/\/jrose.it\/fr\/wp-json\/wp\/v2\/media?parent=10387"}],"wp:term":[{"taxonomy":"product_brand","embeddable":true,"href":"https:\/\/jrose.it\/fr\/wp-json\/wp\/v2\/product_brand?post=10387"},{"taxonomy":"product_cat","embeddable":true,"href":"https:\/\/jrose.it\/fr\/wp-json\/wp\/v2\/product_cat?post=10387"},{"taxonomy":"product_tag","embeddable":true,"href":"https:\/\/jrose.it\/fr\/wp-json\/wp\/v2\/product_tag?post=10387"}],"curies":[{"name":"wp","href":"https:\/\/api.w.org\/{rel}","templated":true}]}}