{"id":10591,"date":"2025-10-02T15:01:10","date_gmt":"2025-10-02T13:01:10","guid":{"rendered":"https:\/\/jrose.it\/shop\/la7vidas-small-gift-bag\/"},"modified":"2025-12-10T15:15:15","modified_gmt":"2025-12-10T14:15:15","slug":"la7vidas-small-gift-bag","status":"publish","type":"product","link":"https:\/\/jrose.it\/fr\/shop\/la7vidas-small-gift-bag\/","title":{"rendered":"Petit sac cadeau La7Vidas"},"content":{"rendered":"<p>&nbsp;<\/p>\n<p><span style=\"color: #003366;\">Compl\u00e9tez votre achat avec une touche finale d&#8217;\u00e9l\u00e9gance. Ce sac rigide, au design raffin\u00e9 en blanc, noir et bronze, est con\u00e7u pour mettre en valeur chaque bouteille La7Vidas. Le choix id\u00e9al pour un cadeau impeccable, il est con\u00e7u pour s&#8217;adapter parfaitement \u00e0 une seule bouteille ou \u00e0 une bouteille dans son \u00e9tui.<\/span><\/p>\n<p><span style=\"color: #003366;\">Caract\u00e9ristiques:<\/span><\/p>\n<ul>\n<li class=\"ds-markdown-paragraph\"><span style=\"color: #003366;\"><strong>Mat\u00e9riau <\/strong>: carton rigide de haute qualit\u00e9, blanc avec les c\u00f4t\u00e9s noirs.<\/span><\/li>\n<li class=\"ds-markdown-paragraph\"><span style=\"color: #003366;\"><strong>Design exclusif <\/strong>: logo La7Vidas estamp\u00e9 \u00e0 chaud en bronze sur une surface gaufr\u00e9e.<\/span><\/li>\n<li class=\"ds-markdown-paragraph\"><span style=\"color: #003366;\"><strong>Prise en main confortable <\/strong>:\u00a0poign\u00e9es robustes en ruban noir.<\/span><\/li>\n<li class=\"ds-markdown-paragraph\"><span style=\"color: #003366;\"><strong>Id\u00e9al pour <\/strong>: Single bottles and bottles with a case<\/span><\/li>\n<li class=\"ds-markdown-paragraph\"><span style=\"color: #003366;\"><strong>Dimensions<\/strong>: 12 x 12 x 40 cm.<\/span><\/li>\n<\/ul>\n<p><span style=\"color: #003366;\"><em>\u00a0<\/em><\/span><\/p>\n","protected":false},"excerpt":{"rendered":"<p>Petit sac cadeau La7Vidas<\/p>\n","protected":false},"featured_media":10533,"template":"","meta":[],"product_brand":[],"product_cat":[191],"product_tag":[],"class_list":{"0":"post-10591","1":"product","2":"type-product","3":"status-publish","4":"has-post-thumbnail","6":"product_cat-merchandising-fr","8":"first","9":"instock","10":"taxable","11":"shipping-taxable","12":"purchasable","13":"product-type-simple"},"_links":{"self":[{"href":"https:\/\/jrose.it\/fr\/wp-json\/wp\/v2\/product\/10591","targetHints":{"allow":["GET"]}}],"collection":[{"href":"https:\/\/jrose.it\/fr\/wp-json\/wp\/v2\/product"}],"about":[{"href":"https:\/\/jrose.it\/fr\/wp-json\/wp\/v2\/types\/product"}],"wp:featuredmedia":[{"embeddable":true,"href":"https:\/\/jrose.it\/fr\/wp-json\/wp\/v2\/media\/10533"}],"wp:attachment":[{"href":"https:\/\/jrose.it\/fr\/wp-json\/wp\/v2\/media?parent=10591"}],"wp:term":[{"taxonomy":"product_brand","embeddable":true,"href":"https:\/\/jrose.it\/fr\/wp-json\/wp\/v2\/product_brand?post=10591"},{"taxonomy":"product_cat","embeddable":true,"href":"https:\/\/jrose.it\/fr\/wp-json\/wp\/v2\/product_cat?post=10591"},{"taxonomy":"product_tag","embeddable":true,"href":"https:\/\/jrose.it\/fr\/wp-json\/wp\/v2\/product_tag?post=10591"}],"curies":[{"name":"wp","href":"https:\/\/api.w.org\/{rel}","templated":true}]}}