{"id":1092,"date":"2024-06-11T17:54:14","date_gmt":"2024-06-11T15:54:14","guid":{"rendered":"https:\/\/jrose.it\/shop\/j-rose-london-dry-gin-artisan-2\/"},"modified":"2024-06-12T20:06:05","modified_gmt":"2024-06-12T18:06:05","slug":"j-rose-london-dry-gin-artisan-2","status":"publish","type":"product","link":"https:\/\/jrose.it\/fr\/shop\/j-rose-london-dry-gin-artisan-2\/","title":{"rendered":"J.Rose London Dry Gin Artisan 70 cl"},"content":{"rendered":"<p>Les notes pr\u00e9dominantes du J.Rose sont celles de la geni\u00e8vre.<\/p>\n<p>Il se pr\u00e9sente au nez sous un aspect \u00e0 la fois vif et velout\u00e9. Les odeurs d\u00e9licates de la bergamote et des pelures de mandarine donnent au souffle une nouvelle fra\u00eecheur et lui octroient un \u00e9quilibre moelleux et soyeux.<\/p>\n<p>L&#8217;ar\u00f4me des fleurs des figues de Barbarie fait son chemin du nez jusqu\u2019au palais tout en laissant derri\u00e8re lui un arri\u00e8re-go\u00fbt fruit\u00e9.<\/p>\n<p>L\u2019essence bois\u00e9e provient de l&#8217;\u00e9corce de ch\u00eane, caract\u00e9ris\u00e9e par des notes grill\u00e9es qui \u00e9voquent celles de la noisette et de la noix.<\/p>\n<p>Son degr\u00e9 d&#8217;alcool de 43 % exalte les neuf herbes botaniques au centre de cette composition, en cr\u00e9ant ainsi un gin parfait pour les cocktails les plus exclusifs.<\/p>\n","protected":false},"excerpt":{"rendered":"<h5>70CL\u00a0 |\u00a0 Gradation 43%<\/h5>\n","protected":false},"featured_media":6375,"template":"","meta":[],"product_brand":[],"product_cat":[52],"product_tag":[],"class_list":{"0":"post-1092","1":"product","2":"type-product","3":"status-publish","4":"has-post-thumbnail","6":"product_cat-gin-fr","8":"first","9":"instock","10":"taxable","11":"shipping-taxable","12":"purchasable","13":"product-type-simple"},"_links":{"self":[{"href":"https:\/\/jrose.it\/fr\/wp-json\/wp\/v2\/product\/1092","targetHints":{"allow":["GET"]}}],"collection":[{"href":"https:\/\/jrose.it\/fr\/wp-json\/wp\/v2\/product"}],"about":[{"href":"https:\/\/jrose.it\/fr\/wp-json\/wp\/v2\/types\/product"}],"wp:featuredmedia":[{"embeddable":true,"href":"https:\/\/jrose.it\/fr\/wp-json\/wp\/v2\/media\/6375"}],"wp:attachment":[{"href":"https:\/\/jrose.it\/fr\/wp-json\/wp\/v2\/media?parent=1092"}],"wp:term":[{"taxonomy":"product_brand","embeddable":true,"href":"https:\/\/jrose.it\/fr\/wp-json\/wp\/v2\/product_brand?post=1092"},{"taxonomy":"product_cat","embeddable":true,"href":"https:\/\/jrose.it\/fr\/wp-json\/wp\/v2\/product_cat?post=1092"},{"taxonomy":"product_tag","embeddable":true,"href":"https:\/\/jrose.it\/fr\/wp-json\/wp\/v2\/product_tag?post=1092"}],"curies":[{"name":"wp","href":"https:\/\/api.w.org\/{rel}","templated":true}]}}