{"id":1115,"date":"2024-06-11T18:10:30","date_gmt":"2024-06-11T16:10:30","guid":{"rendered":"https:\/\/jrose.it\/shop\/box-j-rose-london-dry-gin-2\/"},"modified":"2024-06-12T20:06:59","modified_gmt":"2024-06-12T18:06:59","slug":"box-j-rose-london-dry-gin-2","status":"publish","type":"product","link":"https:\/\/jrose.it\/fr\/shop\/box-j-rose-london-dry-gin-2\/","title":{"rendered":"Box J.Rose London Dry Gin 70 cl"},"content":{"rendered":"<p>L\u2019emballage rend l\u2019exp\u00e9rience encore plus palpitante : il s\u2019agit d\u2019un \u00e9crin \u00e9l\u00e9gant qui renferme le J.Rose et 2 Verret et dont le couvercle se transforme en un tableau authentique du Milo Manara. Une combinaison parfaite pour une id\u00e9e cadeau raffin\u00e9e.<\/p>\n<p>Des \u00e9l\u00e9ments naturels comme le marbre de Carrare, le pl\u00e2tre et le travertin romain sont les protagonistes d\u2019un m\u00e9lange de mati\u00e8res riches d\u2019une histoire ancestrale et profond\u00e9ment italienne. Le r\u00e9sultat est une surface naturelle qui \u00e9voque celle des fresques anciennes. Aussi bien le couvercle de la bo\u00eete que l\u2019\u00e9tiquette du J.Rose sont orn\u00e9s de fresques. La finition de la mati\u00e8re, travaill\u00e9e \u00e0 la main, est capable d\u2019exalter la beaut\u00e9 de ces objets de d\u00e9coration d\u2019int\u00e9rieur qui conf\u00e8rent aux espaces un prestige tout particulier.<\/p>\n","protected":false},"excerpt":{"rendered":"<div><span style=\"font-family: arial, sans-serif;\">1 J.Rose 70 CL<\/span><\/div>\n<div><span style=\"font-family: arial, sans-serif;\">2 Verres<\/span><\/div>\n<div><span style=\"font-family: arial, sans-serif;\">1 bo\u00eete de luxe avec le couvercle tableau de Milo Manara<\/span><\/div>\n","protected":false},"featured_media":792,"template":"","meta":[],"product_brand":[],"product_cat":[56],"product_tag":[],"class_list":{"0":"post-1115","1":"product","2":"type-product","3":"status-publish","4":"has-post-thumbnail","6":"product_cat-box-fr","8":"first","9":"instock","10":"taxable","11":"shipping-taxable","12":"purchasable","13":"product-type-simple"},"_links":{"self":[{"href":"https:\/\/jrose.it\/fr\/wp-json\/wp\/v2\/product\/1115","targetHints":{"allow":["GET"]}}],"collection":[{"href":"https:\/\/jrose.it\/fr\/wp-json\/wp\/v2\/product"}],"about":[{"href":"https:\/\/jrose.it\/fr\/wp-json\/wp\/v2\/types\/product"}],"wp:featuredmedia":[{"embeddable":true,"href":"https:\/\/jrose.it\/fr\/wp-json\/wp\/v2\/media\/792"}],"wp:attachment":[{"href":"https:\/\/jrose.it\/fr\/wp-json\/wp\/v2\/media?parent=1115"}],"wp:term":[{"taxonomy":"product_brand","embeddable":true,"href":"https:\/\/jrose.it\/fr\/wp-json\/wp\/v2\/product_brand?post=1115"},{"taxonomy":"product_cat","embeddable":true,"href":"https:\/\/jrose.it\/fr\/wp-json\/wp\/v2\/product_cat?post=1115"},{"taxonomy":"product_tag","embeddable":true,"href":"https:\/\/jrose.it\/fr\/wp-json\/wp\/v2\/product_tag?post=1115"}],"curies":[{"name":"wp","href":"https:\/\/api.w.org\/{rel}","templated":true}]}}