{"id":11469,"date":"2026-02-11T09:49:17","date_gmt":"2026-02-11T08:49:17","guid":{"rendered":"https:\/\/jrose.it\/shop\/francesco-palma\/"},"modified":"2026-02-11T10:36:03","modified_gmt":"2026-02-11T09:36:03","slug":"francesco-palma","status":"publish","type":"product","link":"https:\/\/jrose.it\/fr\/shop\/francesco-palma\/","title":{"rendered":"Francesco PALMA"},"content":{"rendered":"","protected":false},"excerpt":{"rendered":"<p>Francesco Palma est un artiste qui consacre depuis plus de quarante ans son travail \u00e0 la peinture d\u00e9corative, au portrait et au design sc\u00e9nographique, alliant rigueur et sensibilit\u00e9, ma\u00eetrise technique et profondeur \u00e9motionnelle. En 1998, avec Dario Roselli, il fonde FRADA, un atelier d\u2019art sp\u00e9cialis\u00e9 dans les fresques peintes \u00e0 la main pour des r\u00e9sidences prestigieuses du monde entier. Aujourd\u2019hui, Francesco Palma dirige la division peinture \u00e0 la main d\u2019Affreschi &amp; Affreschi, l\u2019entreprise propri\u00e9taire de la marque J.Rose. Pour la collection Follow the Flow de J.Rose, Palma transforme la surface de l\u2019\u00e9tiquette en un r\u00e9cit pictural en mouvement, o\u00f9 formes et symboles dansent en harmonie, \u00e9voquant les rythmes et gestes de diff\u00e9rentes cultures. Chaque \u00e9tiquette devient une chor\u00e9graphie visuelle, un r\u00e9seau d\u2019\u00e9motions qui restitue au geste pictural son r\u00f4le narratif et sensoriel.<\/p>\n","protected":false},"featured_media":11482,"template":"","meta":[],"product_brand":[],"product_cat":[265],"product_tag":[],"class_list":{"0":"post-11469","1":"product","2":"type-product","3":"status-publish","4":"has-post-thumbnail","6":"product_cat-francesco-palma-fr","8":"first","9":"instock","10":"taxable","11":"shipping-taxable","12":"product-type-simple"},"_links":{"self":[{"href":"https:\/\/jrose.it\/fr\/wp-json\/wp\/v2\/product\/11469","targetHints":{"allow":["GET"]}}],"collection":[{"href":"https:\/\/jrose.it\/fr\/wp-json\/wp\/v2\/product"}],"about":[{"href":"https:\/\/jrose.it\/fr\/wp-json\/wp\/v2\/types\/product"}],"wp:featuredmedia":[{"embeddable":true,"href":"https:\/\/jrose.it\/fr\/wp-json\/wp\/v2\/media\/11482"}],"wp:attachment":[{"href":"https:\/\/jrose.it\/fr\/wp-json\/wp\/v2\/media?parent=11469"}],"wp:term":[{"taxonomy":"product_brand","embeddable":true,"href":"https:\/\/jrose.it\/fr\/wp-json\/wp\/v2\/product_brand?post=11469"},{"taxonomy":"product_cat","embeddable":true,"href":"https:\/\/jrose.it\/fr\/wp-json\/wp\/v2\/product_cat?post=11469"},{"taxonomy":"product_tag","embeddable":true,"href":"https:\/\/jrose.it\/fr\/wp-json\/wp\/v2\/product_tag?post=11469"}],"curies":[{"name":"wp","href":"https:\/\/api.w.org\/{rel}","templated":true}]}}