{"id":11473,"date":"2026-02-11T09:40:49","date_gmt":"2026-02-11T08:40:49","guid":{"rendered":"https:\/\/jrose.it\/shop\/milo-manara\/"},"modified":"2026-02-11T10:44:49","modified_gmt":"2026-02-11T09:44:49","slug":"milo-manara","status":"publish","type":"product","link":"https:\/\/jrose.it\/fr\/shop\/milo-manara\/","title":{"rendered":"Milo MANARA"},"content":{"rendered":"","protected":false},"excerpt":{"rendered":"<p><span class=\"il\">Milo Manara<\/span> est n\u00e9 \u00e0 Luson, dans la province de Bolzano, le 12 septembre 1945. Il d\u00e9bute \u00e0 la fin des ann\u00e9es 1960 avec des histoires m\u00ealant \u00e9rotisme et intrigue polici\u00e8re. Durant les ann\u00e9es 1970, il collabore avec le Corriere dei Ragazzi et de nombreux autres magazines de bande dessin\u00e9e de l\u2019\u00e9poque. S\u2019appuyant sur des sc\u00e9narios d\u2019Alfredo Castelli et Mario Gomboli, il cr\u00e9e Un fascio di bombe. Avec Silverio Pisu, il donne vie \u00e0 Lo Scimmiotto et Alessio, il borghese rivoluzionario, marquant ainsi ses d\u00e9buts dans la bande dessin\u00e9e d\u2019auteur. En 1978, il conna\u00eet un tournant avec Giuseppe Bergman, son premier personnage \u00e0 grand succ\u00e8s, con\u00e7u, sc\u00e9naris\u00e9 et dessin\u00e9 par lui. Au d\u00e9but des ann\u00e9es 1980, il cr\u00e9e Il Gioco, une histoire qui lui apporte une renomm\u00e9e mondiale. Il illustre ensuite, sur des textes d\u2019Hugo Pratt, Tutto ricominci\u00f2 con un\u2019estate indiana et Il Gioco. C\u2019est durant cette p\u00e9riode qu\u2019il cr\u00e9e l\u2019iconique Miele, protagoniste de Il profumo dell\u2019invisibile et Candid Camera. \u00c0 partir de 1987, il collabore avec Federico Fellini, adaptant deux sc\u00e9narios du r\u00e9alisateur en bandes dessin\u00e9es : Viaggio a Tulum et Il viaggio di G. Mastorna, \u00e9galement connu sous le nom de Fernet. Suivent trois adaptations de classiques litt\u00e9raires : Gulliveriana, Kamasutra et L\u2019asino d\u2019oro. Il illustre ensuite trois r\u00e9cits \u00e0 th\u00e9matique sociale : Ballata in Si bemolle, Rivoluzione et Tre ragazze nella rete. En 2009, Marvel Comics lui confie, aux c\u00f4t\u00e9s de Chris Claremont, une histoire des X-Men centr\u00e9e sur les personnages f\u00e9minins : X-Men: Ragazze in fuga. Il collabore aussi avec Neil Gaiman pour DC Comics. Depuis 2000, <span class=\"il\">Manara<\/span> travaille sur le projet Il pittore e la modella. Sur des textes d\u2019Alejandro Jodorowsky, il illustre une bande dessin\u00e9e consacr\u00e9e aux Borgia. En 2015, pour Panini Comics, il publie La Tavolozza e la spada, premier de deux volumes d\u00e9di\u00e9s \u00e0 la vie de Caravage, suivi de La Grazia, publi\u00e9 en f\u00e9vrier 2019, ann\u00e9e o\u00f9 il f\u00eate cinquante ans de carri\u00e8re. \u00c0 l\u2019occasion de cet anniversaire, le Festival de la Bande Dessin\u00e9e d\u2019Angoul\u00eame lui consacre pour la premi\u00e8re fois une grande r\u00e9trospective lors de sa 46e \u00e9dition, l\u2019\u00e9v\u00e9nement BD le plus important d\u2019Europe.<\/p>\n","protected":false},"featured_media":11459,"template":"","meta":[],"product_brand":[],"product_cat":[270,271],"product_tag":[],"class_list":{"0":"post-11473","1":"product","2":"type-product","3":"status-publish","4":"has-post-thumbnail","6":"product_cat-artisti-fr","7":"product_cat-milo-manara-fr","9":"first","10":"instock","11":"taxable","12":"shipping-taxable","13":"product-type-simple"},"_links":{"self":[{"href":"https:\/\/jrose.it\/fr\/wp-json\/wp\/v2\/product\/11473","targetHints":{"allow":["GET"]}}],"collection":[{"href":"https:\/\/jrose.it\/fr\/wp-json\/wp\/v2\/product"}],"about":[{"href":"https:\/\/jrose.it\/fr\/wp-json\/wp\/v2\/types\/product"}],"wp:featuredmedia":[{"embeddable":true,"href":"https:\/\/jrose.it\/fr\/wp-json\/wp\/v2\/media\/11459"}],"wp:attachment":[{"href":"https:\/\/jrose.it\/fr\/wp-json\/wp\/v2\/media?parent=11473"}],"wp:term":[{"taxonomy":"product_brand","embeddable":true,"href":"https:\/\/jrose.it\/fr\/wp-json\/wp\/v2\/product_brand?post=11473"},{"taxonomy":"product_cat","embeddable":true,"href":"https:\/\/jrose.it\/fr\/wp-json\/wp\/v2\/product_cat?post=11473"},{"taxonomy":"product_tag","embeddable":true,"href":"https:\/\/jrose.it\/fr\/wp-json\/wp\/v2\/product_tag?post=11473"}],"curies":[{"name":"wp","href":"https:\/\/api.w.org\/{rel}","templated":true}]}}