{"id":11672,"date":"2026-02-24T13:17:55","date_gmt":"2026-02-24T12:17:55","guid":{"rendered":"https:\/\/jrose.it\/shop\/il-segreto-liquore-amaro-alle-erbe\/"},"modified":"2026-04-02T12:54:30","modified_gmt":"2026-04-02T10:54:30","slug":"il-segreto-liquore-amaro-alle-erbe","status":"publish","type":"product","link":"https:\/\/jrose.it\/fr\/shop\/il-segreto-liquore-amaro-alle-erbe\/","title":{"rendered":"Il Segreto &#8211; Liqueur am\u00e8re aux herbes"},"content":{"rendered":"<p><strong>Sangue Amaro n\u2019est pas pour tout le monde.<\/strong><br \/>\nIl s\u2019adresse \u00e0 ceux qui cherchent la beaut\u00e9 dans le contraste, \u00e0 ceux qui aiment l\u2019\u00e9treinte entre le feu des \u00e9pices et la fra\u00eecheur glaciale de la menthe.<br \/>\nC\u2019est un amer qui s\u2019\u00e9coule lentement, capable de soigner l\u2019esprit apr\u00e8s une journ\u00e9e intense.<\/p>\n<p><strong>L\u2019ESSENCE DE L\u2019INQUI\u00c9TUDE \u00c9L\u00c9GANTE<\/strong><br \/>\nL\u2019aspect se pr\u00e9sente au regard avec une teinte brune imp\u00e9n\u00e9trable et magn\u00e9tique, enrichie de reflets ambr\u00e9s profonds apport\u00e9s par le caramel, qui en annoncent la structure dense et velout\u00e9e.<\/p>\n<p><strong>LE BOUQUET<\/strong> | Au nez, c\u2019est une explosion de contrastes savamment orchestr\u00e9s.<br \/>\nL\u2019ouverture est balsamique et agrum\u00e9e, o\u00f9 l\u2019orange am\u00e8re et la mandarine dansent avec la fra\u00eecheur sauvage du myrte.<br \/>\nSuivent des notes chaudes et enveloppantes d\u2019amande am\u00e8re et de pistache, qui s\u2019entrelacent avec la douceur hypnotique de la vanille et une touche \u00e9th\u00e9r\u00e9e de fenouil doux.<br \/>\nC\u2019est un parfum qui \u00e9voque la terre, le maquis m\u00e9diterran\u00e9en et des \u00e9pices lointaines.<\/p>\n<p><strong>LA D\u00c9GUSTATION<\/strong> | L\u2019entr\u00e9e en bouche est audacieuse, un \u00ab sang \u00bb qui pulse de vie.<br \/>\nLa structure repose sur la vigueur de la gentiane et de l\u2019\u00e9corce d\u2019angostura, qui offrent une amertume noble et ancestrale.<br \/>\nMais c\u2019est au c\u0153ur de la d\u00e9gustation que la magie op\u00e8re : la vivacit\u00e9 presque tactile du poivre du Sichuan cr\u00e9e un court-circuit sensoriel, aussit\u00f4t rafra\u00eechi par une tra\u00een\u00e9e de menthe naturelle et par les notes tanniques et pures du th\u00e9 vert.<\/p>\n<p><strong>LA FINALE<\/strong> | La finale est longue, persistante et profond\u00e9ment aromatique.<br \/>\nLa note grill\u00e9e de la noix se marie avec la chaleur du piment de la Jama\u00efque, laissant un souvenir \u00e9pic\u00e9 et l\u00e9g\u00e8rement piquant qui invite \u00e0 une nouvelle d\u00e9gustation in\u00e9vitable.<\/p>\n","protected":false},"excerpt":{"rendered":"<p>70 cl | Teneur en alcool : 28 %<\/p>\n","protected":false},"featured_media":11570,"template":"","meta":[],"product_brand":[],"product_cat":[297],"product_tag":[],"class_list":{"0":"post-11672","1":"product","2":"type-product","3":"status-publish","4":"has-post-thumbnail","6":"product_cat-amaro-fr-2","8":"first","9":"instock","10":"taxable","11":"shipping-taxable","12":"purchasable","13":"product-type-simple"},"_links":{"self":[{"href":"https:\/\/jrose.it\/fr\/wp-json\/wp\/v2\/product\/11672","targetHints":{"allow":["GET"]}}],"collection":[{"href":"https:\/\/jrose.it\/fr\/wp-json\/wp\/v2\/product"}],"about":[{"href":"https:\/\/jrose.it\/fr\/wp-json\/wp\/v2\/types\/product"}],"wp:featuredmedia":[{"embeddable":true,"href":"https:\/\/jrose.it\/fr\/wp-json\/wp\/v2\/media\/11570"}],"wp:attachment":[{"href":"https:\/\/jrose.it\/fr\/wp-json\/wp\/v2\/media?parent=11672"}],"wp:term":[{"taxonomy":"product_brand","embeddable":true,"href":"https:\/\/jrose.it\/fr\/wp-json\/wp\/v2\/product_brand?post=11672"},{"taxonomy":"product_cat","embeddable":true,"href":"https:\/\/jrose.it\/fr\/wp-json\/wp\/v2\/product_cat?post=11672"},{"taxonomy":"product_tag","embeddable":true,"href":"https:\/\/jrose.it\/fr\/wp-json\/wp\/v2\/product_tag?post=11672"}],"curies":[{"name":"wp","href":"https:\/\/api.w.org\/{rel}","templated":true}]}}