{"id":11770,"date":"2026-03-31T15:48:19","date_gmt":"2026-03-31T13:48:19","guid":{"rendered":"https:\/\/jrose.it\/?post_type=product&#038;p=11770"},"modified":"2026-04-02T13:21:02","modified_gmt":"2026-04-02T11:21:02","slug":"il-segreto-liqueur-amere-aux-herbes","status":"publish","type":"product","link":"https:\/\/jrose.it\/fr\/shop\/il-segreto-liqueur-amere-aux-herbes\/","title":{"rendered":"Il Segreto &#8211; Liqueur am\u00e8re aux herbes"},"content":{"rendered":"<p><strong>Sang Amaro n\u2019est pas pour tout le monde.<\/strong><br \/>\nIl est destin\u00e9 \u00e0 ceux qui recherchent la beaut\u00e9 dans le contraste, \u00e0 ceux qui aiment l\u2019\u00e9treinte entre le feu des \u00e9pices et la fra\u00eecheur glac\u00e9e de la menthe.<br \/>\nC\u2019est un amaro qui s\u2019\u00e9coule lentement, capable d\u2019apaiser l\u2019esprit apr\u00e8s une journ\u00e9e intense.<\/p>\n<p><strong>L\u2019ESSENCE DE L\u2019INQUI\u00c9TUDE \u00c9L\u00c9GANTE<\/strong><br \/>\nL\u2019aspect se pr\u00e9sente au regard avec une teinte brune imp\u00e9n\u00e9trable et magn\u00e9tique, enrichie de profonds reflets ambr\u00e9s apport\u00e9s par le caramel, qui en annoncent la structure dense et velout\u00e9e.<\/p>\n<p><strong>LE BOUQUET |<\/strong><br \/>\nAu nez, c\u2019est une explosion de contrastes savamment orchestr\u00e9s.<br \/>\nL\u2019ouverture est balsamique et agrum\u00e9e, o\u00f9 l\u2019Orange Am\u00e8re et la Mandarine dansent avec la fra\u00eecheur sauvage du Myrte. Suivent des notes chaudes et enveloppantes d\u2019Amande Am\u00e8re et de Pistache, qui s\u2019entrelacent avec la douceur hypnotique de la Vanille et un souffle \u00e9th\u00e9r\u00e9 de Fenouil Doux.<br \/>\nC\u2019est un parfum qui \u00e9voque la terre, la garrigue m\u00e9diterran\u00e9enne et des \u00e9pices lointaines.<\/p>\n<p><strong>LA D\u00c9GUSTATION |<\/strong><br \/>\nL\u2019entr\u00e9e en bouche est audacieuse, un \u00ab sang \u00bb qui pulse de vie.<br \/>\nLa structure est soutenue par la vigueur de la Gentiane et de l\u2019\u00c9corce d\u2019Angostura, offrant une amertume noble et ancestrale. Mais c\u2019est au c\u0153ur de la d\u00e9gustation que la magie op\u00e8re : le piquant vibrant et presque tactile du Poivre de Sichuan cr\u00e9e un court-circuit sensoriel, imm\u00e9diatement rafra\u00eechi par une trace de Menthe Naturelle et par les notes tanniques et nettes du Th\u00e9 Vert.<\/p>\n<p><strong>LA FINALE |<\/strong><br \/>\nLa finale est longue, persistante et profond\u00e9ment aromatique.<br \/>\nLa note torr\u00e9fi\u00e9e de la Noix s\u2019unit \u00e0 la chaleur du Piment, laissant un souvenir \u00e9pic\u00e9 et l\u00e9g\u00e8rement piquant qui invite \u00e0 une nouvelle, in\u00e9vitable gorg\u00e9e.<\/p>\n","protected":false},"excerpt":{"rendered":"<p>70 CL | Degr\u00e9 d\u2019alcool 28%<\/p>\n<p><strong>DISPONIBLE \u00c0 PARTIR DU 31 MARS<\/strong><\/p>\n","protected":false},"featured_media":11773,"template":"","meta":[],"product_brand":[],"product_cat":[297,305],"product_tag":[],"class_list":{"0":"post-11770","1":"product","2":"type-product","3":"status-publish","4":"has-post-thumbnail","6":"product_cat-amaro-fr-2","7":"product_cat-box-2-fr","9":"first","10":"instock","11":"taxable","12":"shipping-taxable","13":"purchasable","14":"product-type-simple"},"_links":{"self":[{"href":"https:\/\/jrose.it\/fr\/wp-json\/wp\/v2\/product\/11770","targetHints":{"allow":["GET"]}}],"collection":[{"href":"https:\/\/jrose.it\/fr\/wp-json\/wp\/v2\/product"}],"about":[{"href":"https:\/\/jrose.it\/fr\/wp-json\/wp\/v2\/types\/product"}],"wp:featuredmedia":[{"embeddable":true,"href":"https:\/\/jrose.it\/fr\/wp-json\/wp\/v2\/media\/11773"}],"wp:attachment":[{"href":"https:\/\/jrose.it\/fr\/wp-json\/wp\/v2\/media?parent=11770"}],"wp:term":[{"taxonomy":"product_brand","embeddable":true,"href":"https:\/\/jrose.it\/fr\/wp-json\/wp\/v2\/product_brand?post=11770"},{"taxonomy":"product_cat","embeddable":true,"href":"https:\/\/jrose.it\/fr\/wp-json\/wp\/v2\/product_cat?post=11770"},{"taxonomy":"product_tag","embeddable":true,"href":"https:\/\/jrose.it\/fr\/wp-json\/wp\/v2\/product_tag?post=11770"}],"curies":[{"name":"wp","href":"https:\/\/api.w.org\/{rel}","templated":true}]}}